{"id":53628,"date":"2026-04-03T00:02:11","date_gmt":"2026-04-02T21:02:11","guid":{"rendered":"http:\/\/new.ceasuri.md\/shop\/uncategorized\/casio-g-shock-gbm-2100a-1a2er\/"},"modified":"2026-04-07T04:45:40","modified_gmt":"2026-04-07T01:45:40","slug":"casio-g-shock-gbm-2100a-1a2er","status":"publish","type":"product","link":"https:\/\/ceasuri.md\/ru\/shop\/branduri\/casio\/casio-g-shock-gbm-2100a-1a2er\/","title":{"rendered":"Ceas CASIO G-SHOCK GBM-2100A-1A2ER"},"content":{"rendered":"<p>Curajul \u00eembr\u0103cat \u00een metal se \u00eent\u00e2lne\u0219te cu str\u0103lucirea rafinat\u0103 \u00een modelul GBM2100, care ofer\u0103 Smartphone Link prin Bluetooth\u00ae \u0219i sistemul de \u00eenc\u0103rcare Tough Solar, toate acestea \u00eentr-un design metalic atent elaborat, cu o ram\u0103 octogonal\u0103 iconic\u0103.<\/p>\n<p>Bine a\u021bi venit la un nivel complet nou de func\u021bionalitate &#8211; construc\u021bie durabil\u0103 \u0219i design elegant \u00eentr-un ceas care trece f\u0103r\u0103 probleme de la set\u0103rile de zi cu zi la \u00eent\u00e2lnirile de afaceri.<\/p>\n<p>Alimentare cu energie solar\u0103 Tough Solar &#8211; baterii solare de mare putere. Indicator de \u00eenc\u0103rcare a bateriei. Func\u021bie de economisire automat\u0103 a energiei. Durata de func\u021bionare a bateriei f\u0103r\u0103 re\u00eenc\u0103rcare &#8211; 7 luni, cu func\u021bia de economisire a energiei activat\u0103 &#8211; 18 luni.<\/p>\n<p>Tehnologie wireless Bluetooth\u00ae cu consum de energie extrem de redus pentru sincronizarea cu smartphone-ul. C\u00e2nd este conectat la smartphone, ceasul ajusteaz\u0103 automat ora curent\u0103, inclusiv trecerea la ora de iarn\u0103\/var\u0103, \u0219i copiaz\u0103 set\u0103rile orei mondiale pentru peste 300 de ora\u0219e. Func\u021bii de c\u0103utare a telefonului, oprire\/pornire a sunetului \u0219i deplasare a acelor pentru vizualizarea f\u0103r\u0103 obstacole a informa\u021biilor pe afi\u0219ajele digitale.<\/p>\n<p>Format de timp de 12 \u0219i 24 de ore. Cronometru cu dou\u0103 precizii de afi\u0219are: 1\/100 s (p\u00e2n\u0103 la 1 or\u0103) \u0219i 1 s (dup\u0103 1 or\u0103) \u0219i timp de m\u0103surare de 24 de ore. Cronometru cu num\u0103r\u0103toare invers\u0103 de la 1 s la 1 or\u0103. Ora mondial\u0103 \u2013 38 de ora\u0219e (38 de fusuri orare), ora coordonat\u0103 universal\u0103 (UTC).<\/p>","protected":false},"excerpt":{"rendered":"<p>Curajul \u00eembr\u0103cat \u00een metal se \u00eent\u00e2lne\u0219te cu str\u0103lucirea rafinat\u0103 \u00een modelul GBM2100, care ofer\u0103 Smartphone Link prin Bluetooth\u00ae \u0219i sistemul de \u00eenc\u0103rcare Tough Solar, toate acestea \u00eentr-un design metalic atent elaborat, cu o ram\u0103 octogonal\u0103 iconic\u0103. Bine a\u021bi venit la un nivel complet nou de func\u021bionalitate &#8211; construc\u021bie durabil\u0103 \u0219i design elegant \u00eentr-un ceas care [&hellip;]<\/p>\n","protected":false},"featured_media":53629,"comment_status":"closed","ping_status":"open","template":"","meta":{"_acf_changed":false},"product_brand":[],"product_cat":[27,20,419],"product_tag":[],"class_list":{"0":"post-53628","1":"product","2":"type-product","3":"status-publish","4":"has-post-thumbnail","6":"product_cat-casio","7":"product_cat-ceasuri-barbati","8":"product_cat-g-shock","9":"pa_brand-casio","10":"pa_brand-g-shock","11":"pa_braslet-cauciuc","12":"pa_corpus-44x49mm","13":"pa_forma-octogonala","14":"pa_funcii-alarma","15":"pa_funcii-bluetooth-smart","16":"pa_funcii-calendar","17":"pa_funcii-cronometru","18":"pa_funcii-iluminare","19":"pa_funcii-rezerva-de-energie","20":"pa_funcii-timp-mondial","21":"pa_garatia-24-luni","22":"pa_korpus-argintiu","23":"pa_material-cauciuc","24":"pa_material-otel-inoxidabil","25":"pa_mehanizm-baterie-solara","26":"pa_mehanizm-electronic","27":"pa_mehanizm-quartz","28":"pa_remeshok-negru","29":"pa_steklo-cristal-mineral","30":"pa_strana-japonia","31":"pa_voda-20-atm","33":"first","34":"instock","35":"purchasable","36":"product-type-simple"},"acf":[],"_links":{"self":[{"href":"https:\/\/ceasuri.md\/ru\/wp-json\/wp\/v2\/product\/53628","targetHints":{"allow":["GET"]}}],"collection":[{"href":"https:\/\/ceasuri.md\/ru\/wp-json\/wp\/v2\/product"}],"about":[{"href":"https:\/\/ceasuri.md\/ru\/wp-json\/wp\/v2\/types\/product"}],"replies":[{"embeddable":true,"href":"https:\/\/ceasuri.md\/ru\/wp-json\/wp\/v2\/comments?post=53628"}],"wp:featuredmedia":[{"embeddable":true,"href":"https:\/\/ceasuri.md\/ru\/wp-json\/wp\/v2\/media\/53629"}],"wp:attachment":[{"href":"https:\/\/ceasuri.md\/ru\/wp-json\/wp\/v2\/media?parent=53628"}],"wp:term":[{"taxonomy":"product_brand","embeddable":true,"href":"https:\/\/ceasuri.md\/ru\/wp-json\/wp\/v2\/product_brand?post=53628"},{"taxonomy":"product_cat","embeddable":true,"href":"https:\/\/ceasuri.md\/ru\/wp-json\/wp\/v2\/product_cat?post=53628"},{"taxonomy":"product_tag","embeddable":true,"href":"https:\/\/ceasuri.md\/ru\/wp-json\/wp\/v2\/product_tag?post=53628"}],"curies":[{"name":"wp","href":"https:\/\/api.w.org\/{rel}","templated":true}]}}