{"id":53620,"date":"2026-04-03T00:01:32","date_gmt":"2026-04-02T21:01:32","guid":{"rendered":"http:\/\/new.ceasuri.md\/shop\/uncategorized\/casio-g-shock-gr-b300-8a2er\/"},"modified":"2026-04-07T04:45:38","modified_gmt":"2026-04-07T01:45:38","slug":"casio-g-shock-gr-b300-8a2er","status":"publish","type":"product","link":"https:\/\/ceasuri.md\/ru\/shop\/branduri\/casio\/casio-g-shock-gr-b300-8a2er\/","title":{"rendered":"Ceas CASIO G-SHOCK GR-B300-8A2ER"},"content":{"rendered":"<p>V\u0103 prezent\u0103m GRAVITYMASTER GR-B300, un dispozitiv profesional inspirat din avia\u021bie, conceput pentru a func\u021biona chiar \u0219i \u00een cele mai dure condi\u021bii, din gama G-SHOCK MASTER of G.<\/p>\n<p>GR-B300 are o construc\u021bie Carbon Core Guard, care asigur\u0103 rezisten\u021ba la \u0219ocuri, rigiditatea \u0219i rezisten\u021ba la coroziune a materialului carbonic utilizat \u00een carcasele avioanelor.<\/p>\n<p>Imagina\u021bi-v\u0103 lumea prin ochii unui pilot cu func\u021bia de memorie a jurnalului de bord pentru \u00eenregistrarea loca\u021biei \u0219i orei curente, precum \u0219i ora dubl\u0103, care afi\u0219eaz\u0103 simultan ora \u00een dou\u0103 fusuri orare. \u00cen plus, atinge\u021bi aplica\u021bia pentru a comuta instantaneu \u00eentre ora local\u0103 \u0219i ora de acas\u0103 \u2014 o func\u021bie practic\u0103 care faciliteaz\u0103 considerabil c\u0103l\u0103toriile \u00een str\u0103in\u0103tate.<\/p>\n<p>Tehnologie wireless Bluetooth\u00ae cu consum energetic extrem de redus pentru sincronizarea cu smartphone-ul. C\u00e2nd este conectat la smartphone, ceasul ajusteaz\u0103 ora curent\u0103, set\u0103rile orei mondiale (p\u00e2n\u0103 la 300 de ora\u0219e) \u0219i permite accesul la jurnalul de zbor. Func\u021bie de c\u0103utare a telefonului.<\/p>\n<p>Alimentare cu energie solar\u0103 Tough Solar &#8211; baterii solare de mare putere. Indicator de \u00eenc\u0103rcare a bateriei. Func\u021bie de economisire automat\u0103 a energiei. Durata de func\u021bionare a bateriei f\u0103r\u0103 re\u00eenc\u0103rcare &#8211; 5 luni, cu func\u021bia de economisire a energiei activat\u0103 &#8211; 18 luni.<\/p>\n<p>Indicatorul rotativ \u00een pozi\u021bia \u201eora 9\u201d arat\u0103 nivelul de \u00eenc\u0103rcare al bateriei, starea alarmei \u0219i cronometrului.<\/p>\n<p>Gama de culori contrastante alb-negru, cu accente luminoase pe cadran \u0219i butoane, aminte\u0219te de tabloul de bord al cabinei pilotului, iar nuan\u021bele \u00eentunecate reflect\u0103 func\u021bionalitatea practic\u0103 a lumii avia\u021biei.<\/p>","protected":false},"excerpt":{"rendered":"<p>V\u0103 prezent\u0103m GRAVITYMASTER GR-B300, un dispozitiv profesional inspirat din avia\u021bie, conceput pentru a func\u021biona chiar \u0219i \u00een cele mai dure condi\u021bii, din gama G-SHOCK MASTER of G. GR-B300 are o construc\u021bie Carbon Core Guard, care asigur\u0103 rezisten\u021ba la \u0219ocuri, rigiditatea \u0219i rezisten\u021ba la coroziune a materialului carbonic utilizat \u00een carcasele avioanelor. Imagina\u021bi-v\u0103 lumea prin ochii [&hellip;]<\/p>\n","protected":false},"featured_media":53621,"comment_status":"closed","ping_status":"open","template":"","meta":{"_acf_changed":false},"product_brand":[],"product_cat":[27,20,419],"product_tag":[],"class_list":{"0":"post-53620","1":"product","2":"type-product","3":"status-publish","4":"has-post-thumbnail","6":"product_cat-casio","7":"product_cat-ceasuri-barbati","8":"product_cat-g-shock","9":"pa_brand-casio","10":"pa_brand-g-shock","11":"pa_braslet-cauciuc","12":"pa_braslet-plastic","13":"pa_corpus-55-mm","14":"pa_forma-rotund","15":"pa_funcii-alarma","16":"pa_funcii-bluetooth-smart","17":"pa_funcii-calendar","18":"pa_funcii-cronometru","19":"pa_funcii-dual-time","20":"pa_funcii-rezerva-de-energie","21":"pa_garatia-24-luni","22":"pa_korpus-gri","23":"pa_material-carbon","24":"pa_material-cauciuc","25":"pa_mehanizm-baterie-solara","26":"pa_mehanizm-quartz","27":"pa_remeshok-gri","28":"pa_steklo-cristal-mineral","29":"pa_strana-japonia","30":"pa_voda-20-atm","32":"first","33":"instock","34":"purchasable","35":"product-type-simple"},"acf":[],"_links":{"self":[{"href":"https:\/\/ceasuri.md\/ru\/wp-json\/wp\/v2\/product\/53620","targetHints":{"allow":["GET"]}}],"collection":[{"href":"https:\/\/ceasuri.md\/ru\/wp-json\/wp\/v2\/product"}],"about":[{"href":"https:\/\/ceasuri.md\/ru\/wp-json\/wp\/v2\/types\/product"}],"replies":[{"embeddable":true,"href":"https:\/\/ceasuri.md\/ru\/wp-json\/wp\/v2\/comments?post=53620"}],"wp:featuredmedia":[{"embeddable":true,"href":"https:\/\/ceasuri.md\/ru\/wp-json\/wp\/v2\/media\/53621"}],"wp:attachment":[{"href":"https:\/\/ceasuri.md\/ru\/wp-json\/wp\/v2\/media?parent=53620"}],"wp:term":[{"taxonomy":"product_brand","embeddable":true,"href":"https:\/\/ceasuri.md\/ru\/wp-json\/wp\/v2\/product_brand?post=53620"},{"taxonomy":"product_cat","embeddable":true,"href":"https:\/\/ceasuri.md\/ru\/wp-json\/wp\/v2\/product_cat?post=53620"},{"taxonomy":"product_tag","embeddable":true,"href":"https:\/\/ceasuri.md\/ru\/wp-json\/wp\/v2\/product_tag?post=53620"}],"curies":[{"name":"wp","href":"https:\/\/api.w.org\/{rel}","templated":true}]}}