{"id":53616,"date":"2026-04-03T00:01:32","date_gmt":"2026-04-02T21:01:32","guid":{"rendered":"http:\/\/new.ceasuri.md\/shop\/uncategorized\/casio-collection-la-20whs-2aef\/"},"modified":"2026-04-20T01:33:34","modified_gmt":"2026-04-19T22:33:34","slug":"casio-collection-la-20whs-2aef","status":"publish","type":"product","link":"https:\/\/ceasuri.md\/ru\/shop\/branduri\/casio\/casio-collection-la-20whs-2aef\/","title":{"rendered":"\u0427\u0430\u0441\u044b CASIO COLLECTION LA-20WHS-2AEF"},"content":{"rendered":"<p>Noua gam\u0103 de culori a ceasurilor este creat\u0103 pentru cei care doresc s\u0103 fie mereu la mod\u0103. Exprima\u021bi-v\u0103 natura \u00eendr\u0103znea\u021b\u0103 \u0219i rafinat\u0103 cu ajutorul combina\u021biei str\u0103lucitoare dintre carcas\u0103 \u0219i curea semitransparent\u0103.<\/p>\n<p>Aceste ceasuri digitale sunt u\u0219or \u0219i confortabil de purtat \u0219i au toate func\u021biile necesare, inclusiv iluminare cu LED, cronometru, calendar \u0219i alarm\u0103.<\/p>\n<p>Curea cu \u00eenchiz\u0103toare clasic\u0103.<\/p>","protected":false},"excerpt":{"rendered":"<p>Noua gam\u0103 de culori a ceasurilor este creat\u0103 pentru cei care doresc s\u0103 fie mereu la mod\u0103. Exprima\u021bi-v\u0103 natura \u00eendr\u0103znea\u021b\u0103 \u0219i rafinat\u0103 cu ajutorul combina\u021biei str\u0103lucitoare dintre carcas\u0103 \u0219i curea semitransparent\u0103. Aceste ceasuri digitale sunt u\u0219or \u0219i confortabil de purtat \u0219i au toate func\u021biile necesare, inclusiv iluminare cu LED, cronometru, calendar \u0219i alarm\u0103. Curea cu [&hellip;]<\/p>\n","protected":false},"featured_media":53617,"comment_status":"closed","ping_status":"open","template":"","meta":{"_acf_changed":false},"product_brand":[],"product_cat":[27,564,20,25],"product_tag":[],"class_list":{"0":"post-53616","1":"product","2":"type-product","3":"status-publish","4":"has-post-thumbnail","6":"product_cat-casio","7":"product_cat-ceas-pentru-copii","8":"product_cat-ceasuri-barbati","9":"product_cat-ceasuri-dama","10":"pa_brand-casio","11":"pa_braslet-plastic","12":"pa_corpus-30x35mm","13":"pa_forma-octogonala","14":"pa_funcii-alarma","15":"pa_funcii-calendar","16":"pa_funcii-cronometru","17":"pa_funcii-iluminare","18":"pa_garatia-24-luni","19":"pa_korpus-albastru","20":"pa_kvarc-quartz","21":"pa_material-plastic","22":"pa_mehanizm-electronic","23":"pa_mehanizm-quartz","24":"pa_remeshok-albastru","25":"pa_remeshok-transparent","26":"pa_steklo-plastic","27":"pa_strana-japonia","28":"pa_voda-3-atm","30":"first","31":"instock","32":"purchasable","33":"product-type-simple"},"acf":[],"_links":{"self":[{"href":"https:\/\/ceasuri.md\/ru\/wp-json\/wp\/v2\/product\/53616","targetHints":{"allow":["GET"]}}],"collection":[{"href":"https:\/\/ceasuri.md\/ru\/wp-json\/wp\/v2\/product"}],"about":[{"href":"https:\/\/ceasuri.md\/ru\/wp-json\/wp\/v2\/types\/product"}],"replies":[{"embeddable":true,"href":"https:\/\/ceasuri.md\/ru\/wp-json\/wp\/v2\/comments?post=53616"}],"wp:featuredmedia":[{"embeddable":true,"href":"https:\/\/ceasuri.md\/ru\/wp-json\/wp\/v2\/media\/53617"}],"wp:attachment":[{"href":"https:\/\/ceasuri.md\/ru\/wp-json\/wp\/v2\/media?parent=53616"}],"wp:term":[{"taxonomy":"product_brand","embeddable":true,"href":"https:\/\/ceasuri.md\/ru\/wp-json\/wp\/v2\/product_brand?post=53616"},{"taxonomy":"product_cat","embeddable":true,"href":"https:\/\/ceasuri.md\/ru\/wp-json\/wp\/v2\/product_cat?post=53616"},{"taxonomy":"product_tag","embeddable":true,"href":"https:\/\/ceasuri.md\/ru\/wp-json\/wp\/v2\/product_tag?post=53616"}],"curies":[{"name":"wp","href":"https:\/\/api.w.org\/{rel}","templated":true}]}}