{"id":53578,"date":"2026-04-03T00:01:32","date_gmt":"2026-04-02T21:01:32","guid":{"rendered":"http:\/\/new.ceasuri.md\/shop\/uncategorized\/fossil-jewelry-jf04616710\/"},"modified":"2026-04-20T01:31:49","modified_gmt":"2026-04-19T22:31:49","slug":"fossil-jewelry-jf04616710","status":"publish","type":"product","link":"https:\/\/ceasuri.md\/ru\/shop\/accesorii\/accesorii-barbati\/bratari-accesorii-barbati\/fossil-jewelry-jf04616710\/","title":{"rendered":"FOSSIL JEWELRY JF04616710"},"content":{"rendered":"<p>\u00cen 1984, compania Fossil a \u00eenceput s\u0103 produc\u0103 bijuterii. Aceste bijuterii trebuiau s\u0103 fie realizate din materiale naturale \u0219i, pe l\u00e2ng\u0103 designul la mod\u0103, s\u0103 reflecte stilul clasic.<\/p>\n<p>Bijuteriile Fossil sunt create pentru persoanele care urm\u0103resc tendin\u021bele modei, sunt sigure pe ele \u0219i \u0219tiu ce vor.<\/p>\n<p>Datorit\u0103 viziunii largi asupra viitorului, care se observ\u0103 odat\u0103 cu lansarea noilor colec\u021bii, Fossil are milioane de fani fideli.<\/p>\n<p>Aceast\u0103 br\u0103\u021bar\u0103, care poate fi purtat\u0103 singur\u0103 sau suprapus\u0103 cu alte lan\u021buri preferate, este realizat\u0103 din o\u021bel inoxidabil auriu \u0219i are o \u00eenchidere tip lobster.<\/p>","protected":false},"excerpt":{"rendered":"<p>\u00cen 1984, compania Fossil a \u00eenceput s\u0103 produc\u0103 bijuterii. Aceste bijuterii trebuiau s\u0103 fie realizate din materiale naturale \u0219i, pe l\u00e2ng\u0103 designul la mod\u0103, s\u0103 reflecte stilul clasic. Bijuteriile Fossil sunt create pentru persoanele care urm\u0103resc tendin\u021bele modei, sunt sigure pe ele \u0219i \u0219tiu ce vor. Datorit\u0103 viziunii largi asupra viitorului, care se observ\u0103 odat\u0103 [&hellip;]<\/p>\n","protected":false},"featured_media":53579,"comment_status":"closed","ping_status":"open","template":"","meta":{"_acf_changed":false},"product_brand":[],"product_cat":[582,396],"product_tag":[],"class_list":{"0":"post-53578","1":"product","2":"type-product","3":"status-publish","4":"has-post-thumbnail","6":"product_cat-bratari-accesorii-barbati","7":"product_cat-fossil","8":"pa_brand-fossil","9":"pa_corpus-22-cm","10":"pa_korpus-auriu","11":"pa_material-otel-inoxidabil","12":"pa_strana-sua","14":"first","15":"instock","16":"purchasable","17":"product-type-simple"},"acf":[],"_links":{"self":[{"href":"https:\/\/ceasuri.md\/ru\/wp-json\/wp\/v2\/product\/53578","targetHints":{"allow":["GET"]}}],"collection":[{"href":"https:\/\/ceasuri.md\/ru\/wp-json\/wp\/v2\/product"}],"about":[{"href":"https:\/\/ceasuri.md\/ru\/wp-json\/wp\/v2\/types\/product"}],"replies":[{"embeddable":true,"href":"https:\/\/ceasuri.md\/ru\/wp-json\/wp\/v2\/comments?post=53578"}],"wp:featuredmedia":[{"embeddable":true,"href":"https:\/\/ceasuri.md\/ru\/wp-json\/wp\/v2\/media\/53579"}],"wp:attachment":[{"href":"https:\/\/ceasuri.md\/ru\/wp-json\/wp\/v2\/media?parent=53578"}],"wp:term":[{"taxonomy":"product_brand","embeddable":true,"href":"https:\/\/ceasuri.md\/ru\/wp-json\/wp\/v2\/product_brand?post=53578"},{"taxonomy":"product_cat","embeddable":true,"href":"https:\/\/ceasuri.md\/ru\/wp-json\/wp\/v2\/product_cat?post=53578"},{"taxonomy":"product_tag","embeddable":true,"href":"https:\/\/ceasuri.md\/ru\/wp-json\/wp\/v2\/product_tag?post=53578"}],"curies":[{"name":"wp","href":"https:\/\/api.w.org\/{rel}","templated":true}]}}