{"id":53547,"date":"2026-04-03T00:00:42","date_gmt":"2026-04-02T21:00:42","guid":{"rendered":"http:\/\/new.ceasuri.md\/shop\/uncategorized\/michael-kors-slim-runway-mk9149\/"},"modified":"2026-04-20T01:31:38","modified_gmt":"2026-04-19T22:31:38","slug":"michael-kors-slim-runway-mk9149","status":"publish","type":"product","link":"https:\/\/ceasuri.md\/ru\/shop\/branduri\/michael-kors\/michael-kors-slim-runway-mk9149\/","title":{"rendered":"\u0427\u0430\u0441\u044b MICHAEL KORS SLIM RUNWAY MK9149"},"content":{"rendered":"<p>Ceasurile Michael Kors nu sunt doar elegante \u0219i solide, ci \u0219i accesorii destul de fiabile, care corespund celor mai \u00eenalte standarde ale pie\u021bei ceasurilor. Carcasele \u0219i cadranele se disting prin simplitate \u0219i sobrietate. De aceea, ceasurile Michael Kors completeaz\u0103 cel mai adesea stilul business.<\/p>\n<p>Ceasurile Runway, care au fost \u00eentotdeauna preferate, au primit o actualizare stilat\u0103. Cadranul luxos de culoare verde \u00eenchis \u0219i indicatoarele minimaliste creeaz\u0103 un aspect modern, iar designul bicolor din o\u021bel inoxidabil adaug\u0103 versatilitate \u021binutelor preferate.<\/p>","protected":false},"excerpt":{"rendered":"<p>Ceasurile Michael Kors nu sunt doar elegante \u0219i solide, ci \u0219i accesorii destul de fiabile, care corespund celor mai \u00eenalte standarde ale pie\u021bei ceasurilor. Carcasele \u0219i cadranele se disting prin simplitate \u0219i sobrietate. De aceea, ceasurile Michael Kors completeaz\u0103 cel mai adesea stilul business. Ceasurile Runway, care au fost \u00eentotdeauna preferate, au primit o actualizare [&hellip;]<\/p>\n","protected":false},"featured_media":53548,"comment_status":"closed","ping_status":"open","template":"","meta":{"_acf_changed":false},"product_brand":[],"product_cat":[20,616],"product_tag":[],"class_list":{"0":"post-53547","1":"product","2":"type-product","3":"status-publish","4":"has-post-thumbnail","6":"product_cat-ceasuri-barbati","7":"product_cat-michael-kors","8":"pa_brand-michael-kors","9":"pa_braslet-otel-inoxidabil","10":"pa_corpus-44-mm","11":"pa_forma-rotund","12":"pa_garatia-24-luni","13":"pa_korpus-bicolor","14":"pa_kvarc-quartz","15":"pa_material-otel-inoxidabil","16":"pa_mehanizm-quartz","17":"pa_remeshok-bicolor","18":"pa_steklo-cristal-mineral","19":"pa_strana-sua","20":"pa_voda-5-atm","22":"first","23":"instock","24":"purchasable","25":"product-type-simple"},"acf":[],"_links":{"self":[{"href":"https:\/\/ceasuri.md\/ru\/wp-json\/wp\/v2\/product\/53547","targetHints":{"allow":["GET"]}}],"collection":[{"href":"https:\/\/ceasuri.md\/ru\/wp-json\/wp\/v2\/product"}],"about":[{"href":"https:\/\/ceasuri.md\/ru\/wp-json\/wp\/v2\/types\/product"}],"replies":[{"embeddable":true,"href":"https:\/\/ceasuri.md\/ru\/wp-json\/wp\/v2\/comments?post=53547"}],"wp:featuredmedia":[{"embeddable":true,"href":"https:\/\/ceasuri.md\/ru\/wp-json\/wp\/v2\/media\/53548"}],"wp:attachment":[{"href":"https:\/\/ceasuri.md\/ru\/wp-json\/wp\/v2\/media?parent=53547"}],"wp:term":[{"taxonomy":"product_brand","embeddable":true,"href":"https:\/\/ceasuri.md\/ru\/wp-json\/wp\/v2\/product_brand?post=53547"},{"taxonomy":"product_cat","embeddable":true,"href":"https:\/\/ceasuri.md\/ru\/wp-json\/wp\/v2\/product_cat?post=53547"},{"taxonomy":"product_tag","embeddable":true,"href":"https:\/\/ceasuri.md\/ru\/wp-json\/wp\/v2\/product_tag?post=53547"}],"curies":[{"name":"wp","href":"https:\/\/api.w.org\/{rel}","templated":true}]}}