{"id":53542,"date":"2024-07-03T09:29:36","date_gmt":"2024-07-03T06:29:36","guid":{"rendered":"http:\/\/new.ceasuri.md\/shop\/uncategorized\/michael-kors-lexington-mk9154\/"},"modified":"2026-05-01T18:37:51","modified_gmt":"2026-05-01T15:37:51","slug":"michael-kors-lexington-mk9154","status":"publish","type":"product","link":"https:\/\/ceasuri.md\/ru\/shop\/branduri\/michael-kors\/michael-kors-lexington-mk9154\/","title":{"rendered":"\u0427\u0430\u0441\u044b MICHAEL KORS LEXINGTON MK9154"},"content":{"rendered":"<p>Acest ceas \u00eembin\u0103 stilul rafinat \u0219i calitatea superioar\u0103, complet\u00e2nd perfect orice \u021binut\u0103.<\/p>\n<p>Ceas cronograf cu cronometru. Carcas\u0103 rotund\u0103 din o\u021bel cu acoperire PVD neagr\u0103. Lunet\u0103 canelat\u0103.<\/p>\n<p>Cadranul este realizat cu tehnologia Sunray (raze de soare) \u0219i protejat cu sticl\u0103 mineral\u0103. Indicatoare sub form\u0103 de linii \u0219i cifra roman\u0103 XII. Pe marginea cadranului este aplicat\u0103 scala minutelor.<\/p>\n<p>Format de timp de 12 \u0219i 24 de ore. Fereastra de dat\u0103 se afl\u0103 \u00eentre marcajele de la ora 4 \u0219i ora 5.<\/p>\n<p>Br\u0103\u021bar\u0103 din o\u021bel cu acoperire PVD neagr\u0103 \u0219i \u00eenchiz\u0103toare pliabil\u0103.<\/p>","protected":false},"excerpt":{"rendered":"<p>Acest ceas \u00eembin\u0103 stilul rafinat \u0219i calitatea superioar\u0103, complet\u00e2nd perfect orice \u021binut\u0103. Ceas cronograf cu cronometru. Carcas\u0103 rotund\u0103 din o\u021bel cu acoperire PVD neagr\u0103. Lunet\u0103 canelat\u0103. Cadranul este realizat cu tehnologia Sunray (raze de soare) \u0219i protejat cu sticl\u0103 mineral\u0103. Indicatoare sub form\u0103 de linii \u0219i cifra roman\u0103 XII. Pe marginea cadranului este aplicat\u0103 scala [&hellip;]<\/p>\n","protected":false},"featured_media":53543,"comment_status":"closed","ping_status":"open","template":"","meta":{"_acf_changed":false},"product_brand":[],"product_cat":[20,616],"product_tag":[],"class_list":{"0":"post-53542","1":"product","2":"type-product","3":"status-publish","4":"has-post-thumbnail","6":"product_cat-ceasuri-barbati","7":"product_cat-michael-kors","8":"pa_brand-michael-kors","9":"pa_braslet-otel-inoxidabil","10":"pa_corpus-44-mm","11":"pa_forma-rotund","12":"pa_funcii-cronograf","13":"pa_funcii-data","14":"pa_funcii-total-black","15":"pa_garatia-24-luni","16":"pa_korpus-negru","17":"pa_kvarc-quartz","18":"pa_material-otel-inoxidabil","19":"pa_mehanizm-quartz","20":"pa_remeshok-negru","21":"pa_steklo-cristal-mineral","22":"pa_strana-sua","23":"pa_voda-10-atm","25":"first","26":"instock","27":"purchasable","28":"product-type-simple"},"acf":[],"_links":{"self":[{"href":"https:\/\/ceasuri.md\/ru\/wp-json\/wp\/v2\/product\/53542","targetHints":{"allow":["GET"]}}],"collection":[{"href":"https:\/\/ceasuri.md\/ru\/wp-json\/wp\/v2\/product"}],"about":[{"href":"https:\/\/ceasuri.md\/ru\/wp-json\/wp\/v2\/types\/product"}],"replies":[{"embeddable":true,"href":"https:\/\/ceasuri.md\/ru\/wp-json\/wp\/v2\/comments?post=53542"}],"wp:featuredmedia":[{"embeddable":true,"href":"https:\/\/ceasuri.md\/ru\/wp-json\/wp\/v2\/media\/53543"}],"wp:attachment":[{"href":"https:\/\/ceasuri.md\/ru\/wp-json\/wp\/v2\/media?parent=53542"}],"wp:term":[{"taxonomy":"product_brand","embeddable":true,"href":"https:\/\/ceasuri.md\/ru\/wp-json\/wp\/v2\/product_brand?post=53542"},{"taxonomy":"product_cat","embeddable":true,"href":"https:\/\/ceasuri.md\/ru\/wp-json\/wp\/v2\/product_cat?post=53542"},{"taxonomy":"product_tag","embeddable":true,"href":"https:\/\/ceasuri.md\/ru\/wp-json\/wp\/v2\/product_tag?post=53542"}],"curies":[{"name":"wp","href":"https:\/\/api.w.org\/{rel}","templated":true}]}}