{"id":53531,"date":"2024-07-03T09:29:35","date_gmt":"2024-07-03T06:29:35","guid":{"rendered":"http:\/\/new.ceasuri.md\/shop\/uncategorized\/michael-kors-slim-runway-mk8625\/"},"modified":"2026-05-01T18:37:47","modified_gmt":"2026-05-01T15:37:47","slug":"michael-kors-slim-runway-mk8625","status":"publish","type":"product","link":"https:\/\/ceasuri.md\/ru\/shop\/branduri\/michael-kors\/michael-kors-slim-runway-mk8625\/","title":{"rendered":"\u0427\u0430\u0441\u044b MICHAEL KORS SLIM RUNWAY MK8625"},"content":{"rendered":"<p>Ceasul cu un design minimalist \u0219i elegant este ideal at\u00e2t pentru uzul zilnic, c\u00e2t \u0219i pentru ocazii speciale.<\/p>\n<p>Carcas\u0103 rotund\u0103 din o\u021bel cu acoperire PVD de culoare auriu galben.<\/p>\n<p>Cadranul este realizat cu tehnologia Sunray (raze de soare) \u0219i protejat cu sticl\u0103 mineral\u0103. Indicatoare sub form\u0103 de linii.<\/p>\n<p>Br\u0103\u021bar\u0103 din o\u021bel cu \u00eempletitur\u0103 milanez\u0103, cu acoperire PVD de culoarea aurului galben.<\/p>","protected":false},"excerpt":{"rendered":"<p>Ceasul cu un design minimalist \u0219i elegant este ideal at\u00e2t pentru uzul zilnic, c\u00e2t \u0219i pentru ocazii speciale. Carcas\u0103 rotund\u0103 din o\u021bel cu acoperire PVD de culoare auriu galben. Cadranul este realizat cu tehnologia Sunray (raze de soare) \u0219i protejat cu sticl\u0103 mineral\u0103. Indicatoare sub form\u0103 de linii. Br\u0103\u021bar\u0103 din o\u021bel cu \u00eempletitur\u0103 milanez\u0103, cu [&hellip;]<\/p>\n","protected":false},"featured_media":53532,"comment_status":"closed","ping_status":"open","template":"","meta":{"_acf_changed":false},"product_brand":[],"product_cat":[20,616],"product_tag":[],"class_list":{"0":"post-53531","1":"product","2":"type-product","3":"status-publish","4":"has-post-thumbnail","6":"product_cat-ceasuri-barbati","7":"product_cat-michael-kors","8":"pa_brand-michael-kors","9":"pa_braslet-otel-inoxidabil","10":"pa_corpus-44-mm","11":"pa_forma-rotund","12":"pa_garatia-24-luni","13":"pa_korpus-auriu","14":"pa_kvarc-quartz","15":"pa_material-otel-inoxidabil","16":"pa_mehanizm-quartz","17":"pa_remeshok-auriu","18":"pa_steklo-cristal-mineral","19":"pa_strana-sua","20":"pa_voda-5-atm","22":"first","23":"instock","24":"purchasable","25":"product-type-simple"},"acf":[],"_links":{"self":[{"href":"https:\/\/ceasuri.md\/ru\/wp-json\/wp\/v2\/product\/53531","targetHints":{"allow":["GET"]}}],"collection":[{"href":"https:\/\/ceasuri.md\/ru\/wp-json\/wp\/v2\/product"}],"about":[{"href":"https:\/\/ceasuri.md\/ru\/wp-json\/wp\/v2\/types\/product"}],"replies":[{"embeddable":true,"href":"https:\/\/ceasuri.md\/ru\/wp-json\/wp\/v2\/comments?post=53531"}],"wp:featuredmedia":[{"embeddable":true,"href":"https:\/\/ceasuri.md\/ru\/wp-json\/wp\/v2\/media\/53532"}],"wp:attachment":[{"href":"https:\/\/ceasuri.md\/ru\/wp-json\/wp\/v2\/media?parent=53531"}],"wp:term":[{"taxonomy":"product_brand","embeddable":true,"href":"https:\/\/ceasuri.md\/ru\/wp-json\/wp\/v2\/product_brand?post=53531"},{"taxonomy":"product_cat","embeddable":true,"href":"https:\/\/ceasuri.md\/ru\/wp-json\/wp\/v2\/product_cat?post=53531"},{"taxonomy":"product_tag","embeddable":true,"href":"https:\/\/ceasuri.md\/ru\/wp-json\/wp\/v2\/product_tag?post=53531"}],"curies":[{"name":"wp","href":"https:\/\/api.w.org\/{rel}","templated":true}]}}