{"id":53526,"date":"2026-04-03T00:00:42","date_gmt":"2026-04-02T21:00:42","guid":{"rendered":"http:\/\/new.ceasuri.md\/shop\/uncategorized\/michael-kors-runway-mk9075\/"},"modified":"2026-04-17T14:43:43","modified_gmt":"2026-04-17T11:43:43","slug":"michael-kors-runway-mk9075","status":"publish","type":"product","link":"https:\/\/ceasuri.md\/ru\/shop\/branduri\/michael-kors\/michael-kors-runway-mk9075\/","title":{"rendered":"Ceas MICHAEL KORS RUNWAY MK9075"},"content":{"rendered":"<p>Ceasurile Michael Kors nu sunt doar elegante \u0219i solide, ci \u0219i accesorii destul de fiabile, care corespund celor mai \u00eenalte standarde ale pie\u021bei ceasurilor. Carcasele \u0219i cadranele se disting prin simplitate \u0219i sobrietate. De aceea, ceasurile Michael Kors completeaz\u0103 cel mai adesea stilul business.<\/p>\n<p>Ceas cronograf cu cronometru. Fereastra de dat\u0103 \u00eentre orele 4 \u0219i 5. Format de timp 12\/24 ore.<\/p>\n<p>Carcasa rotund\u0103 este realizat\u0103 din o\u021bel inoxidabil cu acoperire par\u021bial\u0103 PVD de culoare auriu galben.<\/p>\n<p>Br\u0103\u021bar\u0103 din o\u021bel cu acoperire par\u021bial\u0103 \u0219i \u00eenchiz\u0103toare pliabil\u0103.<\/p>\n<p>Rezisten\u021b\u0103 la ap\u0103 100 m.<\/p>","protected":false},"excerpt":{"rendered":"<p>Ceasurile Michael Kors nu sunt doar elegante \u0219i solide, ci \u0219i accesorii destul de fiabile, care corespund celor mai \u00eenalte standarde ale pie\u021bei ceasurilor. Carcasele \u0219i cadranele se disting prin simplitate \u0219i sobrietate. De aceea, ceasurile Michael Kors completeaz\u0103 cel mai adesea stilul business. Ceas cronograf cu cronometru. Fereastra de dat\u0103 \u00eentre orele 4 \u0219i [&hellip;]<\/p>\n","protected":false},"featured_media":53527,"comment_status":"closed","ping_status":"open","template":"","meta":{"_acf_changed":false},"product_brand":[],"product_cat":[20,616],"product_tag":[],"class_list":{"0":"post-53526","1":"product","2":"type-product","3":"status-publish","4":"has-post-thumbnail","6":"product_cat-ceasuri-barbati","7":"product_cat-michael-kors","8":"pa_brand-michael-kors","9":"pa_braslet-otel-inoxidabil","10":"pa_corpus-45-mm","11":"pa_forma-rotund","12":"pa_funcii-cronograf","13":"pa_funcii-data","14":"pa_garatia-24-luni","15":"pa_korpus-bicolor","16":"pa_kvarc-quartz","17":"pa_material-otel-inoxidabil","18":"pa_mehanizm-quartz","19":"pa_remeshok-bicolor","20":"pa_steklo-cristal-mineral","21":"pa_strana-sua","22":"pa_voda-10-atm","24":"first","25":"instock","26":"purchasable","27":"product-type-simple"},"acf":[],"_links":{"self":[{"href":"https:\/\/ceasuri.md\/ru\/wp-json\/wp\/v2\/product\/53526","targetHints":{"allow":["GET"]}}],"collection":[{"href":"https:\/\/ceasuri.md\/ru\/wp-json\/wp\/v2\/product"}],"about":[{"href":"https:\/\/ceasuri.md\/ru\/wp-json\/wp\/v2\/types\/product"}],"replies":[{"embeddable":true,"href":"https:\/\/ceasuri.md\/ru\/wp-json\/wp\/v2\/comments?post=53526"}],"wp:featuredmedia":[{"embeddable":true,"href":"https:\/\/ceasuri.md\/ru\/wp-json\/wp\/v2\/media\/53527"}],"wp:attachment":[{"href":"https:\/\/ceasuri.md\/ru\/wp-json\/wp\/v2\/media?parent=53526"}],"wp:term":[{"taxonomy":"product_brand","embeddable":true,"href":"https:\/\/ceasuri.md\/ru\/wp-json\/wp\/v2\/product_brand?post=53526"},{"taxonomy":"product_cat","embeddable":true,"href":"https:\/\/ceasuri.md\/ru\/wp-json\/wp\/v2\/product_cat?post=53526"},{"taxonomy":"product_tag","embeddable":true,"href":"https:\/\/ceasuri.md\/ru\/wp-json\/wp\/v2\/product_tag?post=53526"}],"curies":[{"name":"wp","href":"https:\/\/api.w.org\/{rel}","templated":true}]}}