{"id":53516,"date":"2026-04-03T00:00:42","date_gmt":"2026-04-02T21:00:42","guid":{"rendered":"http:\/\/new.ceasuri.md\/shop\/uncategorized\/michael-kors-everest-mk9079\/"},"modified":"2026-04-20T01:31:37","modified_gmt":"2026-04-19T22:31:37","slug":"michael-kors-everest-mk9079","status":"publish","type":"product","link":"https:\/\/ceasuri.md\/ru\/shop\/branduri\/michael-kors\/michael-kors-everest-mk9079\/","title":{"rendered":"\u0427\u0430\u0441\u044b MICHAEL KORS EVEREST MK9079"},"content":{"rendered":"<p>Completeaz\u0103-\u021bi look-ul cu ceasul u\u0219or \u0219i elegant Michael Kors Everest.<\/p>\n<p>Carcas\u0103 din o\u021bel inoxidabil cu lunet\u0103 sportiv\u0103 zim\u021bat\u0103.<\/p>\n<p>Cadran analogic rotund cu trei ace, detalii texturate \u0219i indici geometrici.<\/p>\n<p>Br\u0103\u021bar\u0103 din o\u021bel inoxidabil cu \u00eenchiz\u0103toare dubl\u0103.<\/p>\n<p>Rezisten\u021b\u0103 la ap\u0103 p\u00e2n\u0103 la 100 de metri.<\/p>","protected":false},"excerpt":{"rendered":"<p>Completeaz\u0103-\u021bi look-ul cu ceasul u\u0219or \u0219i elegant Michael Kors Everest. Carcas\u0103 din o\u021bel inoxidabil cu lunet\u0103 sportiv\u0103 zim\u021bat\u0103. Cadran analogic rotund cu trei ace, detalii texturate \u0219i indici geometrici. Br\u0103\u021bar\u0103 din o\u021bel inoxidabil cu \u00eenchiz\u0103toare dubl\u0103. Rezisten\u021b\u0103 la ap\u0103 p\u00e2n\u0103 la 100 de metri.<\/p>","protected":false},"featured_media":53517,"comment_status":"closed","ping_status":"open","template":"","meta":{"_acf_changed":false},"product_brand":[],"product_cat":[20,616],"product_tag":[],"class_list":{"0":"post-53516","1":"product","2":"type-product","3":"status-publish","4":"has-post-thumbnail","6":"product_cat-ceasuri-barbati","7":"product_cat-michael-kors","8":"pa_brand-michael-kors","9":"pa_braslet-otel-inoxidabil","10":"pa_corpus-40mm","11":"pa_forma-rotund","12":"pa_garatia-24-luni","13":"pa_korpus-argintiu","14":"pa_kvarc-quartz","15":"pa_material-otel-inoxidabil","16":"pa_mehanizm-quartz","17":"pa_remeshok-argintiu","18":"pa_steklo-cristal-mineral","19":"pa_strana-sua","20":"pa_voda-10-atm","22":"first","23":"instock","24":"purchasable","25":"product-type-simple"},"acf":[],"_links":{"self":[{"href":"https:\/\/ceasuri.md\/ru\/wp-json\/wp\/v2\/product\/53516","targetHints":{"allow":["GET"]}}],"collection":[{"href":"https:\/\/ceasuri.md\/ru\/wp-json\/wp\/v2\/product"}],"about":[{"href":"https:\/\/ceasuri.md\/ru\/wp-json\/wp\/v2\/types\/product"}],"replies":[{"embeddable":true,"href":"https:\/\/ceasuri.md\/ru\/wp-json\/wp\/v2\/comments?post=53516"}],"wp:featuredmedia":[{"embeddable":true,"href":"https:\/\/ceasuri.md\/ru\/wp-json\/wp\/v2\/media\/53517"}],"wp:attachment":[{"href":"https:\/\/ceasuri.md\/ru\/wp-json\/wp\/v2\/media?parent=53516"}],"wp:term":[{"taxonomy":"product_brand","embeddable":true,"href":"https:\/\/ceasuri.md\/ru\/wp-json\/wp\/v2\/product_brand?post=53516"},{"taxonomy":"product_cat","embeddable":true,"href":"https:\/\/ceasuri.md\/ru\/wp-json\/wp\/v2\/product_cat?post=53516"},{"taxonomy":"product_tag","embeddable":true,"href":"https:\/\/ceasuri.md\/ru\/wp-json\/wp\/v2\/product_tag?post=53516"}],"curies":[{"name":"wp","href":"https:\/\/api.w.org\/{rel}","templated":true}]}}