{"id":53511,"date":"2026-04-03T00:00:42","date_gmt":"2026-04-02T21:00:42","guid":{"rendered":"http:\/\/new.ceasuri.md\/shop\/uncategorized\/michael-kors-lexington-mk7444\/"},"modified":"2026-04-20T01:31:30","modified_gmt":"2026-04-19T22:31:30","slug":"michael-kors-lexington-mk7444","status":"publish","type":"product","link":"https:\/\/ceasuri.md\/ru\/shop\/branduri\/michael-kors\/michael-kors-lexington-mk7444\/","title":{"rendered":"\u0427\u0430\u0441\u044b MICHAEL KORS LEXINGTON MK7444"},"content":{"rendered":"<p>Puterea fermec\u0103toare a cristalelor din acest accesoriu elegant v\u0103 va permite s\u0103 crea\u021bi un look unic.<\/p>\n<p>Ceas pentru femei cu carcas\u0103 rotund\u0103 din o\u021bel placat\u0103 cu aur roz \u0219i decorat\u0103 cu cristale.<\/p>\n<p>Cadran sidefat cu marcaje sub form\u0103 de linii incrustate cu cristale.<\/p>\n<p>Br\u0103\u021bar\u0103 din o\u021bel placat\u0103 cu aur roz, cu \u00eenchiz\u0103toare pliabil\u0103.<\/p>","protected":false},"excerpt":{"rendered":"<p>Puterea fermec\u0103toare a cristalelor din acest accesoriu elegant v\u0103 va permite s\u0103 crea\u021bi un look unic. Ceas pentru femei cu carcas\u0103 rotund\u0103 din o\u021bel placat\u0103 cu aur roz \u0219i decorat\u0103 cu cristale. Cadran sidefat cu marcaje sub form\u0103 de linii incrustate cu cristale. Br\u0103\u021bar\u0103 din o\u021bel placat\u0103 cu aur roz, cu \u00eenchiz\u0103toare pliabil\u0103.<\/p>","protected":false},"featured_media":53512,"comment_status":"closed","ping_status":"open","template":"","meta":{"_acf_changed":false},"product_brand":[],"product_cat":[25,616],"product_tag":[],"class_list":{"0":"post-53511","1":"product","2":"type-product","3":"status-publish","4":"has-post-thumbnail","6":"product_cat-ceasuri-dama","7":"product_cat-michael-kors","8":"pa_brand-michael-kors","9":"pa_braslet-otel-inoxidabil","10":"pa_corpus-38-mm","11":"pa_decor-cristale-swarowski","12":"pa_forma-rotund","13":"pa_garatia-24-luni","14":"pa_korpus-roz-gold","15":"pa_kvarc-quartz","16":"pa_material-otel-inoxidabil","17":"pa_mehanizm-quartz","18":"pa_remeshok-roz-gold","19":"pa_steklo-cristal-mineral","20":"pa_strana-sua","21":"pa_voda-10-atm","23":"first","24":"instock","25":"purchasable","26":"product-type-simple"},"acf":[],"_links":{"self":[{"href":"https:\/\/ceasuri.md\/ru\/wp-json\/wp\/v2\/product\/53511","targetHints":{"allow":["GET"]}}],"collection":[{"href":"https:\/\/ceasuri.md\/ru\/wp-json\/wp\/v2\/product"}],"about":[{"href":"https:\/\/ceasuri.md\/ru\/wp-json\/wp\/v2\/types\/product"}],"replies":[{"embeddable":true,"href":"https:\/\/ceasuri.md\/ru\/wp-json\/wp\/v2\/comments?post=53511"}],"wp:featuredmedia":[{"embeddable":true,"href":"https:\/\/ceasuri.md\/ru\/wp-json\/wp\/v2\/media\/53512"}],"wp:attachment":[{"href":"https:\/\/ceasuri.md\/ru\/wp-json\/wp\/v2\/media?parent=53511"}],"wp:term":[{"taxonomy":"product_brand","embeddable":true,"href":"https:\/\/ceasuri.md\/ru\/wp-json\/wp\/v2\/product_brand?post=53511"},{"taxonomy":"product_cat","embeddable":true,"href":"https:\/\/ceasuri.md\/ru\/wp-json\/wp\/v2\/product_cat?post=53511"},{"taxonomy":"product_tag","embeddable":true,"href":"https:\/\/ceasuri.md\/ru\/wp-json\/wp\/v2\/product_tag?post=53511"}],"curies":[{"name":"wp","href":"https:\/\/api.w.org\/{rel}","templated":true}]}}