{"id":53491,"date":"2026-04-03T00:00:42","date_gmt":"2026-04-02T21:00:42","guid":{"rendered":"http:\/\/new.ceasuri.md\/shop\/uncategorized\/michael-kors-lennox-mk7391\/"},"modified":"2026-04-20T01:31:30","modified_gmt":"2026-04-19T22:31:30","slug":"michael-kors-lennox-mk7391","status":"publish","type":"product","link":"https:\/\/ceasuri.md\/ru\/shop\/branduri\/michael-kors\/michael-kors-lennox-mk7391\/","title":{"rendered":"\u0427\u0430\u0441\u044b MICHAEL KORS LENNOX MK7391"},"content":{"rendered":"<p>Sublinia\u021bi-v\u0103 imaginea cu ajutorul unui accesoriu clasic.<\/p>\n<p>Ceasuri cu cuar\u021b pentru femei. Carcas\u0103 rotund\u0103 din o\u021bel cu acoperire PVD de culoare auriu galben.<\/p>\n<p>Cadranul este realizat cu tehnologia Sunray (raze de soare) \u0219i protejat cu sticl\u0103 mineral\u0103. Indicatoare sub form\u0103 de cifre romane.<\/p>\n<p>Br\u0103\u021bar\u0103 din o\u021bel cu acoperire PVD \u0219i \u00eenchiz\u0103toare pliabil\u0103.<\/p>","protected":false},"excerpt":{"rendered":"<p>Sublinia\u021bi-v\u0103 imaginea cu ajutorul unui accesoriu clasic. Ceasuri cu cuar\u021b pentru femei. Carcas\u0103 rotund\u0103 din o\u021bel cu acoperire PVD de culoare auriu galben. Cadranul este realizat cu tehnologia Sunray (raze de soare) \u0219i protejat cu sticl\u0103 mineral\u0103. Indicatoare sub form\u0103 de cifre romane. Br\u0103\u021bar\u0103 din o\u021bel cu acoperire PVD \u0219i \u00eenchiz\u0103toare pliabil\u0103.<\/p>","protected":false},"featured_media":53492,"comment_status":"closed","ping_status":"open","template":"","meta":{"_acf_changed":false},"product_brand":[],"product_cat":[25,616],"product_tag":[],"class_list":{"0":"post-53491","1":"product","2":"type-product","3":"status-publish","4":"has-post-thumbnail","6":"product_cat-ceasuri-dama","7":"product_cat-michael-kors","8":"pa_brand-michael-kors","9":"pa_braslet-otel-inoxidabil","10":"pa_corpus-37-mm","11":"pa_forma-rotund","12":"pa_garatia-24-luni","13":"pa_korpus-auriu","14":"pa_kvarc-quartz","15":"pa_material-otel-inoxidabil","16":"pa_mehanizm-quartz","17":"pa_remeshok-auriu","18":"pa_steklo-cristal-mineral","19":"pa_strana-sua","20":"pa_voda-5-atm","22":"first","23":"instock","24":"purchasable","25":"product-type-simple"},"acf":[],"_links":{"self":[{"href":"https:\/\/ceasuri.md\/ru\/wp-json\/wp\/v2\/product\/53491","targetHints":{"allow":["GET"]}}],"collection":[{"href":"https:\/\/ceasuri.md\/ru\/wp-json\/wp\/v2\/product"}],"about":[{"href":"https:\/\/ceasuri.md\/ru\/wp-json\/wp\/v2\/types\/product"}],"replies":[{"embeddable":true,"href":"https:\/\/ceasuri.md\/ru\/wp-json\/wp\/v2\/comments?post=53491"}],"wp:featuredmedia":[{"embeddable":true,"href":"https:\/\/ceasuri.md\/ru\/wp-json\/wp\/v2\/media\/53492"}],"wp:attachment":[{"href":"https:\/\/ceasuri.md\/ru\/wp-json\/wp\/v2\/media?parent=53491"}],"wp:term":[{"taxonomy":"product_brand","embeddable":true,"href":"https:\/\/ceasuri.md\/ru\/wp-json\/wp\/v2\/product_brand?post=53491"},{"taxonomy":"product_cat","embeddable":true,"href":"https:\/\/ceasuri.md\/ru\/wp-json\/wp\/v2\/product_cat?post=53491"},{"taxonomy":"product_tag","embeddable":true,"href":"https:\/\/ceasuri.md\/ru\/wp-json\/wp\/v2\/product_tag?post=53491"}],"curies":[{"name":"wp","href":"https:\/\/api.w.org\/{rel}","templated":true}]}}