{"id":53486,"date":"2026-04-03T00:00:42","date_gmt":"2026-04-02T21:00:42","guid":{"rendered":"http:\/\/new.ceasuri.md\/shop\/uncategorized\/michael-kors-ritz-mk6356\/"},"modified":"2026-04-17T19:38:42","modified_gmt":"2026-04-17T16:38:42","slug":"michael-kors-ritz-mk6356","status":"publish","type":"product","link":"https:\/\/ceasuri.md\/ru\/shop\/branduri\/michael-kors\/michael-kors-ritz-mk6356\/","title":{"rendered":"Ceas MICHAEL KORS RITZ MK6356"},"content":{"rendered":"<p>Designul elegant al acestui accesoriu impecabil va completa cu rafinament \u021binuta dumneavoastr\u0103.<\/p>\n<p>Ceas cronograf cu cronometru. Carcasa rotund\u0103 din o\u021bel \u0219i cadranul sunt decorate cu cristale. Format de afi\u0219are a orei 12 \u0219i 24.<\/p>\n<p>Cadran realizat cu tehnologia Sunray. Marcaje sub form\u0103 de linii. Fereastr\u0103 pentru dat\u0103 \u00eentre marcajele 4 \u0219i 5 ore.<\/p>\n<p>Br\u0103\u021bar\u0103 cu \u00eenchiz\u0103toare pliabil\u0103.<\/p>","protected":false},"excerpt":{"rendered":"<p>Designul elegant al acestui accesoriu impecabil va completa cu rafinament \u021binuta dumneavoastr\u0103. Ceas cronograf cu cronometru. Carcasa rotund\u0103 din o\u021bel \u0219i cadranul sunt decorate cu cristale. Format de afi\u0219are a orei 12 \u0219i 24. Cadran realizat cu tehnologia Sunray. Marcaje sub form\u0103 de linii. Fereastr\u0103 pentru dat\u0103 \u00eentre marcajele 4 \u0219i 5 ore. Br\u0103\u021bar\u0103 cu [&hellip;]<\/p>\n","protected":false},"featured_media":53487,"comment_status":"closed","ping_status":"open","template":"","meta":{"_acf_changed":false},"product_brand":[],"product_cat":[25,616],"product_tag":[],"class_list":{"0":"post-53486","1":"product","2":"type-product","3":"status-publish","4":"has-post-thumbnail","6":"product_cat-ceasuri-dama","7":"product_cat-michael-kors","8":"pa_brand-michael-kors","9":"pa_braslet-otel-inoxidabil","10":"pa_corpus-37-mm","11":"pa_decor-cristale-swarowski","12":"pa_forma-rotund","13":"pa_funcii-cronograf","14":"pa_funcii-data","15":"pa_garatia-24-luni","16":"pa_korpus-auriu","17":"pa_kvarc-quartz","18":"pa_material-otel-inoxidabil","19":"pa_mehanizm-quartz","20":"pa_remeshok-auriu","21":"pa_steklo-cristal-mineral","22":"pa_strana-sua","23":"pa_voda-5-atm","25":"first","26":"instock","27":"purchasable","28":"product-type-simple"},"acf":[],"_links":{"self":[{"href":"https:\/\/ceasuri.md\/ru\/wp-json\/wp\/v2\/product\/53486","targetHints":{"allow":["GET"]}}],"collection":[{"href":"https:\/\/ceasuri.md\/ru\/wp-json\/wp\/v2\/product"}],"about":[{"href":"https:\/\/ceasuri.md\/ru\/wp-json\/wp\/v2\/types\/product"}],"replies":[{"embeddable":true,"href":"https:\/\/ceasuri.md\/ru\/wp-json\/wp\/v2\/comments?post=53486"}],"wp:featuredmedia":[{"embeddable":true,"href":"https:\/\/ceasuri.md\/ru\/wp-json\/wp\/v2\/media\/53487"}],"wp:attachment":[{"href":"https:\/\/ceasuri.md\/ru\/wp-json\/wp\/v2\/media?parent=53486"}],"wp:term":[{"taxonomy":"product_brand","embeddable":true,"href":"https:\/\/ceasuri.md\/ru\/wp-json\/wp\/v2\/product_brand?post=53486"},{"taxonomy":"product_cat","embeddable":true,"href":"https:\/\/ceasuri.md\/ru\/wp-json\/wp\/v2\/product_cat?post=53486"},{"taxonomy":"product_tag","embeddable":true,"href":"https:\/\/ceasuri.md\/ru\/wp-json\/wp\/v2\/product_tag?post=53486"}],"curies":[{"name":"wp","href":"https:\/\/api.w.org\/{rel}","templated":true}]}}