{"id":53467,"date":"2026-04-03T00:00:42","date_gmt":"2026-04-02T21:00:42","guid":{"rendered":"http:\/\/new.ceasuri.md\/shop\/uncategorized\/michael-kors-emery-mk4744\/"},"modified":"2026-04-20T01:31:23","modified_gmt":"2026-04-19T22:31:23","slug":"michael-kors-emery-mk4744","status":"publish","type":"product","link":"https:\/\/ceasuri.md\/ru\/shop\/branduri\/michael-kors\/michael-kors-emery-mk4744\/","title":{"rendered":"\u0427\u0430\u0441\u044b MICHAEL KORS EMERY MK4744"},"content":{"rendered":"<p>Ceasurile de m\u00e2n\u0103 Michael Kors sunt create dup\u0103 regula: practicitate + elegan\u021b\u0103 la mod\u0103 = stil. De aceea, ceasurile acestui designer sunt alese cel mai adesea de persoanele active. Aceste accesorii pot completa imaginea nu numai a unei persoane de afaceri, ci \u0219i a unui fan al stilului casual.<\/p>\n<p>Acest accesoriu fermec\u0103tor, decorat cu cristale elegante, va deveni elementul central al \u021binutei de zi cu zi.<\/p>\n<p>Ceasuri pentru femei cu carcas\u0103 dreptunghiular\u0103 din o\u021bel inoxidabil. Indicatoare sub form\u0103 de cifre romane \u0219i linii.<\/p>\n<p>Br\u0103\u021bar\u0103 cu \u00eenchiz\u0103toare pliabil\u0103.<\/p>","protected":false},"excerpt":{"rendered":"<p>Ceasurile de m\u00e2n\u0103 Michael Kors sunt create dup\u0103 regula: practicitate + elegan\u021b\u0103 la mod\u0103 = stil. De aceea, ceasurile acestui designer sunt alese cel mai adesea de persoanele active. Aceste accesorii pot completa imaginea nu numai a unei persoane de afaceri, ci \u0219i a unui fan al stilului casual. Acest accesoriu fermec\u0103tor, decorat cu cristale [&hellip;]<\/p>\n","protected":false},"featured_media":53468,"comment_status":"closed","ping_status":"open","template":"","meta":{"_acf_changed":false},"product_brand":[],"product_cat":[25,616],"product_tag":[],"class_list":{"0":"post-53467","1":"product","2":"type-product","3":"status-publish","4":"has-post-thumbnail","6":"product_cat-ceasuri-dama","7":"product_cat-michael-kors","8":"pa_brand-michael-kors","9":"pa_braslet-otel-inoxidabil","10":"pa_corpus-18x34-mm","11":"pa_decor-cristale-swarowski","12":"pa_forma-dreptunghiular","13":"pa_garatia-24-luni","14":"pa_korpus-multicolor","15":"pa_kvarc-quartz","16":"pa_material-otel-inoxidabil","17":"pa_mehanizm-quartz","18":"pa_remeshok-multicolor","19":"pa_steklo-cristal-mineral","20":"pa_strana-sua","21":"pa_voda-5-atm","23":"first","24":"instock","25":"purchasable","26":"product-type-simple"},"acf":[],"_links":{"self":[{"href":"https:\/\/ceasuri.md\/ru\/wp-json\/wp\/v2\/product\/53467","targetHints":{"allow":["GET"]}}],"collection":[{"href":"https:\/\/ceasuri.md\/ru\/wp-json\/wp\/v2\/product"}],"about":[{"href":"https:\/\/ceasuri.md\/ru\/wp-json\/wp\/v2\/types\/product"}],"replies":[{"embeddable":true,"href":"https:\/\/ceasuri.md\/ru\/wp-json\/wp\/v2\/comments?post=53467"}],"wp:featuredmedia":[{"embeddable":true,"href":"https:\/\/ceasuri.md\/ru\/wp-json\/wp\/v2\/media\/53468"}],"wp:attachment":[{"href":"https:\/\/ceasuri.md\/ru\/wp-json\/wp\/v2\/media?parent=53467"}],"wp:term":[{"taxonomy":"product_brand","embeddable":true,"href":"https:\/\/ceasuri.md\/ru\/wp-json\/wp\/v2\/product_brand?post=53467"},{"taxonomy":"product_cat","embeddable":true,"href":"https:\/\/ceasuri.md\/ru\/wp-json\/wp\/v2\/product_cat?post=53467"},{"taxonomy":"product_tag","embeddable":true,"href":"https:\/\/ceasuri.md\/ru\/wp-json\/wp\/v2\/product_tag?post=53467"}],"curies":[{"name":"wp","href":"https:\/\/api.w.org\/{rel}","templated":true}]}}