{"id":53458,"date":"2026-04-02T23:59:47","date_gmt":"2026-04-02T20:59:47","guid":{"rendered":"http:\/\/new.ceasuri.md\/shop\/uncategorized\/michael-kors-sage-mk4805\/"},"modified":"2026-04-17T14:43:22","modified_gmt":"2026-04-17T11:43:22","slug":"michael-kors-sage-mk4805","status":"publish","type":"product","link":"https:\/\/ceasuri.md\/ru\/shop\/branduri\/michael-kors\/michael-kors-sage-mk4805\/","title":{"rendered":"Ceas MICHAEL KORS SAGE MK4805"},"content":{"rendered":"<p>Acest ceas este accesoriul ideal care va completa \u021binuta unei femei cu un farmec aparte.<\/p>\n<p>Carcas\u0103 rotund\u0103 din o\u021bel inoxidabil cu acoperire PVD de culoare auriu galben. Bezelul este decorat cu cristale.<\/p>\n<p>Cadranul cu cifre romane \u0219i marcaje sub form\u0103 de linii este protejat de sticl\u0103 mineral\u0103. Secundarul se afl\u0103 pe un cadran separat, \u00eencadrat de cristale.<\/p>\n<p>Br\u0103\u021bar\u0103 din o\u021bel inoxidabil cu acoperire PVD de culoarea aurului galben, cu \u00eenchiz\u0103toare pliabil\u0103.<\/p>","protected":false},"excerpt":{"rendered":"<p>Acest ceas este accesoriul ideal care va completa \u021binuta unei femei cu un farmec aparte. Carcas\u0103 rotund\u0103 din o\u021bel inoxidabil cu acoperire PVD de culoare auriu galben. Bezelul este decorat cu cristale. Cadranul cu cifre romane \u0219i marcaje sub form\u0103 de linii este protejat de sticl\u0103 mineral\u0103. Secundarul se afl\u0103 pe un cadran separat, \u00eencadrat [&hellip;]<\/p>\n","protected":false},"featured_media":53459,"comment_status":"closed","ping_status":"open","template":"","meta":{"_acf_changed":false},"product_brand":[],"product_cat":[25,616],"product_tag":[],"class_list":{"0":"post-53458","1":"product","2":"type-product","3":"status-publish","4":"has-post-thumbnail","6":"product_cat-ceasuri-dama","7":"product_cat-michael-kors","8":"pa_brand-michael-kors","9":"pa_braslet-otel-inoxidabil","10":"pa_corpus-38-mm","11":"pa_decor-cristale-swarowski","12":"pa_forma-rotund","13":"pa_funcii-offset-second-hand","14":"pa_garatia-24-luni","15":"pa_korpus-auriu","16":"pa_kvarc-quartz","17":"pa_material-otel-inoxidabil","18":"pa_mehanizm-quartz","19":"pa_remeshok-auriu","20":"pa_steklo-cristal-mineral","21":"pa_strana-sua","22":"pa_voda-5-atm","24":"first","25":"instock","26":"purchasable","27":"product-type-simple"},"acf":[],"_links":{"self":[{"href":"https:\/\/ceasuri.md\/ru\/wp-json\/wp\/v2\/product\/53458","targetHints":{"allow":["GET"]}}],"collection":[{"href":"https:\/\/ceasuri.md\/ru\/wp-json\/wp\/v2\/product"}],"about":[{"href":"https:\/\/ceasuri.md\/ru\/wp-json\/wp\/v2\/types\/product"}],"replies":[{"embeddable":true,"href":"https:\/\/ceasuri.md\/ru\/wp-json\/wp\/v2\/comments?post=53458"}],"wp:featuredmedia":[{"embeddable":true,"href":"https:\/\/ceasuri.md\/ru\/wp-json\/wp\/v2\/media\/53459"}],"wp:attachment":[{"href":"https:\/\/ceasuri.md\/ru\/wp-json\/wp\/v2\/media?parent=53458"}],"wp:term":[{"taxonomy":"product_brand","embeddable":true,"href":"https:\/\/ceasuri.md\/ru\/wp-json\/wp\/v2\/product_brand?post=53458"},{"taxonomy":"product_cat","embeddable":true,"href":"https:\/\/ceasuri.md\/ru\/wp-json\/wp\/v2\/product_cat?post=53458"},{"taxonomy":"product_tag","embeddable":true,"href":"https:\/\/ceasuri.md\/ru\/wp-json\/wp\/v2\/product_tag?post=53458"}],"curies":[{"name":"wp","href":"https:\/\/api.w.org\/{rel}","templated":true}]}}