{"id":53453,"date":"2026-04-02T23:59:47","date_gmt":"2026-04-02T20:59:47","guid":{"rendered":"http:\/\/new.ceasuri.md\/shop\/uncategorized\/michael-kors-sage-mk4806\/"},"modified":"2026-04-07T04:45:09","modified_gmt":"2026-04-07T01:45:09","slug":"michael-kors-sage-mk4806","status":"publish","type":"product","link":"https:\/\/ceasuri.md\/ru\/shop\/branduri\/michael-kors\/michael-kors-sage-mk4806\/","title":{"rendered":"Ceas MICHAEL KORS SAGE MK4806"},"content":{"rendered":"<p>Acest ceas este accesoriul ideal care va completa \u021binuta unei femei cu un farmec aparte.<\/p>\n<p>Carcas\u0103 rotund\u0103 din o\u021bel inoxidabil cu acoperire PVD de culoare aur roz. Bezelul este decorat cu cristale.<\/p>\n<p>Cadranul cu cifre romane \u0219i marcaje sub form\u0103 de linii este protejat de sticl\u0103 mineral\u0103. Secundarul este amplasat pe un cadran separat, \u00eencadrat de cristale.<\/p>\n<p>Br\u0103\u021bar\u0103 din o\u021bel inoxidabil cu acoperire PVD de culoarea aurului roz, cu \u00eenchiz\u0103toare pliabil\u0103.<\/p>","protected":false},"excerpt":{"rendered":"<p>Acest ceas este accesoriul ideal care va completa \u021binuta unei femei cu un farmec aparte. Carcas\u0103 rotund\u0103 din o\u021bel inoxidabil cu acoperire PVD de culoare aur roz. Bezelul este decorat cu cristale. Cadranul cu cifre romane \u0219i marcaje sub form\u0103 de linii este protejat de sticl\u0103 mineral\u0103. Secundarul este amplasat pe un cadran separat, \u00eencadrat [&hellip;]<\/p>\n","protected":false},"featured_media":53454,"comment_status":"closed","ping_status":"open","template":"","meta":{"_acf_changed":false},"product_brand":[],"product_cat":[25,616],"product_tag":[],"class_list":{"0":"post-53453","1":"product","2":"type-product","3":"status-publish","4":"has-post-thumbnail","6":"product_cat-ceasuri-dama","7":"product_cat-michael-kors","8":"pa_brand-michael-kors","9":"pa_braslet-otel-inoxidabil","10":"pa_corpus-38-mm","11":"pa_decor-cristale-swarowski","12":"pa_forma-rotund","13":"pa_funcii-offset-second-hand","14":"pa_garatia-24-luni","15":"pa_korpus-roz-gold","16":"pa_material-otel-inoxidabil","17":"pa_mehanizm-quartz","18":"pa_remeshok-roz-gold","19":"pa_steklo-cristal-mineral","20":"pa_strana-sua","21":"pa_voda-5-atm","23":"first","24":"instock","25":"purchasable","26":"product-type-simple"},"acf":[],"_links":{"self":[{"href":"https:\/\/ceasuri.md\/ru\/wp-json\/wp\/v2\/product\/53453","targetHints":{"allow":["GET"]}}],"collection":[{"href":"https:\/\/ceasuri.md\/ru\/wp-json\/wp\/v2\/product"}],"about":[{"href":"https:\/\/ceasuri.md\/ru\/wp-json\/wp\/v2\/types\/product"}],"replies":[{"embeddable":true,"href":"https:\/\/ceasuri.md\/ru\/wp-json\/wp\/v2\/comments?post=53453"}],"wp:featuredmedia":[{"embeddable":true,"href":"https:\/\/ceasuri.md\/ru\/wp-json\/wp\/v2\/media\/53454"}],"wp:attachment":[{"href":"https:\/\/ceasuri.md\/ru\/wp-json\/wp\/v2\/media?parent=53453"}],"wp:term":[{"taxonomy":"product_brand","embeddable":true,"href":"https:\/\/ceasuri.md\/ru\/wp-json\/wp\/v2\/product_brand?post=53453"},{"taxonomy":"product_cat","embeddable":true,"href":"https:\/\/ceasuri.md\/ru\/wp-json\/wp\/v2\/product_cat?post=53453"},{"taxonomy":"product_tag","embeddable":true,"href":"https:\/\/ceasuri.md\/ru\/wp-json\/wp\/v2\/product_tag?post=53453"}],"curies":[{"name":"wp","href":"https:\/\/api.w.org\/{rel}","templated":true}]}}