{"id":53439,"date":"2026-04-02T23:59:47","date_gmt":"2026-04-02T20:59:47","guid":{"rendered":"http:\/\/new.ceasuri.md\/shop\/uncategorized\/michael-kors-sage-mk4819\/"},"modified":"2026-04-07T04:45:06","modified_gmt":"2026-04-07T01:45:06","slug":"michael-kors-sage-mk4819","status":"publish","type":"product","link":"https:\/\/ceasuri.md\/ru\/shop\/branduri\/michael-kors\/michael-kors-sage-mk4819\/","title":{"rendered":"Ceas MICHAEL KORS SAGE MK4819"},"content":{"rendered":"<p>\u00centruchiparea elegan\u021bei \u0219i rafinamentului \u00een lumea ceasurilor cu cuar\u021b pentru femei.<\/p>\n<p>Designul unic este subliniat de carcasa din o\u021bel inoxidabil de culoare aurie, acoperit\u0103 cu tehnologia PVD pentru durabilitate \u0219i str\u0103lucire uimitoare.<\/p>\n<p>Cadranul decorat cu sidef \u0219i echipat cu o secund\u0103 nu numai c\u0103 faciliteaz\u0103 urm\u0103rirea timpului, dar confer\u0103 ceasului un caracter unic.<\/p>\n<p>Cureaua din piele maro se potrive\u0219te perfect cu estetica elegant\u0103, asigur\u00e2nd confortul purt\u0103rii ceasului.<\/p>\n<p>Acoperirea luminescent\u0103 a acelor garanteaz\u0103 lizibilitatea \u00een orice condi\u021bii de iluminare.<\/p>","protected":false},"excerpt":{"rendered":"<p>\u00centruchiparea elegan\u021bei \u0219i rafinamentului \u00een lumea ceasurilor cu cuar\u021b pentru femei. Designul unic este subliniat de carcasa din o\u021bel inoxidabil de culoare aurie, acoperit\u0103 cu tehnologia PVD pentru durabilitate \u0219i str\u0103lucire uimitoare. Cadranul decorat cu sidef \u0219i echipat cu o secund\u0103 nu numai c\u0103 faciliteaz\u0103 urm\u0103rirea timpului, dar confer\u0103 ceasului un caracter unic. Cureaua din [&hellip;]<\/p>\n","protected":false},"featured_media":53440,"comment_status":"closed","ping_status":"open","template":"","meta":{"_acf_changed":false},"product_brand":[],"product_cat":[25,616],"product_tag":[],"class_list":{"0":"post-53439","1":"product","2":"type-product","3":"status-publish","4":"has-post-thumbnail","6":"product_cat-ceasuri-dama","7":"product_cat-michael-kors","8":"pa_brand-michael-kors","9":"pa_braslet-piele","10":"pa_corpus-38-mm","11":"pa_decor-cristale-swarowski","12":"pa_forma-rotund","13":"pa_funcii-offset-second-hand","14":"pa_garatia-24-luni","15":"pa_korpus-auriu","16":"pa_material-otel-inoxidabil","17":"pa_mehanizm-quartz","18":"pa_remeshok-maro","19":"pa_steklo-cristal-mineral","20":"pa_strana-sua","21":"pa_voda-5-atm","23":"first","24":"outofstock","25":"purchasable","26":"product-type-simple"},"acf":[],"_links":{"self":[{"href":"https:\/\/ceasuri.md\/ru\/wp-json\/wp\/v2\/product\/53439","targetHints":{"allow":["GET"]}}],"collection":[{"href":"https:\/\/ceasuri.md\/ru\/wp-json\/wp\/v2\/product"}],"about":[{"href":"https:\/\/ceasuri.md\/ru\/wp-json\/wp\/v2\/types\/product"}],"replies":[{"embeddable":true,"href":"https:\/\/ceasuri.md\/ru\/wp-json\/wp\/v2\/comments?post=53439"}],"wp:featuredmedia":[{"embeddable":true,"href":"https:\/\/ceasuri.md\/ru\/wp-json\/wp\/v2\/media\/53440"}],"wp:attachment":[{"href":"https:\/\/ceasuri.md\/ru\/wp-json\/wp\/v2\/media?parent=53439"}],"wp:term":[{"taxonomy":"product_brand","embeddable":true,"href":"https:\/\/ceasuri.md\/ru\/wp-json\/wp\/v2\/product_brand?post=53439"},{"taxonomy":"product_cat","embeddable":true,"href":"https:\/\/ceasuri.md\/ru\/wp-json\/wp\/v2\/product_cat?post=53439"},{"taxonomy":"product_tag","embeddable":true,"href":"https:\/\/ceasuri.md\/ru\/wp-json\/wp\/v2\/product_tag?post=53439"}],"curies":[{"name":"wp","href":"https:\/\/api.w.org\/{rel}","templated":true}]}}