{"id":53434,"date":"2026-04-02T23:59:47","date_gmt":"2026-04-02T20:59:47","guid":{"rendered":"http:\/\/new.ceasuri.md\/shop\/uncategorized\/michael-kors-sage-mk4820\/"},"modified":"2026-04-07T04:45:05","modified_gmt":"2026-04-07T01:45:05","slug":"michael-kors-sage-mk4820","status":"publish","type":"product","link":"https:\/\/ceasuri.md\/ru\/shop\/branduri\/michael-kors\/michael-kors-sage-mk4820\/","title":{"rendered":"Ceas MICHAEL KORS SAGE MK4820"},"content":{"rendered":"<p>Un accesoriu frumos \u0219i elegant pentru stilul de zi cu zi.<\/p>\n<p>Fabricate din materiale de \u00eenalt\u0103 calitate, cu curea din piele \u0219i carcas\u0103 din o\u021bel inoxidabil, ceasurile se remarc\u0103 prin rezisten\u021b\u0103 \u0219i durabilitate.<\/p>\n<p>Sticla mineral\u0103 nu numai c\u0103 protejeaz\u0103 cadranul ceasului, dar \u0219i subliniaz\u0103 perfect culoarea roz a acestuia, care, \u00een combina\u021bie cu nuan\u021ba aurie, \u00eei confer\u0103 un farmec unic.<\/p>\n<p>Este alegerea ideal\u0103 pentru femeile care iubesc clasicul \u0219i elegan\u021ba \u00een forme simple \u0219i atemporale.<\/p>","protected":false},"excerpt":{"rendered":"<p>Un accesoriu frumos \u0219i elegant pentru stilul de zi cu zi. Fabricate din materiale de \u00eenalt\u0103 calitate, cu curea din piele \u0219i carcas\u0103 din o\u021bel inoxidabil, ceasurile se remarc\u0103 prin rezisten\u021b\u0103 \u0219i durabilitate. Sticla mineral\u0103 nu numai c\u0103 protejeaz\u0103 cadranul ceasului, dar \u0219i subliniaz\u0103 perfect culoarea roz a acestuia, care, \u00een combina\u021bie cu nuan\u021ba aurie, [&hellip;]<\/p>\n","protected":false},"featured_media":53435,"comment_status":"closed","ping_status":"open","template":"","meta":{"_acf_changed":false},"product_brand":[],"product_cat":[25,616],"product_tag":[],"class_list":{"0":"post-53434","1":"product","2":"type-product","3":"status-publish","4":"has-post-thumbnail","6":"product_cat-ceasuri-dama","7":"product_cat-michael-kors","8":"pa_brand-michael-kors","9":"pa_braslet-piele","10":"pa_corpus-38-mm","11":"pa_decor-cristale-swarowski","12":"pa_forma-rotund","13":"pa_funcii-offset-second-hand","14":"pa_garatia-24-luni","15":"pa_korpus-roz-gold","16":"pa_material-otel-inoxidabil","17":"pa_mehanizm-quartz","18":"pa_remeshok-roz","19":"pa_steklo-cristal-mineral","20":"pa_strana-sua","21":"pa_voda-5-atm","23":"first","24":"instock","25":"purchasable","26":"product-type-simple"},"acf":[],"_links":{"self":[{"href":"https:\/\/ceasuri.md\/ru\/wp-json\/wp\/v2\/product\/53434","targetHints":{"allow":["GET"]}}],"collection":[{"href":"https:\/\/ceasuri.md\/ru\/wp-json\/wp\/v2\/product"}],"about":[{"href":"https:\/\/ceasuri.md\/ru\/wp-json\/wp\/v2\/types\/product"}],"replies":[{"embeddable":true,"href":"https:\/\/ceasuri.md\/ru\/wp-json\/wp\/v2\/comments?post=53434"}],"wp:featuredmedia":[{"embeddable":true,"href":"https:\/\/ceasuri.md\/ru\/wp-json\/wp\/v2\/media\/53435"}],"wp:attachment":[{"href":"https:\/\/ceasuri.md\/ru\/wp-json\/wp\/v2\/media?parent=53434"}],"wp:term":[{"taxonomy":"product_brand","embeddable":true,"href":"https:\/\/ceasuri.md\/ru\/wp-json\/wp\/v2\/product_brand?post=53434"},{"taxonomy":"product_cat","embeddable":true,"href":"https:\/\/ceasuri.md\/ru\/wp-json\/wp\/v2\/product_cat?post=53434"},{"taxonomy":"product_tag","embeddable":true,"href":"https:\/\/ceasuri.md\/ru\/wp-json\/wp\/v2\/product_tag?post=53434"}],"curies":[{"name":"wp","href":"https:\/\/api.w.org\/{rel}","templated":true}]}}