{"id":53429,"date":"2026-04-02T23:59:47","date_gmt":"2026-04-02T20:59:47","guid":{"rendered":"http:\/\/new.ceasuri.md\/shop\/uncategorized\/michael-kors-pyper-mk4666\/"},"modified":"2026-04-07T04:45:05","modified_gmt":"2026-04-07T01:45:05","slug":"michael-kors-pyper-mk4666","status":"publish","type":"product","link":"https:\/\/ceasuri.md\/ru\/shop\/branduri\/michael-kors\/michael-kors-pyper-mk4666\/","title":{"rendered":"Ceas MICHAEL KORS PYPER MK4666"},"content":{"rendered":"<p>Ceasurile Michael Kors nu sunt doar elegante \u0219i respectabile, ci \u0219i accesorii destul de fiabile, care \u00eendeplinesc cele mai \u00eenalte standarde impuse de pia\u021ba ceasurilor. Carcasele \u0219i cadranele se disting prin simplitate \u0219i sobrietate.<\/p>\n<p>Un astfel de accesoriu va sublinia stilul elegant al proprietarei sale \u0219i dorin\u021ba ei de perfec\u021biune.<\/p>\n<p>Ceasuri pentru femei cu carcas\u0103 rotund\u0103 din o\u021bel. Cadranul este decorat cu un imprimeu cu logo-ul m\u0103rcii. Indicatoare sub form\u0103 de linii \u0219i puncte.<\/p>\n<p>Coroan\u0103 canelat\u0103.<\/p>\n<p>Br\u0103\u021bar\u0103 cu \u00eenchiz\u0103toare pliabil\u0103.<\/p>","protected":false},"excerpt":{"rendered":"<p>Ceasurile Michael Kors nu sunt doar elegante \u0219i respectabile, ci \u0219i accesorii destul de fiabile, care \u00eendeplinesc cele mai \u00eenalte standarde impuse de pia\u021ba ceasurilor. Carcasele \u0219i cadranele se disting prin simplitate \u0219i sobrietate. Un astfel de accesoriu va sublinia stilul elegant al proprietarei sale \u0219i dorin\u021ba ei de perfec\u021biune. Ceasuri pentru femei cu carcas\u0103 [&hellip;]<\/p>\n","protected":false},"featured_media":53430,"comment_status":"closed","ping_status":"open","template":"","meta":{"_acf_changed":false},"product_brand":[],"product_cat":[25,616],"product_tag":[],"class_list":{"0":"post-53429","1":"product","2":"type-product","3":"status-publish","4":"has-post-thumbnail","6":"product_cat-ceasuri-dama","7":"product_cat-michael-kors","8":"pa_brand-michael-kors","9":"pa_braslet-otel-inoxidabil","10":"pa_corpus-38-mm","11":"pa_decor-cristale-swarowski","12":"pa_forma-rotund","13":"pa_garatia-24-luni","14":"pa_korpus-auriu","15":"pa_material-otel-inoxidabil","16":"pa_mehanizm-quartz","17":"pa_remeshok-auriu","18":"pa_steklo-cristal-mineral","19":"pa_strana-sua","20":"pa_voda-3-atm","22":"first","23":"instock","24":"purchasable","25":"product-type-simple"},"acf":[],"_links":{"self":[{"href":"https:\/\/ceasuri.md\/ru\/wp-json\/wp\/v2\/product\/53429","targetHints":{"allow":["GET"]}}],"collection":[{"href":"https:\/\/ceasuri.md\/ru\/wp-json\/wp\/v2\/product"}],"about":[{"href":"https:\/\/ceasuri.md\/ru\/wp-json\/wp\/v2\/types\/product"}],"replies":[{"embeddable":true,"href":"https:\/\/ceasuri.md\/ru\/wp-json\/wp\/v2\/comments?post=53429"}],"wp:featuredmedia":[{"embeddable":true,"href":"https:\/\/ceasuri.md\/ru\/wp-json\/wp\/v2\/media\/53430"}],"wp:attachment":[{"href":"https:\/\/ceasuri.md\/ru\/wp-json\/wp\/v2\/media?parent=53429"}],"wp:term":[{"taxonomy":"product_brand","embeddable":true,"href":"https:\/\/ceasuri.md\/ru\/wp-json\/wp\/v2\/product_brand?post=53429"},{"taxonomy":"product_cat","embeddable":true,"href":"https:\/\/ceasuri.md\/ru\/wp-json\/wp\/v2\/product_cat?post=53429"},{"taxonomy":"product_tag","embeddable":true,"href":"https:\/\/ceasuri.md\/ru\/wp-json\/wp\/v2\/product_tag?post=53429"}],"curies":[{"name":"wp","href":"https:\/\/api.w.org\/{rel}","templated":true}]}}