{"id":53424,"date":"2026-04-02T23:59:47","date_gmt":"2026-04-02T20:59:47","guid":{"rendered":"http:\/\/new.ceasuri.md\/shop\/uncategorized\/michael-kors-pyper-mk4339\/"},"modified":"2026-04-07T04:45:04","modified_gmt":"2026-04-07T01:45:04","slug":"michael-kors-pyper-mk4339","status":"publish","type":"product","link":"https:\/\/ceasuri.md\/ru\/shop\/branduri\/michael-kors\/michael-kors-pyper-mk4339\/","title":{"rendered":"Ceas MICHAEL KORS PYPER MK4339"},"content":{"rendered":"<p>O combina\u021bie excelent\u0103 de elegan\u021b\u0103 \u0219i rigoare.<\/p>\n<p>Acest model va sublinia stilul proprietarei sale \u0219i dorin\u021ba sa de individualitate.<\/p>\n<p>Ceas de m\u00e2n\u0103 pentru femei. Cadranul este realizat prin tehnologia Sunray \u0219i este decorat cu logo-ul m\u0103rcii. Indicatoare de bord \u00eencrustate cu cristale.<\/p>\n<p>Coroan\u0103 canelat\u0103.<\/p>\n<p>Br\u0103\u021bar\u0103 milanez\u0103.<\/p>","protected":false},"excerpt":{"rendered":"<p>O combina\u021bie excelent\u0103 de elegan\u021b\u0103 \u0219i rigoare. Acest model va sublinia stilul proprietarei sale \u0219i dorin\u021ba sa de individualitate. Ceas de m\u00e2n\u0103 pentru femei. Cadranul este realizat prin tehnologia Sunray \u0219i este decorat cu logo-ul m\u0103rcii. Indicatoare de bord \u00eencrustate cu cristale. Coroan\u0103 canelat\u0103. Br\u0103\u021bar\u0103 milanez\u0103.<\/p>","protected":false},"featured_media":53425,"comment_status":"closed","ping_status":"open","template":"","meta":{"_acf_changed":false},"product_brand":[],"product_cat":[25,616],"product_tag":[],"class_list":{"0":"post-53424","1":"product","2":"type-product","3":"status-publish","4":"has-post-thumbnail","6":"product_cat-ceasuri-dama","7":"product_cat-michael-kors","8":"pa_brand-michael-kors","9":"pa_braslet-otel-inoxidabil","10":"pa_corpus-38-mm","11":"pa_decor-cristale-swarowski","12":"pa_forma-rotund","13":"pa_garatia-24-luni","14":"pa_korpus-auriu","15":"pa_material-otel-inoxidabil","16":"pa_mehanizm-quartz","17":"pa_remeshok-auriu","18":"pa_steklo-cristal-mineral","19":"pa_strana-sua","20":"pa_voda-5-atm","22":"first","23":"instock","24":"purchasable","25":"product-type-simple"},"acf":[],"_links":{"self":[{"href":"https:\/\/ceasuri.md\/ru\/wp-json\/wp\/v2\/product\/53424","targetHints":{"allow":["GET"]}}],"collection":[{"href":"https:\/\/ceasuri.md\/ru\/wp-json\/wp\/v2\/product"}],"about":[{"href":"https:\/\/ceasuri.md\/ru\/wp-json\/wp\/v2\/types\/product"}],"replies":[{"embeddable":true,"href":"https:\/\/ceasuri.md\/ru\/wp-json\/wp\/v2\/comments?post=53424"}],"wp:featuredmedia":[{"embeddable":true,"href":"https:\/\/ceasuri.md\/ru\/wp-json\/wp\/v2\/media\/53425"}],"wp:attachment":[{"href":"https:\/\/ceasuri.md\/ru\/wp-json\/wp\/v2\/media?parent=53424"}],"wp:term":[{"taxonomy":"product_brand","embeddable":true,"href":"https:\/\/ceasuri.md\/ru\/wp-json\/wp\/v2\/product_brand?post=53424"},{"taxonomy":"product_cat","embeddable":true,"href":"https:\/\/ceasuri.md\/ru\/wp-json\/wp\/v2\/product_cat?post=53424"},{"taxonomy":"product_tag","embeddable":true,"href":"https:\/\/ceasuri.md\/ru\/wp-json\/wp\/v2\/product_tag?post=53424"}],"curies":[{"name":"wp","href":"https:\/\/api.w.org\/{rel}","templated":true}]}}