{"id":53414,"date":"2026-04-02T23:59:47","date_gmt":"2026-04-02T20:59:47","guid":{"rendered":"http:\/\/new.ceasuri.md\/shop\/uncategorized\/fossil-grant-fs4812\/"},"modified":"2026-04-20T00:23:28","modified_gmt":"2026-04-19T21:23:28","slug":"fossil-grant-fs4812","status":"publish","type":"product","link":"https:\/\/ceasuri.md\/ru\/shop\/branduri\/fossil\/fossil-grant-fs4812\/","title":{"rendered":"Ceas FOSSIL GRANT FS4812"},"content":{"rendered":"<p>Stilul clasic al acestui accesoriu este ideal pentru purtarea zilnic\u0103.<\/p>\n<p>Ceas cronograf pentru b\u0103rba\u021bi cu cronometru. Carcas\u0103 rotund\u0103 din o\u021bel. Format de afi\u0219are a orei 12 \u0219i 24.<\/p>\n<p>Cadran cu dou\u0103 niveluri, cu marcaje sub form\u0103 de cifre romane.<\/p>\n<p>Coroan\u0103 canelat\u0103 cu protec\u021bie.<\/p>\n<p>Capac posterior \u00een\u0219urubat.<\/p>\n<p>Curea din piele cu cataram\u0103 clasic\u0103.<\/p>","protected":false},"excerpt":{"rendered":"<p>Stilul clasic al acestui accesoriu este ideal pentru purtarea zilnic\u0103. Ceas cronograf pentru b\u0103rba\u021bi cu cronometru. Carcas\u0103 rotund\u0103 din o\u021bel. Format de afi\u0219are a orei 12 \u0219i 24. Cadran cu dou\u0103 niveluri, cu marcaje sub form\u0103 de cifre romane. Coroan\u0103 canelat\u0103 cu protec\u021bie. Capac posterior \u00een\u0219urubat. Curea din piele cu cataram\u0103 clasic\u0103.<\/p>","protected":false},"featured_media":53415,"comment_status":"closed","ping_status":"open","template":"","meta":{"_acf_changed":false},"product_brand":[],"product_cat":[20,396],"product_tag":[],"class_list":{"0":"post-53414","1":"product","2":"type-product","3":"status-publish","4":"has-post-thumbnail","6":"product_cat-ceasuri-barbati","7":"product_cat-fossil","8":"pa_brand-fossil","9":"pa_braslet-piele","10":"pa_corpus-44-mm","11":"pa_forma-rotund","12":"pa_funcii-cronograf","13":"pa_garatia-24-luni","14":"pa_korpus-argintiu","15":"pa_kvarc-quartz","16":"pa_material-otel-inoxidabil","17":"pa_mehanizm-quartz","18":"pa_remeshok-negru","19":"pa_steklo-cristal-mineral","20":"pa_strana-sua","21":"pa_voda-5-atm","23":"first","24":"instock","25":"purchasable","26":"product-type-simple"},"acf":[],"_links":{"self":[{"href":"https:\/\/ceasuri.md\/ru\/wp-json\/wp\/v2\/product\/53414","targetHints":{"allow":["GET"]}}],"collection":[{"href":"https:\/\/ceasuri.md\/ru\/wp-json\/wp\/v2\/product"}],"about":[{"href":"https:\/\/ceasuri.md\/ru\/wp-json\/wp\/v2\/types\/product"}],"replies":[{"embeddable":true,"href":"https:\/\/ceasuri.md\/ru\/wp-json\/wp\/v2\/comments?post=53414"}],"wp:featuredmedia":[{"embeddable":true,"href":"https:\/\/ceasuri.md\/ru\/wp-json\/wp\/v2\/media\/53415"}],"wp:attachment":[{"href":"https:\/\/ceasuri.md\/ru\/wp-json\/wp\/v2\/media?parent=53414"}],"wp:term":[{"taxonomy":"product_brand","embeddable":true,"href":"https:\/\/ceasuri.md\/ru\/wp-json\/wp\/v2\/product_brand?post=53414"},{"taxonomy":"product_cat","embeddable":true,"href":"https:\/\/ceasuri.md\/ru\/wp-json\/wp\/v2\/product_cat?post=53414"},{"taxonomy":"product_tag","embeddable":true,"href":"https:\/\/ceasuri.md\/ru\/wp-json\/wp\/v2\/product_tag?post=53414"}],"curies":[{"name":"wp","href":"https:\/\/api.w.org\/{rel}","templated":true}]}}