{"id":53404,"date":"2026-04-02T23:59:47","date_gmt":"2026-04-02T20:59:47","guid":{"rendered":"http:\/\/new.ceasuri.md\/shop\/uncategorized\/fossil-townsman-me3155\/"},"modified":"2026-04-15T20:40:46","modified_gmt":"2026-04-15T17:40:46","slug":"fossil-townsman-me3155","status":"publish","type":"product","link":"https:\/\/ceasuri.md\/ru\/shop\/branduri\/fossil\/fossil-townsman-me3155\/","title":{"rendered":"Ceas FOSSIL TOWNSMAN ME3155"},"content":{"rendered":"<p>Cadranul deschis permite admirarea func\u021bion\u0103rii impecabile a mecanismului. Ceas scheletat. Mecanism cu 20 de pietre.<\/p>\n<p>Secundarul se afl\u0103 pe un cadran separat.<\/p>\n<p>Carcas\u0103 din o\u021bel inoxidabil de \u00eenalt\u0103 calitate cu acoperire PVD rezistent\u0103. Capac transparent.<\/p>\n<p>Curea din piele.<\/p>\n<p>Rezisten\u021b\u0103 la ap\u0103 p\u00e2n\u0103 la 5 ATM.<\/p>","protected":false},"excerpt":{"rendered":"<p>Cadranul deschis permite admirarea func\u021bion\u0103rii impecabile a mecanismului. Ceas scheletat. Mecanism cu 20 de pietre. Secundarul se afl\u0103 pe un cadran separat. Carcas\u0103 din o\u021bel inoxidabil de \u00eenalt\u0103 calitate cu acoperire PVD rezistent\u0103. Capac transparent. Curea din piele. Rezisten\u021b\u0103 la ap\u0103 p\u00e2n\u0103 la 5 ATM.<\/p>","protected":false},"featured_media":53405,"comment_status":"closed","ping_status":"open","template":"","meta":{"_acf_changed":false},"product_brand":[],"product_cat":[20,396],"product_tag":[],"class_list":{"0":"post-53404","1":"product","2":"type-product","3":"status-publish","4":"has-post-thumbnail","6":"product_cat-ceasuri-barbati","7":"product_cat-fossil","8":"pa_brand-fossil","9":"pa_braslet-piele","10":"pa_corpus-48-mm","11":"pa_forma-rotund","12":"pa_funcii-offset-second-hand","13":"pa_funcii-semischelet","14":"pa_garatia-24-luni","15":"pa_korpus-negru","16":"pa_material-otel-inoxidabil","17":"pa_mehanizm-mecanic","18":"pa_mehanizm-mecanism-automatic","19":"pa_remeshok-maro","20":"pa_steklo-cristal-mineral","21":"pa_strana-sua","22":"pa_voda-5-atm","24":"first","25":"instock","26":"purchasable","27":"product-type-simple"},"acf":[],"_links":{"self":[{"href":"https:\/\/ceasuri.md\/ru\/wp-json\/wp\/v2\/product\/53404","targetHints":{"allow":["GET"]}}],"collection":[{"href":"https:\/\/ceasuri.md\/ru\/wp-json\/wp\/v2\/product"}],"about":[{"href":"https:\/\/ceasuri.md\/ru\/wp-json\/wp\/v2\/types\/product"}],"replies":[{"embeddable":true,"href":"https:\/\/ceasuri.md\/ru\/wp-json\/wp\/v2\/comments?post=53404"}],"wp:featuredmedia":[{"embeddable":true,"href":"https:\/\/ceasuri.md\/ru\/wp-json\/wp\/v2\/media\/53405"}],"wp:attachment":[{"href":"https:\/\/ceasuri.md\/ru\/wp-json\/wp\/v2\/media?parent=53404"}],"wp:term":[{"taxonomy":"product_brand","embeddable":true,"href":"https:\/\/ceasuri.md\/ru\/wp-json\/wp\/v2\/product_brand?post=53404"},{"taxonomy":"product_cat","embeddable":true,"href":"https:\/\/ceasuri.md\/ru\/wp-json\/wp\/v2\/product_cat?post=53404"},{"taxonomy":"product_tag","embeddable":true,"href":"https:\/\/ceasuri.md\/ru\/wp-json\/wp\/v2\/product_tag?post=53404"}],"curies":[{"name":"wp","href":"https:\/\/api.w.org\/{rel}","templated":true}]}}