{"id":53399,"date":"2026-04-02T23:59:47","date_gmt":"2026-04-02T20:59:47","guid":{"rendered":"http:\/\/new.ceasuri.md\/shop\/uncategorized\/fossil-breaker-fs6064\/"},"modified":"2026-04-15T20:40:45","modified_gmt":"2026-04-15T17:40:45","slug":"fossil-breaker-fs6064","status":"publish","type":"product","link":"https:\/\/ceasuri.md\/ru\/shop\/branduri\/fossil\/fossil-breaker-fs6064\/","title":{"rendered":"Ceas FOSSIL BREAKER FS6064"},"content":{"rendered":"<p>Acest accesoriu unic este potrivit pentru b\u0103rba\u021bii pasiona\u021bi de \u00eenot \u0219i scufund\u0103ri \u0219i, \u00een acela\u0219i timp, va deveni un companion indispensabil \u00een fiecare zi pentru cei stilati \u0219i \u00eencrez\u0103tori \u00een sine.<\/p>\n<p>Ceas de m\u00e2n\u0103 cu cuar\u021b. Carcas\u0103 din o\u021bel. Lunet\u0103 striat\u0103 cu scal\u0103 de minute.<\/p>\n<p>Cadranul este completat cu un model ondulat. Indicatoare sub form\u0103 de puncte \u0219i triunghiuri. Fereastra datei se afl\u0103 \u00een pozi\u021bia ora 6.<\/p>\n<p>Coroan\u0103 canelat\u0103.<\/p>\n<p>Br\u0103\u021bar\u0103 din o\u021bel cu \u00eenchiz\u0103toare pliabil\u0103.<\/p>","protected":false},"excerpt":{"rendered":"<p>Acest accesoriu unic este potrivit pentru b\u0103rba\u021bii pasiona\u021bi de \u00eenot \u0219i scufund\u0103ri \u0219i, \u00een acela\u0219i timp, va deveni un companion indispensabil \u00een fiecare zi pentru cei stilati \u0219i \u00eencrez\u0103tori \u00een sine. Ceas de m\u00e2n\u0103 cu cuar\u021b. Carcas\u0103 din o\u021bel. Lunet\u0103 striat\u0103 cu scal\u0103 de minute. Cadranul este completat cu un model ondulat. Indicatoare sub form\u0103 [&hellip;]<\/p>\n","protected":false},"featured_media":53400,"comment_status":"closed","ping_status":"open","template":"","meta":{"_acf_changed":false},"product_brand":[],"product_cat":[20,396],"product_tag":[],"class_list":{"0":"post-53399","1":"product","2":"type-product","3":"status-publish","4":"has-post-thumbnail","6":"product_cat-ceasuri-barbati","7":"product_cat-fossil","8":"pa_brand-fossil","9":"pa_braslet-otel-inoxidabil","10":"pa_corpus-42-mm","11":"pa_forma-butoi","12":"pa_funcii-data","13":"pa_garatia-24-luni","14":"pa_korpus-argintiu","15":"pa_kvarc-quartz","16":"pa_material-otel-inoxidabil","17":"pa_mehanizm-quartz","18":"pa_remeshok-argintiu","19":"pa_steklo-cristal-mineral","20":"pa_strana-sua","21":"pa_voda-20-atm","23":"first","24":"instock","25":"purchasable","26":"product-type-simple"},"acf":[],"_links":{"self":[{"href":"https:\/\/ceasuri.md\/ru\/wp-json\/wp\/v2\/product\/53399","targetHints":{"allow":["GET"]}}],"collection":[{"href":"https:\/\/ceasuri.md\/ru\/wp-json\/wp\/v2\/product"}],"about":[{"href":"https:\/\/ceasuri.md\/ru\/wp-json\/wp\/v2\/types\/product"}],"replies":[{"embeddable":true,"href":"https:\/\/ceasuri.md\/ru\/wp-json\/wp\/v2\/comments?post=53399"}],"wp:featuredmedia":[{"embeddable":true,"href":"https:\/\/ceasuri.md\/ru\/wp-json\/wp\/v2\/media\/53400"}],"wp:attachment":[{"href":"https:\/\/ceasuri.md\/ru\/wp-json\/wp\/v2\/media?parent=53399"}],"wp:term":[{"taxonomy":"product_brand","embeddable":true,"href":"https:\/\/ceasuri.md\/ru\/wp-json\/wp\/v2\/product_brand?post=53399"},{"taxonomy":"product_cat","embeddable":true,"href":"https:\/\/ceasuri.md\/ru\/wp-json\/wp\/v2\/product_cat?post=53399"},{"taxonomy":"product_tag","embeddable":true,"href":"https:\/\/ceasuri.md\/ru\/wp-json\/wp\/v2\/product_tag?post=53399"}],"curies":[{"name":"wp","href":"https:\/\/api.w.org\/{rel}","templated":true}]}}