{"id":53388,"date":"2026-04-02T23:59:47","date_gmt":"2026-04-02T20:59:47","guid":{"rendered":"http:\/\/new.ceasuri.md\/shop\/uncategorized\/fossil-fossil-blue-fs6050\/"},"modified":"2026-04-07T04:44:57","modified_gmt":"2026-04-07T01:44:57","slug":"fossil-fossil-blue-fs6050","status":"publish","type":"product","link":"https:\/\/ceasuri.md\/ru\/shop\/branduri\/fossil\/fossil-fossil-blue-fs6050\/","title":{"rendered":"Ceas FOSSIL FOSSIL BLUE FS6050"},"content":{"rendered":"<p>Designul elegant al accesoriului \u0219i func\u021bionalitatea &#8211; alegerea b\u0103rbatului care aspir\u0103 la atingerea de noi obiective.<\/p>\n<p>Ceas de m\u00e2n\u0103 rezistent la ap\u0103 Fossil Blue Dive. Carcas\u0103 rotund\u0103 din o\u021bel. Lunet\u0103 striat\u0103 cu scal\u0103 minut\u0103.<\/p>\n<p>Cadran realizat cu tehnologia Sunray (raze solare). Indica\u021bii sub form\u0103 de linii \u0219i puncte, indica\u021bie de 12 ore sub form\u0103 de triunghi. Fereastra de dat\u0103 cu lup\u0103 se afl\u0103 \u00een pozi\u021bia ora 3.<\/p>\n<p>Coroan\u0103 canelat\u0103 cu protec\u021bie.<\/p>\n<p>Capac posterior \u00een\u0219urubat.<\/p>\n<p>Br\u0103\u021bar\u0103 confortabil\u0103 \u0219i fiabil\u0103 din o\u021bel cu \u00eenchiz\u0103toare pliabil\u0103.<\/p>","protected":false},"excerpt":{"rendered":"<p>Designul elegant al accesoriului \u0219i func\u021bionalitatea &#8211; alegerea b\u0103rbatului care aspir\u0103 la atingerea de noi obiective. Ceas de m\u00e2n\u0103 rezistent la ap\u0103 Fossil Blue Dive. Carcas\u0103 rotund\u0103 din o\u021bel. Lunet\u0103 striat\u0103 cu scal\u0103 minut\u0103. Cadran realizat cu tehnologia Sunray (raze solare). Indica\u021bii sub form\u0103 de linii \u0219i puncte, indica\u021bie de 12 ore sub form\u0103 de [&hellip;]<\/p>\n","protected":false},"featured_media":53389,"comment_status":"closed","ping_status":"open","template":"","meta":{"_acf_changed":false},"product_brand":[],"product_cat":[20,396],"product_tag":[],"class_list":{"0":"post-53388","1":"product","2":"type-product","3":"status-publish","4":"has-post-thumbnail","6":"product_cat-ceasuri-barbati","7":"product_cat-fossil","8":"pa_brand-fossil","9":"pa_braslet-otel-inoxidabil","10":"pa_corpus-42-mm","11":"pa_forma-rotund","12":"pa_funcii-data","13":"pa_garatia-24-luni","14":"pa_korpus-argintiu","15":"pa_material-otel-inoxidabil","16":"pa_mehanizm-quartz","17":"pa_remeshok-argintiu","18":"pa_steklo-cristal-mineral","19":"pa_strana-sua","20":"pa_voda-10-atm","22":"first","23":"instock","24":"purchasable","25":"product-type-simple"},"acf":[],"_links":{"self":[{"href":"https:\/\/ceasuri.md\/ru\/wp-json\/wp\/v2\/product\/53388","targetHints":{"allow":["GET"]}}],"collection":[{"href":"https:\/\/ceasuri.md\/ru\/wp-json\/wp\/v2\/product"}],"about":[{"href":"https:\/\/ceasuri.md\/ru\/wp-json\/wp\/v2\/types\/product"}],"replies":[{"embeddable":true,"href":"https:\/\/ceasuri.md\/ru\/wp-json\/wp\/v2\/comments?post=53388"}],"wp:featuredmedia":[{"embeddable":true,"href":"https:\/\/ceasuri.md\/ru\/wp-json\/wp\/v2\/media\/53389"}],"wp:attachment":[{"href":"https:\/\/ceasuri.md\/ru\/wp-json\/wp\/v2\/media?parent=53388"}],"wp:term":[{"taxonomy":"product_brand","embeddable":true,"href":"https:\/\/ceasuri.md\/ru\/wp-json\/wp\/v2\/product_brand?post=53388"},{"taxonomy":"product_cat","embeddable":true,"href":"https:\/\/ceasuri.md\/ru\/wp-json\/wp\/v2\/product_cat?post=53388"},{"taxonomy":"product_tag","embeddable":true,"href":"https:\/\/ceasuri.md\/ru\/wp-json\/wp\/v2\/product_tag?post=53388"}],"curies":[{"name":"wp","href":"https:\/\/api.w.org\/{rel}","templated":true}]}}