{"id":53373,"date":"2026-04-02T23:59:47","date_gmt":"2026-04-02T20:59:47","guid":{"rendered":"http:\/\/new.ceasuri.md\/shop\/uncategorized\/fossil-sport-tourer-fs6045\/"},"modified":"2026-04-16T21:26:14","modified_gmt":"2026-04-16T18:26:14","slug":"fossil-sport-tourer-fs6045","status":"publish","type":"product","link":"https:\/\/ceasuri.md\/ru\/shop\/branduri\/fossil\/fossil-sport-tourer-fs6045\/","title":{"rendered":"Ceas FOSSIL FS6045 Sport Tourer"},"content":{"rendered":"<p>Acest accesoriu func\u021bional va fi pe placul celor mai preten\u021bio\u0219i b\u0103rba\u021bi.<\/p>\n<p>Ceas cronograf cu cronometru. Lunet\u0103 cu scal\u0103 tahimetric\u0103. Carcas\u0103 rotund\u0103 din o\u021bel.<\/p>\n<p>Indicatoare sub form\u0103 de cifre arabe \u0219i triunghiuri. Fereastra datei se afl\u0103 \u00een pozi\u021bia ora 3.<\/p>\n<p>Coroan\u0103 canelat\u0103.<\/p>\n<p>Br\u0103\u021bar\u0103 cu \u00eenchiz\u0103toare pliabil\u0103.<\/p>","protected":false},"excerpt":{"rendered":"<p>Acest accesoriu func\u021bional va fi pe placul celor mai preten\u021bio\u0219i b\u0103rba\u021bi. Ceas cronograf cu cronometru. Lunet\u0103 cu scal\u0103 tahimetric\u0103. Carcas\u0103 rotund\u0103 din o\u021bel. Indicatoare sub form\u0103 de cifre arabe \u0219i triunghiuri. Fereastra datei se afl\u0103 \u00een pozi\u021bia ora 3. Coroan\u0103 canelat\u0103. Br\u0103\u021bar\u0103 cu \u00eenchiz\u0103toare pliabil\u0103.<\/p>","protected":false},"featured_media":53374,"comment_status":"closed","ping_status":"open","template":"","meta":{"_acf_changed":false},"product_brand":[],"product_cat":[20,396],"product_tag":[],"class_list":{"0":"post-53373","1":"product","2":"type-product","3":"status-publish","4":"has-post-thumbnail","6":"product_cat-ceasuri-barbati","7":"product_cat-fossil","8":"pa_brand-fossil","9":"pa_braslet-otel-inoxidabil","10":"pa_corpus-42-mm","11":"pa_forma-rotund","12":"pa_funcii-cronograf","13":"pa_funcii-data","14":"pa_funcii-tahimetru","15":"pa_garatia-24-luni","16":"pa_korpus-argintiu","17":"pa_kvarc-quartz","18":"pa_material-otel-inoxidabil","19":"pa_mehanizm-quartz","20":"pa_remeshok-argintiu","21":"pa_steklo-cristal-mineral","22":"pa_strana-sua","23":"pa_voda-5-atm","25":"first","26":"instock","27":"purchasable","28":"product-type-simple"},"acf":[],"_links":{"self":[{"href":"https:\/\/ceasuri.md\/ru\/wp-json\/wp\/v2\/product\/53373","targetHints":{"allow":["GET"]}}],"collection":[{"href":"https:\/\/ceasuri.md\/ru\/wp-json\/wp\/v2\/product"}],"about":[{"href":"https:\/\/ceasuri.md\/ru\/wp-json\/wp\/v2\/types\/product"}],"replies":[{"embeddable":true,"href":"https:\/\/ceasuri.md\/ru\/wp-json\/wp\/v2\/comments?post=53373"}],"wp:featuredmedia":[{"embeddable":true,"href":"https:\/\/ceasuri.md\/ru\/wp-json\/wp\/v2\/media\/53374"}],"wp:attachment":[{"href":"https:\/\/ceasuri.md\/ru\/wp-json\/wp\/v2\/media?parent=53373"}],"wp:term":[{"taxonomy":"product_brand","embeddable":true,"href":"https:\/\/ceasuri.md\/ru\/wp-json\/wp\/v2\/product_brand?post=53373"},{"taxonomy":"product_cat","embeddable":true,"href":"https:\/\/ceasuri.md\/ru\/wp-json\/wp\/v2\/product_cat?post=53373"},{"taxonomy":"product_tag","embeddable":true,"href":"https:\/\/ceasuri.md\/ru\/wp-json\/wp\/v2\/product_tag?post=53373"}],"curies":[{"name":"wp","href":"https:\/\/api.w.org\/{rel}","templated":true}]}}