{"id":53368,"date":"2026-04-02T23:59:47","date_gmt":"2026-04-02T20:59:47","guid":{"rendered":"http:\/\/new.ceasuri.md\/shop\/uncategorized\/fossil-sport-tourer-fs6042\/"},"modified":"2026-04-20T01:31:11","modified_gmt":"2026-04-19T22:31:11","slug":"fossil-sport-tourer-fs6042","status":"publish","type":"product","link":"https:\/\/ceasuri.md\/ru\/shop\/branduri\/fossil\/fossil-sport-tourer-fs6042\/","title":{"rendered":"\u0427\u0430\u0441\u044b FOSSIL SPORT TOURER FS6042"},"content":{"rendered":"<p>Acest accesoriu func\u021bional va fi pe placul celor mai exigen\u021bi b\u0103rba\u021bi.<\/p>\n<p>Ceas cronograf cu cronometru. Luneta cu scal\u0103 tahimetric\u0103. Carcas\u0103 rotund\u0103 din o\u021bel.<\/p>\n<p>Cifre arabe \u0219i triunghiuri. Fereastr\u0103 pentru dat\u0103 la ora 3.<\/p>\n<p>Coroan\u0103 canelat\u0103. Curea din piele cu cataram\u0103 clasic\u0103.<\/p>","protected":false},"excerpt":{"rendered":"<p>Acest accesoriu func\u021bional va fi pe placul celor mai exigen\u021bi b\u0103rba\u021bi. Ceas cronograf cu cronometru. Luneta cu scal\u0103 tahimetric\u0103. Carcas\u0103 rotund\u0103 din o\u021bel. Cifre arabe \u0219i triunghiuri. Fereastr\u0103 pentru dat\u0103 la ora 3. Coroan\u0103 canelat\u0103. Curea din piele cu cataram\u0103 clasic\u0103.<\/p>","protected":false},"featured_media":53369,"comment_status":"closed","ping_status":"open","template":"","meta":{"_acf_changed":false},"product_brand":[],"product_cat":[20,396],"product_tag":[],"class_list":{"0":"post-53368","1":"product","2":"type-product","3":"status-publish","4":"has-post-thumbnail","6":"product_cat-ceasuri-barbati","7":"product_cat-fossil","8":"pa_brand-fossil","9":"pa_braslet-piele","10":"pa_corpus-42-mm","11":"pa_forma-rotund","12":"pa_funcii-cronograf","13":"pa_funcii-data","14":"pa_funcii-tahimetru","15":"pa_garatia-24-luni","16":"pa_korpus-argintiu","17":"pa_kvarc-quartz","18":"pa_material-otel-inoxidabil","19":"pa_mehanizm-quartz","20":"pa_remeshok-maro","21":"pa_steklo-cristal-mineral","22":"pa_strana-sua","23":"pa_voda-5-atm","25":"first","26":"instock","27":"purchasable","28":"product-type-simple"},"acf":[],"_links":{"self":[{"href":"https:\/\/ceasuri.md\/ru\/wp-json\/wp\/v2\/product\/53368","targetHints":{"allow":["GET"]}}],"collection":[{"href":"https:\/\/ceasuri.md\/ru\/wp-json\/wp\/v2\/product"}],"about":[{"href":"https:\/\/ceasuri.md\/ru\/wp-json\/wp\/v2\/types\/product"}],"replies":[{"embeddable":true,"href":"https:\/\/ceasuri.md\/ru\/wp-json\/wp\/v2\/comments?post=53368"}],"wp:featuredmedia":[{"embeddable":true,"href":"https:\/\/ceasuri.md\/ru\/wp-json\/wp\/v2\/media\/53369"}],"wp:attachment":[{"href":"https:\/\/ceasuri.md\/ru\/wp-json\/wp\/v2\/media?parent=53368"}],"wp:term":[{"taxonomy":"product_brand","embeddable":true,"href":"https:\/\/ceasuri.md\/ru\/wp-json\/wp\/v2\/product_brand?post=53368"},{"taxonomy":"product_cat","embeddable":true,"href":"https:\/\/ceasuri.md\/ru\/wp-json\/wp\/v2\/product_cat?post=53368"},{"taxonomy":"product_tag","embeddable":true,"href":"https:\/\/ceasuri.md\/ru\/wp-json\/wp\/v2\/product_tag?post=53368"}],"curies":[{"name":"wp","href":"https:\/\/api.w.org\/{rel}","templated":true}]}}