{"id":53363,"date":"2026-04-02T23:58:55","date_gmt":"2026-04-02T20:58:55","guid":{"rendered":"http:\/\/new.ceasuri.md\/shop\/uncategorized\/fossil-fossil-blue-fs6036\/"},"modified":"2026-04-20T01:31:10","modified_gmt":"2026-04-19T22:31:10","slug":"fossil-fossil-blue-fs6036","status":"publish","type":"product","link":"https:\/\/ceasuri.md\/ru\/shop\/branduri\/fossil\/fossil-fossil-blue-fs6036\/","title":{"rendered":"\u0427\u0430\u0441\u044b FOSSIL FOSSIL BLUE FS6036"},"content":{"rendered":"<p>Designul elegant al carcasei \u0219i func\u021bionalitatea &#8211; alegerea b\u0103rbatului care aspir\u0103 la atingerea de noi obiective.<\/p>\n<p>Ceas de m\u00e2n\u0103 impermeabil pentru b\u0103rba\u021bi Fossil Blue GMT. Carcas\u0103 rotund\u0103 din o\u021bel cu sticl\u0103 mineral\u0103.<\/p>\n<p>Al doilea fus orar \u00een format de 24 de ore este afi\u0219at de acul central. Indicatoare sub form\u0103 de linii \u0219i puncte, indicatorul de 12 ore sub form\u0103 de triunghi. Marcaje \u0219i ace cu acoperire luminescent\u0103, care str\u0103luce\u0219te \u00een \u00eentuneric. Fereastra de dat\u0103 cu lup\u0103 se afl\u0103 \u00een pozi\u021bia 3 ore.<\/p>\n<p>Coroan\u0103 canelat\u0103 cu protec\u021bie.<\/p>\n<p>Curea din silicon cu \u00eenchiz\u0103toare clasic\u0103.<\/p>","protected":false},"excerpt":{"rendered":"<p>Designul elegant al carcasei \u0219i func\u021bionalitatea &#8211; alegerea b\u0103rbatului care aspir\u0103 la atingerea de noi obiective. Ceas de m\u00e2n\u0103 impermeabil pentru b\u0103rba\u021bi Fossil Blue GMT. Carcas\u0103 rotund\u0103 din o\u021bel cu sticl\u0103 mineral\u0103. Al doilea fus orar \u00een format de 24 de ore este afi\u0219at de acul central. Indicatoare sub form\u0103 de linii \u0219i puncte, indicatorul [&hellip;]<\/p>\n","protected":false},"featured_media":53364,"comment_status":"closed","ping_status":"open","template":"","meta":{"_acf_changed":false},"product_brand":[],"product_cat":[20,396],"product_tag":[],"class_list":{"0":"post-53363","1":"product","2":"type-product","3":"status-publish","4":"has-post-thumbnail","6":"product_cat-ceasuri-barbati","7":"product_cat-fossil","8":"pa_brand-fossil","9":"pa_braslet-silicon","10":"pa_corpus-46-mm","11":"pa_forma-rotund","12":"pa_funcii-data","13":"pa_funcii-dual-time","14":"pa_garatia-24-luni","15":"pa_korpus-argintiu","16":"pa_kvarc-quartz","17":"pa_material-otel-inoxidabil","18":"pa_mehanizm-quartz","19":"pa_remeshok-negru","20":"pa_steklo-cristal-mineral","21":"pa_strana-sua","22":"pa_voda-10-atm","24":"first","25":"instock","26":"purchasable","27":"product-type-simple"},"acf":[],"_links":{"self":[{"href":"https:\/\/ceasuri.md\/ru\/wp-json\/wp\/v2\/product\/53363","targetHints":{"allow":["GET"]}}],"collection":[{"href":"https:\/\/ceasuri.md\/ru\/wp-json\/wp\/v2\/product"}],"about":[{"href":"https:\/\/ceasuri.md\/ru\/wp-json\/wp\/v2\/types\/product"}],"replies":[{"embeddable":true,"href":"https:\/\/ceasuri.md\/ru\/wp-json\/wp\/v2\/comments?post=53363"}],"wp:featuredmedia":[{"embeddable":true,"href":"https:\/\/ceasuri.md\/ru\/wp-json\/wp\/v2\/media\/53364"}],"wp:attachment":[{"href":"https:\/\/ceasuri.md\/ru\/wp-json\/wp\/v2\/media?parent=53363"}],"wp:term":[{"taxonomy":"product_brand","embeddable":true,"href":"https:\/\/ceasuri.md\/ru\/wp-json\/wp\/v2\/product_brand?post=53363"},{"taxonomy":"product_cat","embeddable":true,"href":"https:\/\/ceasuri.md\/ru\/wp-json\/wp\/v2\/product_cat?post=53363"},{"taxonomy":"product_tag","embeddable":true,"href":"https:\/\/ceasuri.md\/ru\/wp-json\/wp\/v2\/product_tag?post=53363"}],"curies":[{"name":"wp","href":"https:\/\/api.w.org\/{rel}","templated":true}]}}