{"id":53349,"date":"2026-04-02T23:58:55","date_gmt":"2026-04-02T20:58:55","guid":{"rendered":"http:\/\/new.ceasuri.md\/shop\/uncategorized\/fossil-neutra-fs6025\/"},"modified":"2026-04-07T04:44:52","modified_gmt":"2026-04-07T01:44:52","slug":"fossil-neutra-fs6025","status":"publish","type":"product","link":"https:\/\/ceasuri.md\/ru\/shop\/branduri\/fossil\/fossil-neutra-fs6025\/","title":{"rendered":"Ceas FOSSIL NEUTRA FS6025"},"content":{"rendered":"<p>Func\u021bionalitatea \u0219i designul sobru permit combinarea acestui accesoriu at\u00e2t cu stilul clasic, c\u00e2t \u0219i cu cel casual.<\/p>\n<p>Ceas cronograf cu cronometru. Format de afi\u0219are a orei 12 \u0219i 24.<\/p>\n<p>Indica\u021bii sub form\u0103 de cifre arabe \u0219i linii. Fereastr\u0103 pentru dat\u0103 \u00een pozi\u021bia \u201e6 ore\u201d.<\/p>\n<p>Coroan\u0103 canelat\u0103.<\/p>\n<p>Br\u0103\u021bar\u0103 din o\u021bel cu \u00eenchidere pliabil\u0103.<\/p>","protected":false},"excerpt":{"rendered":"<p>Func\u021bionalitatea \u0219i designul sobru permit combinarea acestui accesoriu at\u00e2t cu stilul clasic, c\u00e2t \u0219i cu cel casual. Ceas cronograf cu cronometru. Format de afi\u0219are a orei 12 \u0219i 24. Indica\u021bii sub form\u0103 de cifre arabe \u0219i linii. Fereastr\u0103 pentru dat\u0103 \u00een pozi\u021bia \u201e6 ore\u201d. Coroan\u0103 canelat\u0103. Br\u0103\u021bar\u0103 din o\u021bel cu \u00eenchidere pliabil\u0103.<\/p>","protected":false},"featured_media":53350,"comment_status":"closed","ping_status":"open","template":"","meta":{"_acf_changed":false},"product_brand":[],"product_cat":[20,396],"product_tag":[],"class_list":{"0":"post-53349","1":"product","2":"type-product","3":"status-publish","4":"has-post-thumbnail","6":"product_cat-ceasuri-barbati","7":"product_cat-fossil","8":"pa_brand-fossil","9":"pa_braslet-otel-inoxidabil","10":"pa_corpus-44-mm","11":"pa_forma-rotund","12":"pa_funcii-cronograf","13":"pa_funcii-data","14":"pa_garatia-24-luni","15":"pa_korpus-argintiu","16":"pa_material-otel-inoxidabil","17":"pa_mehanizm-quartz","18":"pa_remeshok-argintiu","19":"pa_steklo-cristal-mineral","20":"pa_strana-sua","21":"pa_voda-5-atm","23":"first","24":"instock","25":"purchasable","26":"product-type-simple"},"acf":[],"_links":{"self":[{"href":"https:\/\/ceasuri.md\/ru\/wp-json\/wp\/v2\/product\/53349","targetHints":{"allow":["GET"]}}],"collection":[{"href":"https:\/\/ceasuri.md\/ru\/wp-json\/wp\/v2\/product"}],"about":[{"href":"https:\/\/ceasuri.md\/ru\/wp-json\/wp\/v2\/types\/product"}],"replies":[{"embeddable":true,"href":"https:\/\/ceasuri.md\/ru\/wp-json\/wp\/v2\/comments?post=53349"}],"wp:featuredmedia":[{"embeddable":true,"href":"https:\/\/ceasuri.md\/ru\/wp-json\/wp\/v2\/media\/53350"}],"wp:attachment":[{"href":"https:\/\/ceasuri.md\/ru\/wp-json\/wp\/v2\/media?parent=53349"}],"wp:term":[{"taxonomy":"product_brand","embeddable":true,"href":"https:\/\/ceasuri.md\/ru\/wp-json\/wp\/v2\/product_brand?post=53349"},{"taxonomy":"product_cat","embeddable":true,"href":"https:\/\/ceasuri.md\/ru\/wp-json\/wp\/v2\/product_cat?post=53349"},{"taxonomy":"product_tag","embeddable":true,"href":"https:\/\/ceasuri.md\/ru\/wp-json\/wp\/v2\/product_tag?post=53349"}],"curies":[{"name":"wp","href":"https:\/\/api.w.org\/{rel}","templated":true}]}}