{"id":53320,"date":"2026-04-02T23:58:55","date_gmt":"2026-04-02T20:58:55","guid":{"rendered":"http:\/\/new.ceasuri.md\/shop\/uncategorized\/fossil-machine-fs5920\/"},"modified":"2026-04-07T04:44:47","modified_gmt":"2026-04-07T01:44:47","slug":"fossil-machine-fs5920","status":"publish","type":"product","link":"https:\/\/ceasuri.md\/ru\/shop\/branduri\/fossil\/fossil-machine-fs5920\/","title":{"rendered":"Ceas FOSSIL MACHINE FS5920"},"content":{"rendered":"<p>Ceasul practic \u0219i func\u021bional, cu carcas\u0103 rotund\u0103 \u0219i curea confortabil\u0103, este ideal pentru ritmul de via\u021b\u0103 modern.<\/p>\n<p>Carcas\u0103 din o\u021bel inoxidabil. Lunet\u0103 cu suprafa\u021b\u0103 texturat\u0103.<\/p>\n<p>Indica\u021bii sub form\u0103 de linii. Fereastr\u0103 pentru dat\u0103 \u0219i zi a s\u0103pt\u0103m\u00e2nii \u00een pozi\u021bia ora 3.<\/p>\n<p>Coroan\u0103 canelat\u0103.<\/p>\n<p>Curea din piele.<\/p>","protected":false},"excerpt":{"rendered":"<p>Ceasul practic \u0219i func\u021bional, cu carcas\u0103 rotund\u0103 \u0219i curea confortabil\u0103, este ideal pentru ritmul de via\u021b\u0103 modern. Carcas\u0103 din o\u021bel inoxidabil. Lunet\u0103 cu suprafa\u021b\u0103 texturat\u0103. Indica\u021bii sub form\u0103 de linii. Fereastr\u0103 pentru dat\u0103 \u0219i zi a s\u0103pt\u0103m\u00e2nii \u00een pozi\u021bia ora 3. Coroan\u0103 canelat\u0103. Curea din piele.<\/p>","protected":false},"featured_media":53321,"comment_status":"closed","ping_status":"open","template":"","meta":{"_acf_changed":false},"product_brand":[],"product_cat":[20,396],"product_tag":[],"class_list":{"0":"post-53320","1":"product","2":"type-product","3":"status-publish","4":"has-post-thumbnail","6":"product_cat-ceasuri-barbati","7":"product_cat-fossil","8":"pa_brand-fossil","9":"pa_braslet-piele","10":"pa_corpus-42-mm","11":"pa_forma-rotund","12":"pa_funcii-data","13":"pa_funcii-ziua-saptamanii","14":"pa_garatia-24-luni","15":"pa_korpus-argintiu","16":"pa_material-otel-inoxidabil","17":"pa_mehanizm-quartz","18":"pa_remeshok-maro","19":"pa_steklo-cristal-mineral","20":"pa_strana-sua","21":"pa_voda-5-atm","23":"first","24":"instock","25":"purchasable","26":"product-type-simple"},"acf":[],"_links":{"self":[{"href":"https:\/\/ceasuri.md\/ru\/wp-json\/wp\/v2\/product\/53320","targetHints":{"allow":["GET"]}}],"collection":[{"href":"https:\/\/ceasuri.md\/ru\/wp-json\/wp\/v2\/product"}],"about":[{"href":"https:\/\/ceasuri.md\/ru\/wp-json\/wp\/v2\/types\/product"}],"replies":[{"embeddable":true,"href":"https:\/\/ceasuri.md\/ru\/wp-json\/wp\/v2\/comments?post=53320"}],"wp:featuredmedia":[{"embeddable":true,"href":"https:\/\/ceasuri.md\/ru\/wp-json\/wp\/v2\/media\/53321"}],"wp:attachment":[{"href":"https:\/\/ceasuri.md\/ru\/wp-json\/wp\/v2\/media?parent=53320"}],"wp:term":[{"taxonomy":"product_brand","embeddable":true,"href":"https:\/\/ceasuri.md\/ru\/wp-json\/wp\/v2\/product_brand?post=53320"},{"taxonomy":"product_cat","embeddable":true,"href":"https:\/\/ceasuri.md\/ru\/wp-json\/wp\/v2\/product_cat?post=53320"},{"taxonomy":"product_tag","embeddable":true,"href":"https:\/\/ceasuri.md\/ru\/wp-json\/wp\/v2\/product_tag?post=53320"}],"curies":[{"name":"wp","href":"https:\/\/api.w.org\/{rel}","templated":true}]}}