{"id":53315,"date":"2026-04-02T23:58:55","date_gmt":"2026-04-02T20:58:55","guid":{"rendered":"http:\/\/new.ceasuri.md\/shop\/uncategorized\/fossil-neutra-fs5905\/"},"modified":"2026-04-20T01:31:03","modified_gmt":"2026-04-19T22:31:03","slug":"fossil-neutra-fs5905","status":"publish","type":"product","link":"https:\/\/ceasuri.md\/ru\/shop\/branduri\/fossil\/fossil-neutra-fs5905\/","title":{"rendered":"\u0427\u0430\u0441\u044b FOSSIL NEUTRA FS5905"},"content":{"rendered":"<p>Acest ceas elegant, cu caracter clasic, este partenerul ideal pentru omul de afaceri modern.<\/p>\n<p>Ceas de m\u00e2n\u0103 pentru b\u0103rba\u021bi, cu carcas\u0103 rotund\u0103 din o\u021bel.<\/p>\n<p>Cadranul este realizat folosind tehnologia Sunray. Data, ziua s\u0103pt\u0103m\u00e2nii \u0219i indicatorul zi\/noapte pe cadrane separate.<\/p>\n<p>Coroan\u0103 canelat\u0103.<\/p>\n<p>Curea cu cataram\u0103 clasic\u0103.<\/p>","protected":false},"excerpt":{"rendered":"<p>Acest ceas elegant, cu caracter clasic, este partenerul ideal pentru omul de afaceri modern. Ceas de m\u00e2n\u0103 pentru b\u0103rba\u021bi, cu carcas\u0103 rotund\u0103 din o\u021bel. Cadranul este realizat folosind tehnologia Sunray. Data, ziua s\u0103pt\u0103m\u00e2nii \u0219i indicatorul zi\/noapte pe cadrane separate. Coroan\u0103 canelat\u0103. Curea cu cataram\u0103 clasic\u0103.<\/p>","protected":false},"featured_media":53316,"comment_status":"closed","ping_status":"open","template":"","meta":{"_acf_changed":false},"product_brand":[],"product_cat":[20,396],"product_tag":[],"class_list":{"0":"post-53315","1":"product","2":"type-product","3":"status-publish","4":"has-post-thumbnail","6":"product_cat-ceasuri-barbati","7":"product_cat-fossil","8":"pa_brand-fossil","9":"pa_braslet-piele","10":"pa_corpus-42-mm","11":"pa_forma-rotund","12":"pa_funcii-data","13":"pa_funcii-daynight","14":"pa_funcii-ziua-saptamanii","15":"pa_garatia-24-luni","16":"pa_korpus-argintiu","17":"pa_kvarc-quartz","18":"pa_material-otel-inoxidabil","19":"pa_mehanizm-quartz","20":"pa_remeshok-maro","21":"pa_steklo-cristal-mineral","22":"pa_strana-sua","23":"pa_voda-5-atm","25":"first","26":"instock","27":"purchasable","28":"product-type-simple"},"acf":[],"_links":{"self":[{"href":"https:\/\/ceasuri.md\/ru\/wp-json\/wp\/v2\/product\/53315","targetHints":{"allow":["GET"]}}],"collection":[{"href":"https:\/\/ceasuri.md\/ru\/wp-json\/wp\/v2\/product"}],"about":[{"href":"https:\/\/ceasuri.md\/ru\/wp-json\/wp\/v2\/types\/product"}],"replies":[{"embeddable":true,"href":"https:\/\/ceasuri.md\/ru\/wp-json\/wp\/v2\/comments?post=53315"}],"wp:featuredmedia":[{"embeddable":true,"href":"https:\/\/ceasuri.md\/ru\/wp-json\/wp\/v2\/media\/53316"}],"wp:attachment":[{"href":"https:\/\/ceasuri.md\/ru\/wp-json\/wp\/v2\/media?parent=53315"}],"wp:term":[{"taxonomy":"product_brand","embeddable":true,"href":"https:\/\/ceasuri.md\/ru\/wp-json\/wp\/v2\/product_brand?post=53315"},{"taxonomy":"product_cat","embeddable":true,"href":"https:\/\/ceasuri.md\/ru\/wp-json\/wp\/v2\/product_cat?post=53315"},{"taxonomy":"product_tag","embeddable":true,"href":"https:\/\/ceasuri.md\/ru\/wp-json\/wp\/v2\/product_tag?post=53315"}],"curies":[{"name":"wp","href":"https:\/\/api.w.org\/{rel}","templated":true}]}}