{"id":53310,"date":"2026-04-02T23:58:55","date_gmt":"2026-04-02T20:58:55","guid":{"rendered":"http:\/\/new.ceasuri.md\/shop\/uncategorized\/fossil-machine-fs5901\/"},"modified":"2026-04-16T21:26:10","modified_gmt":"2026-04-16T18:26:10","slug":"fossil-machine-fs5901","status":"publish","type":"product","link":"https:\/\/ceasuri.md\/ru\/shop\/branduri\/fossil\/fossil-machine-fs5901\/","title":{"rendered":"Ceas FOSSIL FS5901 Machine"},"content":{"rendered":"<p>Acest ceas va completa perfect look-ul t\u0103u unic.<\/p>\n<p>Carcas\u0103 rotund\u0103 din o\u021bel cu suprafa\u021b\u0103 mat\u0103. Bezel striat.<\/p>\n<p>Arce dreptunghiulare ascu\u021bite \u00een stil Baton. Indicatoare sub form\u0103 de linii. Indicatoare \u0219i arce cu acoperire luminescent\u0103, care str\u0103lucesc \u00een \u00eentuneric dup\u0103 o scurt\u0103 \u00eenc\u0103rcare la lumin\u0103. Fereastra dubl\u0103 pentru dat\u0103 \u0219i ziua s\u0103pt\u0103m\u00e2nii se afl\u0103 \u00een pozi\u021bia ora 3.<\/p>\n<p>Coroan\u0103 canelat\u0103. Capac posterior \u00een\u0219urubat.<\/p>\n<p>Curea confortabil\u0103 din piele cu cataram\u0103 clasic\u0103.<\/p>","protected":false},"excerpt":{"rendered":"<p>Acest ceas va completa perfect look-ul t\u0103u unic. Carcas\u0103 rotund\u0103 din o\u021bel cu suprafa\u021b\u0103 mat\u0103. Bezel striat. Arce dreptunghiulare ascu\u021bite \u00een stil Baton. Indicatoare sub form\u0103 de linii. Indicatoare \u0219i arce cu acoperire luminescent\u0103, care str\u0103lucesc \u00een \u00eentuneric dup\u0103 o scurt\u0103 \u00eenc\u0103rcare la lumin\u0103. Fereastra dubl\u0103 pentru dat\u0103 \u0219i ziua s\u0103pt\u0103m\u00e2nii se afl\u0103 \u00een pozi\u021bia [&hellip;]<\/p>\n","protected":false},"featured_media":53311,"comment_status":"closed","ping_status":"open","template":"","meta":{"_acf_changed":false},"product_brand":[],"product_cat":[20,396],"product_tag":[],"class_list":{"0":"post-53310","1":"product","2":"type-product","3":"status-publish","4":"has-post-thumbnail","6":"product_cat-ceasuri-barbati","7":"product_cat-fossil","8":"pa_brand-fossil","9":"pa_braslet-piele","10":"pa_corpus-42-mm","11":"pa_forma-rotund","12":"pa_funcii-data","13":"pa_funcii-ziua-saptamanii","14":"pa_garatia-24-luni","15":"pa_korpus-negru","16":"pa_kvarc-quartz","17":"pa_material-otel-inoxidabil","18":"pa_mehanizm-quartz","19":"pa_remeshok-maro","20":"pa_steklo-cristal-mineral","21":"pa_strana-sua","22":"pa_voda-5-atm","24":"first","25":"instock","26":"purchasable","27":"product-type-simple"},"acf":[],"_links":{"self":[{"href":"https:\/\/ceasuri.md\/ru\/wp-json\/wp\/v2\/product\/53310","targetHints":{"allow":["GET"]}}],"collection":[{"href":"https:\/\/ceasuri.md\/ru\/wp-json\/wp\/v2\/product"}],"about":[{"href":"https:\/\/ceasuri.md\/ru\/wp-json\/wp\/v2\/types\/product"}],"replies":[{"embeddable":true,"href":"https:\/\/ceasuri.md\/ru\/wp-json\/wp\/v2\/comments?post=53310"}],"wp:featuredmedia":[{"embeddable":true,"href":"https:\/\/ceasuri.md\/ru\/wp-json\/wp\/v2\/media\/53311"}],"wp:attachment":[{"href":"https:\/\/ceasuri.md\/ru\/wp-json\/wp\/v2\/media?parent=53310"}],"wp:term":[{"taxonomy":"product_brand","embeddable":true,"href":"https:\/\/ceasuri.md\/ru\/wp-json\/wp\/v2\/product_brand?post=53310"},{"taxonomy":"product_cat","embeddable":true,"href":"https:\/\/ceasuri.md\/ru\/wp-json\/wp\/v2\/product_cat?post=53310"},{"taxonomy":"product_tag","embeddable":true,"href":"https:\/\/ceasuri.md\/ru\/wp-json\/wp\/v2\/product_tag?post=53310"}],"curies":[{"name":"wp","href":"https:\/\/api.w.org\/{rel}","templated":true}]}}