{"id":53305,"date":"2026-04-02T23:58:55","date_gmt":"2026-04-02T20:58:55","guid":{"rendered":"http:\/\/new.ceasuri.md\/shop\/uncategorized\/fossil-bronson-fs5875\/"},"modified":"2026-04-20T01:31:02","modified_gmt":"2026-04-19T22:31:02","slug":"fossil-bronson-fs5875","status":"publish","type":"product","link":"https:\/\/ceasuri.md\/ru\/shop\/branduri\/fossil\/fossil-bronson-fs5875\/","title":{"rendered":"\u0427\u0430\u0441\u044b FOSSIL BRONSON FS5875"},"content":{"rendered":"<p>Func\u021bionalitate \u00eentr-o carcas\u0103 masiv\u0103 &#8211; pentru zi \u0219i noapte, munc\u0103 \u0219i sport. Nu rata\u021bi \u0219ansa de a fi la \u00een\u0103l\u021bime!<\/p>\n<p>Ceas cronograf cu cronometru.<\/p>\n<p>Indicatoare sub form\u0103 de linii \u0219i cifre arabe. Fereastra datei se afl\u0103 \u00eentre indicatoarele de la ora 4 \u0219i ora 5.<\/p>\n<p>Coroan\u0103 canelat\u0103.<\/p>\n<p>Curea din piele ecologic\u0103 cu cataram\u0103 clasic\u0103.<\/p>","protected":false},"excerpt":{"rendered":"<p>Func\u021bionalitate \u00eentr-o carcas\u0103 masiv\u0103 &#8211; pentru zi \u0219i noapte, munc\u0103 \u0219i sport. Nu rata\u021bi \u0219ansa de a fi la \u00een\u0103l\u021bime! Ceas cronograf cu cronometru. Indicatoare sub form\u0103 de linii \u0219i cifre arabe. Fereastra datei se afl\u0103 \u00eentre indicatoarele de la ora 4 \u0219i ora 5. Coroan\u0103 canelat\u0103. Curea din piele ecologic\u0103 cu cataram\u0103 clasic\u0103.<\/p>","protected":false},"featured_media":53306,"comment_status":"closed","ping_status":"open","template":"","meta":{"_acf_changed":false},"product_brand":[],"product_cat":[20,396],"product_tag":[],"class_list":{"0":"post-53305","1":"product","2":"type-product","3":"status-publish","4":"has-post-thumbnail","6":"product_cat-ceasuri-barbati","7":"product_cat-fossil","8":"pa_brand-fossil","9":"pa_braslet-piele","10":"pa_corpus-50-mm","11":"pa_forma-rotund","12":"pa_funcii-cronograf","13":"pa_funcii-data","14":"pa_garatia-24-luni","15":"pa_korpus-negru","16":"pa_kvarc-quartz","17":"pa_material-otel-inoxidabil","18":"pa_mehanizm-quartz","19":"pa_remeshok-maro","20":"pa_steklo-cristal-mineral","21":"pa_strana-sua","22":"pa_voda-5-atm","24":"first","25":"instock","26":"purchasable","27":"product-type-simple"},"acf":[],"_links":{"self":[{"href":"https:\/\/ceasuri.md\/ru\/wp-json\/wp\/v2\/product\/53305","targetHints":{"allow":["GET"]}}],"collection":[{"href":"https:\/\/ceasuri.md\/ru\/wp-json\/wp\/v2\/product"}],"about":[{"href":"https:\/\/ceasuri.md\/ru\/wp-json\/wp\/v2\/types\/product"}],"replies":[{"embeddable":true,"href":"https:\/\/ceasuri.md\/ru\/wp-json\/wp\/v2\/comments?post=53305"}],"wp:featuredmedia":[{"embeddable":true,"href":"https:\/\/ceasuri.md\/ru\/wp-json\/wp\/v2\/media\/53306"}],"wp:attachment":[{"href":"https:\/\/ceasuri.md\/ru\/wp-json\/wp\/v2\/media?parent=53305"}],"wp:term":[{"taxonomy":"product_brand","embeddable":true,"href":"https:\/\/ceasuri.md\/ru\/wp-json\/wp\/v2\/product_brand?post=53305"},{"taxonomy":"product_cat","embeddable":true,"href":"https:\/\/ceasuri.md\/ru\/wp-json\/wp\/v2\/product_cat?post=53305"},{"taxonomy":"product_tag","embeddable":true,"href":"https:\/\/ceasuri.md\/ru\/wp-json\/wp\/v2\/product_tag?post=53305"}],"curies":[{"name":"wp","href":"https:\/\/api.w.org\/{rel}","templated":true}]}}