{"id":53300,"date":"2026-04-02T23:58:55","date_gmt":"2026-04-02T20:58:55","guid":{"rendered":"http:\/\/new.ceasuri.md\/shop\/uncategorized\/fossil-neutra-fs5453\/"},"modified":"2026-04-16T21:26:09","modified_gmt":"2026-04-16T18:26:09","slug":"fossil-neutra-fs5453","status":"publish","type":"product","link":"https:\/\/ceasuri.md\/ru\/shop\/branduri\/fossil\/fossil-neutra-fs5453\/","title":{"rendered":"Ceas FOSSIL FS5453 Neutra"},"content":{"rendered":"<p>Designul elegant al acestui ceas func\u021bional \u00eel transform\u0103 \u00eentr-un accesoriu spectaculos, care va completa perfect \u021binuta ta.<\/p>\n<p>Ceas cronograf cu cronometru.<\/p>\n<p>Carcasa este realizat\u0103 din o\u021bel inoxidabil.<\/p>\n<p>Trei cadrane mici pentru 60 de secunde, 30 de minute \u0219i formatul de timp de 24 de ore. Fereastr\u0103 pentru dat\u0103.<\/p>\n<p>Curea din piele maro.<\/p>","protected":false},"excerpt":{"rendered":"<p>Designul elegant al acestui ceas func\u021bional \u00eel transform\u0103 \u00eentr-un accesoriu spectaculos, care va completa perfect \u021binuta ta. Ceas cronograf cu cronometru. Carcasa este realizat\u0103 din o\u021bel inoxidabil. Trei cadrane mici pentru 60 de secunde, 30 de minute \u0219i formatul de timp de 24 de ore. Fereastr\u0103 pentru dat\u0103. Curea din piele maro.<\/p>","protected":false},"featured_media":53301,"comment_status":"closed","ping_status":"open","template":"","meta":{"_acf_changed":false},"product_brand":[],"product_cat":[20,396],"product_tag":[],"class_list":{"0":"post-53300","1":"product","2":"type-product","3":"status-publish","4":"has-post-thumbnail","6":"product_cat-ceasuri-barbati","7":"product_cat-fossil","8":"pa_brand-fossil","9":"pa_braslet-piele","10":"pa_corpus-44-mm","11":"pa_forma-rotund","12":"pa_funcii-cronograf","13":"pa_funcii-data","14":"pa_garatia-24-luni","15":"pa_korpus-argintiu","16":"pa_kvarc-quartz","17":"pa_material-otel-inoxidabil","18":"pa_mehanizm-quartz","19":"pa_remeshok-maro","20":"pa_steklo-cristal-mineral","21":"pa_strana-sua","22":"pa_voda-5-atm","24":"first","25":"instock","26":"purchasable","27":"product-type-simple"},"acf":[],"_links":{"self":[{"href":"https:\/\/ceasuri.md\/ru\/wp-json\/wp\/v2\/product\/53300","targetHints":{"allow":["GET"]}}],"collection":[{"href":"https:\/\/ceasuri.md\/ru\/wp-json\/wp\/v2\/product"}],"about":[{"href":"https:\/\/ceasuri.md\/ru\/wp-json\/wp\/v2\/types\/product"}],"replies":[{"embeddable":true,"href":"https:\/\/ceasuri.md\/ru\/wp-json\/wp\/v2\/comments?post=53300"}],"wp:featuredmedia":[{"embeddable":true,"href":"https:\/\/ceasuri.md\/ru\/wp-json\/wp\/v2\/media\/53301"}],"wp:attachment":[{"href":"https:\/\/ceasuri.md\/ru\/wp-json\/wp\/v2\/media?parent=53300"}],"wp:term":[{"taxonomy":"product_brand","embeddable":true,"href":"https:\/\/ceasuri.md\/ru\/wp-json\/wp\/v2\/product_brand?post=53300"},{"taxonomy":"product_cat","embeddable":true,"href":"https:\/\/ceasuri.md\/ru\/wp-json\/wp\/v2\/product_cat?post=53300"},{"taxonomy":"product_tag","embeddable":true,"href":"https:\/\/ceasuri.md\/ru\/wp-json\/wp\/v2\/product_tag?post=53300"}],"curies":[{"name":"wp","href":"https:\/\/api.w.org\/{rel}","templated":true}]}}