{"id":53288,"date":"2026-04-02T23:58:55","date_gmt":"2026-04-02T20:58:55","guid":{"rendered":"http:\/\/new.ceasuri.md\/shop\/uncategorized\/fossil-fossil-blue-es5349\/"},"modified":"2026-04-16T21:26:08","modified_gmt":"2026-04-16T18:26:08","slug":"fossil-fossil-blue-es5349","status":"publish","type":"product","link":"https:\/\/ceasuri.md\/ru\/shop\/branduri\/fossil\/fossil-fossil-blue-es5349\/","title":{"rendered":"Ceas FOSSIL ES5349 Fossil Blue"},"content":{"rendered":"<p>Ceasul Fossil Blue este alegerea perfect\u0103 pentru cei care apreciaz\u0103 accesoriile elegante, care combin\u0103 designul atemporal cu func\u021bionalitatea.<\/p>\n<p>Acest ceas de la renumitul brand Fossil se remarc\u0103 prin construc\u021bia de \u00eenalt\u0103 calitate din o\u021bel, at\u00e2t a br\u0103\u021b\u0103rii, c\u00e2t \u0219i a carcasei. Acest lucru \u00eel face nu numai estetic, ci \u0219i rezistent la deterior\u0103ri \u0219i durabil.<\/p>\n<p>Toate elementele ceasului au fost atent selectate, ceea ce a dus la o combina\u021bie armonioas\u0103. \u00cenchiz\u0103toarea cu buton permite punerea \u0219i scoaterea u\u0219oar\u0103 a ceasului, iar mecanismul cu cuar\u021b \u00eendepline\u0219te a\u0219tept\u0103rile \u00een ceea ce prive\u0219te precizia \u0219i fiabilitatea.<\/p>\n<p>Acest ceas poate fi purtat \u00een fiecare zi pentru a completa stilul de zi cu zi, iar dimensiunea sa compact\u0103 (diametrul carcasei 36 mm, l\u0103\u021bimea curelei 18 mm) \u00eel face un accesoriu confortabil pentru orice m\u00e2n\u0103.<\/p>","protected":false},"excerpt":{"rendered":"<p>Ceasul Fossil Blue este alegerea perfect\u0103 pentru cei care apreciaz\u0103 accesoriile elegante, care combin\u0103 designul atemporal cu func\u021bionalitatea. Acest ceas de la renumitul brand Fossil se remarc\u0103 prin construc\u021bia de \u00eenalt\u0103 calitate din o\u021bel, at\u00e2t a br\u0103\u021b\u0103rii, c\u00e2t \u0219i a carcasei. Acest lucru \u00eel face nu numai estetic, ci \u0219i rezistent la deterior\u0103ri \u0219i durabil. [&hellip;]<\/p>\n","protected":false},"featured_media":53289,"comment_status":"closed","ping_status":"open","template":"","meta":{"_acf_changed":false},"product_brand":[],"product_cat":[25,396],"product_tag":[],"class_list":{"0":"post-53288","1":"product","2":"type-product","3":"status-publish","4":"has-post-thumbnail","6":"product_cat-ceasuri-dama","7":"product_cat-fossil","8":"pa_brand-fossil","9":"pa_braslet-otel-inoxidabil","10":"pa_corpus-36-mm","11":"pa_decor-cristale-swarowski","12":"pa_forma-rotund","13":"pa_garatia-24-luni","14":"pa_korpus-argintiu","15":"pa_kvarc-quartz","16":"pa_material-otel-inoxidabil","17":"pa_mehanizm-quartz","18":"pa_remeshok-bicolor","19":"pa_steklo-cristal-mineral","20":"pa_strana-sua","21":"pa_voda-10-atm","23":"first","24":"instock","25":"purchasable","26":"product-type-simple"},"acf":[],"_links":{"self":[{"href":"https:\/\/ceasuri.md\/ru\/wp-json\/wp\/v2\/product\/53288","targetHints":{"allow":["GET"]}}],"collection":[{"href":"https:\/\/ceasuri.md\/ru\/wp-json\/wp\/v2\/product"}],"about":[{"href":"https:\/\/ceasuri.md\/ru\/wp-json\/wp\/v2\/types\/product"}],"replies":[{"embeddable":true,"href":"https:\/\/ceasuri.md\/ru\/wp-json\/wp\/v2\/comments?post=53288"}],"wp:featuredmedia":[{"embeddable":true,"href":"https:\/\/ceasuri.md\/ru\/wp-json\/wp\/v2\/media\/53289"}],"wp:attachment":[{"href":"https:\/\/ceasuri.md\/ru\/wp-json\/wp\/v2\/media?parent=53288"}],"wp:term":[{"taxonomy":"product_brand","embeddable":true,"href":"https:\/\/ceasuri.md\/ru\/wp-json\/wp\/v2\/product_brand?post=53288"},{"taxonomy":"product_cat","embeddable":true,"href":"https:\/\/ceasuri.md\/ru\/wp-json\/wp\/v2\/product_cat?post=53288"},{"taxonomy":"product_tag","embeddable":true,"href":"https:\/\/ceasuri.md\/ru\/wp-json\/wp\/v2\/product_tag?post=53288"}],"curies":[{"name":"wp","href":"https:\/\/api.w.org\/{rel}","templated":true}]}}