{"id":53269,"date":"2024-07-01T07:11:43","date_gmt":"2024-07-01T04:11:43","guid":{"rendered":"http:\/\/new.ceasuri.md\/shop\/uncategorized\/fossil-raquel-watch-ring-es5343\/"},"modified":"2026-05-01T18:35:44","modified_gmt":"2026-05-01T15:35:44","slug":"fossil-raquel-watch-ring-es5343","status":"publish","type":"product","link":"https:\/\/ceasuri.md\/ru\/shop\/accesorii\/accesorii-dama\/inele\/fossil-raquel-watch-ring-es5343\/","title":{"rendered":"\u0427\u0430\u0441\u044b FOSSIL RAQUEL WATCH RING ES5343"},"content":{"rendered":"<p>Ceasul-inel este o alegere elegant\u0103 \u0219i rafinat\u0103 pentru femeile care apreciaz\u0103 combina\u021bia dintre lux \u0219i design modern.<\/p>\n<p>Acest ceas cu cuar\u021b pentru femei se remarc\u0103 prin designul s\u0103u uimitor, realizat \u00eentr-o nuan\u021b\u0103 aurie. Carcasa din o\u021bel inoxidabil auriu se remarc\u0103 prin rezisten\u021b\u0103 \u0219i elegan\u021b\u0103, combin\u00e2ndu-se perfect cu cadranul. Cadranul, realizat sub form\u0103 de raze de soare, confer\u0103 ceasului o elegan\u021b\u0103 rafinat\u0103 \u0219i sofisticat\u0103.<\/p>\n<p>Br\u0103\u021bara din o\u021bel inoxidabil auriu nu numai c\u0103 subliniaz\u0103 aspectul luxos al ceasului, dar asigur\u0103 \u0219i confortul la purtare. (Br\u0103\u021bara elastic\u0103 permite purtarea ceasului pe degetul de aproape orice dimensiune).<\/p>\n<p>Datorit\u0103 rezisten\u021bei la ap\u0103 p\u00e2n\u0103 la 50 de metri, acest model este potrivit at\u00e2t pentru purtarea zilnic\u0103, c\u00e2t \u0219i pentru ie\u0219irile informale.<\/p>","protected":false},"excerpt":{"rendered":"<p>Ceasul-inel este o alegere elegant\u0103 \u0219i rafinat\u0103 pentru femeile care apreciaz\u0103 combina\u021bia dintre lux \u0219i design modern. Acest ceas cu cuar\u021b pentru femei se remarc\u0103 prin designul s\u0103u uimitor, realizat \u00eentr-o nuan\u021b\u0103 aurie. Carcasa din o\u021bel inoxidabil auriu se remarc\u0103 prin rezisten\u021b\u0103 \u0219i elegan\u021b\u0103, combin\u00e2ndu-se perfect cu cadranul. Cadranul, realizat sub form\u0103 de raze de [&hellip;]<\/p>\n","protected":false},"featured_media":53270,"comment_status":"closed","ping_status":"open","template":"","meta":{"_acf_changed":false},"product_brand":[],"product_cat":[25,396,586],"product_tag":[],"class_list":{"0":"post-53269","1":"product","2":"type-product","3":"status-publish","4":"has-post-thumbnail","6":"product_cat-ceasuri-dama","7":"product_cat-fossil","8":"product_cat-inele","9":"pa_brand-fossil","10":"pa_braslet-otel-inoxidabil","11":"pa_corpus-6x14-mm","12":"pa_forma-dreptunghiular","13":"pa_garatia-24-luni","14":"pa_korpus-auriu","15":"pa_kvarc-quartz","16":"pa_material-otel-inoxidabil","17":"pa_mehanizm-quartz","18":"pa_remeshok-auriu","19":"pa_steklo-cristal-mineral","20":"pa_strana-sua","21":"pa_voda-5-atm","23":"first","24":"instock","25":"purchasable","26":"product-type-simple"},"acf":[],"_links":{"self":[{"href":"https:\/\/ceasuri.md\/ru\/wp-json\/wp\/v2\/product\/53269","targetHints":{"allow":["GET"]}}],"collection":[{"href":"https:\/\/ceasuri.md\/ru\/wp-json\/wp\/v2\/product"}],"about":[{"href":"https:\/\/ceasuri.md\/ru\/wp-json\/wp\/v2\/types\/product"}],"replies":[{"embeddable":true,"href":"https:\/\/ceasuri.md\/ru\/wp-json\/wp\/v2\/comments?post=53269"}],"wp:featuredmedia":[{"embeddable":true,"href":"https:\/\/ceasuri.md\/ru\/wp-json\/wp\/v2\/media\/53270"}],"wp:attachment":[{"href":"https:\/\/ceasuri.md\/ru\/wp-json\/wp\/v2\/media?parent=53269"}],"wp:term":[{"taxonomy":"product_brand","embeddable":true,"href":"https:\/\/ceasuri.md\/ru\/wp-json\/wp\/v2\/product_brand?post=53269"},{"taxonomy":"product_cat","embeddable":true,"href":"https:\/\/ceasuri.md\/ru\/wp-json\/wp\/v2\/product_cat?post=53269"},{"taxonomy":"product_tag","embeddable":true,"href":"https:\/\/ceasuri.md\/ru\/wp-json\/wp\/v2\/product_tag?post=53269"}],"curies":[{"name":"wp","href":"https:\/\/api.w.org\/{rel}","templated":true}]}}