{"id":53264,"date":"2026-04-02T23:58:23","date_gmt":"2026-04-02T20:58:23","guid":{"rendered":"http:\/\/new.ceasuri.md\/shop\/uncategorized\/fossil-raquel-es5341\/"},"modified":"2026-04-07T04:44:37","modified_gmt":"2026-04-07T01:44:37","slug":"fossil-raquel-es5341","status":"publish","type":"product","link":"https:\/\/ceasuri.md\/ru\/shop\/branduri\/fossil\/fossil-raquel-es5341\/","title":{"rendered":"Ceas FOSSIL RAQUEL ES5341"},"content":{"rendered":"<p>Ceasul dreptunghiular Raquel este un nou model clasic, actualizat pentru zilele noastre.<\/p>\n<p>Sub\u021bire \u0219i versatil, acest ceas unic este decorat cu un cadran din malachit autentic.<\/p>\n<p>Br\u0103\u021bara are 7 zale de culoare aurie, cu suprafa\u021b\u0103 mat\u0103 \u0219i lustruit\u0103.<\/p>\n<p>Este ideal\u0103 pentru a fi purtat\u0103 zilnic \u0219i poate fi un cadou minunat pentru persoana iubit\u0103.<\/p>","protected":false},"excerpt":{"rendered":"<p>Ceasul dreptunghiular Raquel este un nou model clasic, actualizat pentru zilele noastre. Sub\u021bire \u0219i versatil, acest ceas unic este decorat cu un cadran din malachit autentic. Br\u0103\u021bara are 7 zale de culoare aurie, cu suprafa\u021b\u0103 mat\u0103 \u0219i lustruit\u0103. Este ideal\u0103 pentru a fi purtat\u0103 zilnic \u0219i poate fi un cadou minunat pentru persoana iubit\u0103.<\/p>","protected":false},"featured_media":53265,"comment_status":"closed","ping_status":"open","template":"","meta":{"_acf_changed":false},"product_brand":[],"product_cat":[25,396],"product_tag":[],"class_list":{"0":"post-53264","1":"product","2":"type-product","3":"status-publish","4":"has-post-thumbnail","6":"product_cat-ceasuri-dama","7":"product_cat-fossil","8":"pa_brand-fossil","9":"pa_braslet-otel-inoxidabil","10":"pa_corpus-14x26-mm","11":"pa_forma-dreptunghiular","12":"pa_funcii-data","13":"pa_garatia-24-luni","14":"pa_korpus-auriu","15":"pa_material-otel-inoxidabil","16":"pa_mehanizm-quartz","17":"pa_remeshok-auriu","18":"pa_steklo-cristal-mineral","19":"pa_strana-sua","20":"pa_voda-5-atm","22":"first","23":"instock","24":"purchasable","25":"product-type-simple"},"acf":[],"_links":{"self":[{"href":"https:\/\/ceasuri.md\/ru\/wp-json\/wp\/v2\/product\/53264","targetHints":{"allow":["GET"]}}],"collection":[{"href":"https:\/\/ceasuri.md\/ru\/wp-json\/wp\/v2\/product"}],"about":[{"href":"https:\/\/ceasuri.md\/ru\/wp-json\/wp\/v2\/types\/product"}],"replies":[{"embeddable":true,"href":"https:\/\/ceasuri.md\/ru\/wp-json\/wp\/v2\/comments?post=53264"}],"wp:featuredmedia":[{"embeddable":true,"href":"https:\/\/ceasuri.md\/ru\/wp-json\/wp\/v2\/media\/53265"}],"wp:attachment":[{"href":"https:\/\/ceasuri.md\/ru\/wp-json\/wp\/v2\/media?parent=53264"}],"wp:term":[{"taxonomy":"product_brand","embeddable":true,"href":"https:\/\/ceasuri.md\/ru\/wp-json\/wp\/v2\/product_brand?post=53264"},{"taxonomy":"product_cat","embeddable":true,"href":"https:\/\/ceasuri.md\/ru\/wp-json\/wp\/v2\/product_cat?post=53264"},{"taxonomy":"product_tag","embeddable":true,"href":"https:\/\/ceasuri.md\/ru\/wp-json\/wp\/v2\/product_tag?post=53264"}],"curies":[{"name":"wp","href":"https:\/\/api.w.org\/{rel}","templated":true}]}}