{"id":53244,"date":"2026-04-02T23:58:23","date_gmt":"2026-04-02T20:58:23","guid":{"rendered":"http:\/\/new.ceasuri.md\/shop\/uncategorized\/fossil-raquel-es5323\/"},"modified":"2026-04-16T21:26:06","modified_gmt":"2026-04-16T18:26:06","slug":"fossil-raquel-es5323","status":"publish","type":"product","link":"https:\/\/ceasuri.md\/ru\/shop\/branduri\/fossil\/fossil-raquel-es5323\/","title":{"rendered":"Ceas FOSSIL ES5323 Raquel"},"content":{"rendered":"<p>Ceasul la mod\u0103 de la \u00eencheietura m\u00e2inii va completa perfect imaginea ta impecabil\u0103.<\/p>\n<p>Ceas de m\u00e2n\u0103 cu cuar\u021b, cu carcas\u0103 dreptunghiular\u0103.<\/p>\n<p>Cadranul este decorat cu cristale. Marcajul este realizat sub form\u0103 de cifre romane. Fereastra datei se afl\u0103 \u00een pozi\u021bia \u201eora 6\u201d.<\/p>\n<p>Coroan\u0103 canelat\u0103.<\/p>\n<p>Br\u0103\u021bar\u0103 din o\u021bel.<\/p>","protected":false},"excerpt":{"rendered":"<p>Ceasul la mod\u0103 de la \u00eencheietura m\u00e2inii va completa perfect imaginea ta impecabil\u0103. Ceas de m\u00e2n\u0103 cu cuar\u021b, cu carcas\u0103 dreptunghiular\u0103. Cadranul este decorat cu cristale. Marcajul este realizat sub form\u0103 de cifre romane. Fereastra datei se afl\u0103 \u00een pozi\u021bia \u201eora 6\u201d. Coroan\u0103 canelat\u0103. Br\u0103\u021bar\u0103 din o\u021bel.<\/p>","protected":false},"featured_media":53245,"comment_status":"closed","ping_status":"open","template":"","meta":{"_acf_changed":false},"product_brand":[],"product_cat":[25,396],"product_tag":[],"class_list":{"0":"post-53244","1":"product","2":"type-product","3":"status-publish","4":"has-post-thumbnail","6":"product_cat-ceasuri-dama","7":"product_cat-fossil","8":"pa_brand-fossil","9":"pa_braslet-otel-inoxidabil","10":"pa_corpus-14x26-mm","11":"pa_decor-cristale-swarowski","12":"pa_forma-dreptunghiular","13":"pa_funcii-data","14":"pa_garatia-24-luni","15":"pa_korpus-roz-gold","16":"pa_kvarc-quartz","17":"pa_material-otel-inoxidabil","18":"pa_mehanizm-quartz","19":"pa_remeshok-roz-gold","20":"pa_steklo-cristal-mineral","21":"pa_strana-sua","22":"pa_voda-5-atm","24":"first","25":"instock","26":"purchasable","27":"product-type-simple"},"acf":[],"_links":{"self":[{"href":"https:\/\/ceasuri.md\/ru\/wp-json\/wp\/v2\/product\/53244","targetHints":{"allow":["GET"]}}],"collection":[{"href":"https:\/\/ceasuri.md\/ru\/wp-json\/wp\/v2\/product"}],"about":[{"href":"https:\/\/ceasuri.md\/ru\/wp-json\/wp\/v2\/types\/product"}],"replies":[{"embeddable":true,"href":"https:\/\/ceasuri.md\/ru\/wp-json\/wp\/v2\/comments?post=53244"}],"wp:featuredmedia":[{"embeddable":true,"href":"https:\/\/ceasuri.md\/ru\/wp-json\/wp\/v2\/media\/53245"}],"wp:attachment":[{"href":"https:\/\/ceasuri.md\/ru\/wp-json\/wp\/v2\/media?parent=53244"}],"wp:term":[{"taxonomy":"product_brand","embeddable":true,"href":"https:\/\/ceasuri.md\/ru\/wp-json\/wp\/v2\/product_brand?post=53244"},{"taxonomy":"product_cat","embeddable":true,"href":"https:\/\/ceasuri.md\/ru\/wp-json\/wp\/v2\/product_cat?post=53244"},{"taxonomy":"product_tag","embeddable":true,"href":"https:\/\/ceasuri.md\/ru\/wp-json\/wp\/v2\/product_tag?post=53244"}],"curies":[{"name":"wp","href":"https:\/\/api.w.org\/{rel}","templated":true}]}}