{"id":53238,"date":"2024-06-28T10:07:09","date_gmt":"2024-06-28T07:07:09","guid":{"rendered":"http:\/\/new.ceasuri.md\/shop\/uncategorized\/boccia-ear-ring-0508-10\/"},"modified":"2026-05-06T16:19:42","modified_gmt":"2026-05-06T13:19:42","slug":"boccia-ear-ring-0508-10","status":"publish","type":"product","link":"https:\/\/ceasuri.md\/ru\/shop\/accesorii\/accesorii-dama\/cercei\/boccia-ear-ring-0508-10\/","title":{"rendered":"BOCCIA EARRING 0508-10"},"content":{"rendered":"<p>Elegante \u0219i rafinate. Cerceii cu un design concis, acoperi\u021bi cu aur roz, vor fi pe placul tuturor fanilor stilului minimalist.<\/p>\n<p>Caracterul lor \u00eei face ideali pentru multe ocazii. Vor completa perfect \u021binuta ta nu numai \u00een timpul liber, ci \u0219i, eventual, \u00een timpul unei \u00eent\u00e2lniri de afaceri importante.<\/p>\n<p>Cerceii sunt fabrica\u021bi din titan de \u00eenalt\u0103 calitate, care este u\u0219or, rezistent, durabil \u0219i hipoalergenic, ceea ce va fi apreciat \u00een special de persoanele cu sensibilitate crescut\u0103 la metale.<\/p>","protected":false},"excerpt":{"rendered":"<p>Elegante \u0219i rafinate. Cerceii cu un design concis, acoperi\u021bi cu aur roz, vor fi pe placul tuturor fanilor stilului minimalist. Caracterul lor \u00eei face ideali pentru multe ocazii. Vor completa perfect \u021binuta ta nu numai \u00een timpul liber, ci \u0219i, eventual, \u00een timpul unei \u00eent\u00e2lniri de afaceri importante. Cerceii sunt fabrica\u021bi din titan de \u00eenalt\u0103 [&hellip;]<\/p>\n","protected":false},"featured_media":53239,"comment_status":"closed","ping_status":"open","template":"","meta":{"_acf_changed":false},"product_brand":[],"product_cat":[626,585],"product_tag":[],"class_list":{"0":"post-53238","1":"product","2":"type-product","3":"status-publish","4":"has-post-thumbnail","6":"product_cat-boccia","7":"product_cat-cercei","8":"pa_brand-boccia","9":"pa_corpus-40mm","10":"pa_forma-rotund","11":"pa_korpus-roz-gold","12":"pa_material-titan","13":"pa_strana-germania","15":"first","16":"instock","17":"purchasable","18":"product-type-simple"},"acf":[],"_links":{"self":[{"href":"https:\/\/ceasuri.md\/ru\/wp-json\/wp\/v2\/product\/53238","targetHints":{"allow":["GET"]}}],"collection":[{"href":"https:\/\/ceasuri.md\/ru\/wp-json\/wp\/v2\/product"}],"about":[{"href":"https:\/\/ceasuri.md\/ru\/wp-json\/wp\/v2\/types\/product"}],"replies":[{"embeddable":true,"href":"https:\/\/ceasuri.md\/ru\/wp-json\/wp\/v2\/comments?post=53238"}],"wp:featuredmedia":[{"embeddable":true,"href":"https:\/\/ceasuri.md\/ru\/wp-json\/wp\/v2\/media\/53239"}],"wp:attachment":[{"href":"https:\/\/ceasuri.md\/ru\/wp-json\/wp\/v2\/media?parent=53238"}],"wp:term":[{"taxonomy":"product_brand","embeddable":true,"href":"https:\/\/ceasuri.md\/ru\/wp-json\/wp\/v2\/product_brand?post=53238"},{"taxonomy":"product_cat","embeddable":true,"href":"https:\/\/ceasuri.md\/ru\/wp-json\/wp\/v2\/product_cat?post=53238"},{"taxonomy":"product_tag","embeddable":true,"href":"https:\/\/ceasuri.md\/ru\/wp-json\/wp\/v2\/product_tag?post=53238"}],"curies":[{"name":"wp","href":"https:\/\/api.w.org\/{rel}","templated":true}]}}