{"id":53233,"date":"2026-04-02T23:58:23","date_gmt":"2026-04-02T20:58:23","guid":{"rendered":"http:\/\/new.ceasuri.md\/shop\/uncategorized\/boccia-ear-ring-0573-02\/"},"modified":"2026-04-16T21:26:52","modified_gmt":"2026-04-16T18:26:52","slug":"boccia-ear-ring-0573-02","status":"publish","type":"product","link":"https:\/\/ceasuri.md\/ru\/shop\/accesorii\/accesorii-dama\/cercei\/boccia-ear-ring-0573-02\/","title":{"rendered":"BOCCIA 0573-02 \u00d0\u00b1\u00d0\u00b8\u00d0\u00b6."},"content":{"rendered":"<p>Nu v\u0103 pute\u021bi decide \u00eentre aur \u0219i titan pur? Ce spune\u021bi de un compromis sub forma cerceilor fermec\u0103tori din colec\u021bia Boccia Titanium, care v\u0103 ofer\u0103 c\u00e2te ceva din fiecare &#8211; titan mat pe o parte \u0219i placare cu aur str\u0103lucitor pe cealalt\u0103.<\/p>\n<p>C\u00e2nd vine vorba de design, forma circular\u0103 clasic\u0103 joac\u0103 un rol major \u0219i nu se va demoda niciodat\u0103. Cerceii se combin\u0103 frumos cu orice \u021binut\u0103 \u0219i sunt u\u0219or de asortat cu toate momentele.<\/p>\n<p>Deoarece cerceii sunt realiza\u021bi din titan, ace\u0219tia sunt incredibil de u\u0219ori, rezisten\u021bi \u0219i, de asemenea, hipoalergenici. Prin urmare, este potrivit \u0219i pentru persoanele cu sensibilitate crescut\u0103 la metale.<\/p>","protected":false},"excerpt":{"rendered":"<p>Nu v\u0103 pute\u021bi decide \u00eentre aur \u0219i titan pur? Ce spune\u021bi de un compromis sub forma cerceilor fermec\u0103tori din colec\u021bia Boccia Titanium, care v\u0103 ofer\u0103 c\u00e2te ceva din fiecare &#8211; titan mat pe o parte \u0219i placare cu aur str\u0103lucitor pe cealalt\u0103. C\u00e2nd vine vorba de design, forma circular\u0103 clasic\u0103 joac\u0103 un rol major \u0219i [&hellip;]<\/p>\n","protected":false},"featured_media":53234,"comment_status":"closed","ping_status":"open","template":"","meta":{"_acf_changed":false},"product_brand":[],"product_cat":[626,585],"product_tag":[],"class_list":{"0":"post-53233","1":"product","2":"type-product","3":"status-publish","4":"has-post-thumbnail","6":"product_cat-boccia","7":"product_cat-cercei","8":"pa_brand-boccia","9":"pa_corpus-40mm","10":"pa_forma-rotund","11":"pa_korpus-bicolor","12":"pa_material-titan","13":"pa_strana-germania","15":"first","16":"instock","17":"purchasable","18":"product-type-simple"},"acf":[],"_links":{"self":[{"href":"https:\/\/ceasuri.md\/ru\/wp-json\/wp\/v2\/product\/53233","targetHints":{"allow":["GET"]}}],"collection":[{"href":"https:\/\/ceasuri.md\/ru\/wp-json\/wp\/v2\/product"}],"about":[{"href":"https:\/\/ceasuri.md\/ru\/wp-json\/wp\/v2\/types\/product"}],"replies":[{"embeddable":true,"href":"https:\/\/ceasuri.md\/ru\/wp-json\/wp\/v2\/comments?post=53233"}],"wp:featuredmedia":[{"embeddable":true,"href":"https:\/\/ceasuri.md\/ru\/wp-json\/wp\/v2\/media\/53234"}],"wp:attachment":[{"href":"https:\/\/ceasuri.md\/ru\/wp-json\/wp\/v2\/media?parent=53233"}],"wp:term":[{"taxonomy":"product_brand","embeddable":true,"href":"https:\/\/ceasuri.md\/ru\/wp-json\/wp\/v2\/product_brand?post=53233"},{"taxonomy":"product_cat","embeddable":true,"href":"https:\/\/ceasuri.md\/ru\/wp-json\/wp\/v2\/product_cat?post=53233"},{"taxonomy":"product_tag","embeddable":true,"href":"https:\/\/ceasuri.md\/ru\/wp-json\/wp\/v2\/product_tag?post=53233"}],"curies":[{"name":"wp","href":"https:\/\/api.w.org\/{rel}","templated":true}]}}