{"id":53231,"date":"2026-04-02T23:58:23","date_gmt":"2026-04-02T20:58:23","guid":{"rendered":"http:\/\/new.ceasuri.md\/shop\/uncategorized\/boccia-ear-ring-05070-03\/"},"modified":"2026-04-28T15:23:51","modified_gmt":"2026-04-28T12:23:51","slug":"boccia-ear-ring-05070-03","status":"publish","type":"product","link":"https:\/\/ceasuri.md\/ru\/shop\/accesorii\/accesorii-dama\/cercei\/boccia-ear-ring-05070-03\/","title":{"rendered":"BOCCIA EARRING 05070-03"},"content":{"rendered":"<p>Cerceii simpli, dar extrem de impresionan\u021bi din colec\u021bia Boccia Titanium vor fi podoaba dvs. perfect\u0103 \u00een orice \u00eemprejurare.<\/p>\n<p>Cercei auriti Therose cu forma clasica rotunda.<\/p>\n<p>Cerceii sunt realiza\u021bi din titan de \u00eenalt\u0103 calitate, care este u\u0219or, puternic durabil \u0219i, de asemenea, hipoalergenic, ceea ce va fi apreciat \u00een special de persoanele cu sensibilitate crescut\u0103 la metale.<\/p>","protected":false},"excerpt":{"rendered":"<p>Cerceii simpli, dar extrem de impresionan\u021bi din colec\u021bia Boccia Titanium vor fi podoaba dvs. perfect\u0103 \u00een orice \u00eemprejurare. Cercei auriti Therose cu forma clasica rotunda. Cerceii sunt realiza\u021bi din titan de \u00eenalt\u0103 calitate, care este u\u0219or, puternic durabil \u0219i, de asemenea, hipoalergenic, ceea ce va fi apreciat \u00een special de persoanele cu sensibilitate crescut\u0103 la [&hellip;]<\/p>\n","protected":false},"featured_media":53232,"comment_status":"closed","ping_status":"open","template":"","meta":{"_acf_changed":false},"product_brand":[],"product_cat":[626,585],"product_tag":[],"class_list":{"0":"post-53231","1":"product","2":"type-product","3":"status-publish","4":"has-post-thumbnail","6":"product_cat-boccia","7":"product_cat-cercei","8":"pa_brand-boccia","9":"pa_corpus-38-mm","10":"pa_forma-rotund","11":"pa_korpus-roz-gold","12":"pa_material-titan","13":"pa_strana-germania","15":"first","16":"instock","17":"purchasable","18":"product-type-simple"},"acf":[],"_links":{"self":[{"href":"https:\/\/ceasuri.md\/ru\/wp-json\/wp\/v2\/product\/53231","targetHints":{"allow":["GET"]}}],"collection":[{"href":"https:\/\/ceasuri.md\/ru\/wp-json\/wp\/v2\/product"}],"about":[{"href":"https:\/\/ceasuri.md\/ru\/wp-json\/wp\/v2\/types\/product"}],"replies":[{"embeddable":true,"href":"https:\/\/ceasuri.md\/ru\/wp-json\/wp\/v2\/comments?post=53231"}],"wp:featuredmedia":[{"embeddable":true,"href":"https:\/\/ceasuri.md\/ru\/wp-json\/wp\/v2\/media\/53232"}],"wp:attachment":[{"href":"https:\/\/ceasuri.md\/ru\/wp-json\/wp\/v2\/media?parent=53231"}],"wp:term":[{"taxonomy":"product_brand","embeddable":true,"href":"https:\/\/ceasuri.md\/ru\/wp-json\/wp\/v2\/product_brand?post=53231"},{"taxonomy":"product_cat","embeddable":true,"href":"https:\/\/ceasuri.md\/ru\/wp-json\/wp\/v2\/product_cat?post=53231"},{"taxonomy":"product_tag","embeddable":true,"href":"https:\/\/ceasuri.md\/ru\/wp-json\/wp\/v2\/product_tag?post=53231"}],"curies":[{"name":"wp","href":"https:\/\/api.w.org\/{rel}","templated":true}]}}