{"id":53219,"date":"2024-06-28T10:07:07","date_gmt":"2024-06-28T07:07:07","guid":{"rendered":"http:\/\/new.ceasuri.md\/shop\/uncategorized\/boccia-bracelet-03052-02\/"},"modified":"2026-05-01T18:35:08","modified_gmt":"2026-05-01T15:35:08","slug":"boccia-bracelet-03052-02","status":"publish","type":"product","link":"https:\/\/ceasuri.md\/ru\/shop\/accesorii\/accesorii-dama\/bratari\/boccia-bracelet-03052-02\/","title":{"rendered":"BOCCIA BRACELET 03052-02"},"content":{"rendered":"<p>Subtilitate \u0219i elegan\u021b\u0103 \u00eentr-o interac\u021biune impresionant\u0103. Acesta este modul \u00een care am putea descrie br\u0103\u021bara din colec\u021bia Boccia Titanium, care v\u0103 va \u00eenc\u00e2nta f\u0103r\u0103 \u00eendoial\u0103 la prima vedere.<\/p>\n<p>Cele mai mari puncte forte ale sale sunt forma sa inedit\u0103 \u0219i designul sofisticat, care combin\u0103 finisajele mate \u0219i placate cu aur.<\/p>\n<p>Br\u0103\u021bara este realizat\u0103 din titan, care este u\u0219or, rezistent \u0219i, de asemenea, hipoalergenic. Prin urmare, este potrivit\u0103 \u0219i pentru persoanele cu sensibilitate crescut\u0103 la metale.<\/p>","protected":false},"excerpt":{"rendered":"<p>Subtilitate \u0219i elegan\u021b\u0103 \u00eentr-o interac\u021biune impresionant\u0103. Acesta este modul \u00een care am putea descrie br\u0103\u021bara din colec\u021bia Boccia Titanium, care v\u0103 va \u00eenc\u00e2nta f\u0103r\u0103 \u00eendoial\u0103 la prima vedere. Cele mai mari puncte forte ale sale sunt forma sa inedit\u0103 \u0219i designul sofisticat, care combin\u0103 finisajele mate \u0219i placate cu aur. Br\u0103\u021bara este realizat\u0103 din titan, [&hellip;]<\/p>\n","protected":false},"featured_media":53220,"comment_status":"closed","ping_status":"open","template":"","meta":{"_acf_changed":false},"product_brand":[],"product_cat":[626,577],"product_tag":[],"class_list":{"0":"post-53219","1":"product","2":"type-product","3":"status-publish","4":"has-post-thumbnail","6":"product_cat-boccia","7":"product_cat-bratari","8":"pa_brand-boccia","9":"pa_corpus-20-cm","10":"pa_korpus-bicolor","11":"pa_material-titan","12":"pa_strana-germania","14":"first","15":"instock","16":"purchasable","17":"product-type-simple"},"acf":[],"_links":{"self":[{"href":"https:\/\/ceasuri.md\/ru\/wp-json\/wp\/v2\/product\/53219","targetHints":{"allow":["GET"]}}],"collection":[{"href":"https:\/\/ceasuri.md\/ru\/wp-json\/wp\/v2\/product"}],"about":[{"href":"https:\/\/ceasuri.md\/ru\/wp-json\/wp\/v2\/types\/product"}],"replies":[{"embeddable":true,"href":"https:\/\/ceasuri.md\/ru\/wp-json\/wp\/v2\/comments?post=53219"}],"wp:featuredmedia":[{"embeddable":true,"href":"https:\/\/ceasuri.md\/ru\/wp-json\/wp\/v2\/media\/53220"}],"wp:attachment":[{"href":"https:\/\/ceasuri.md\/ru\/wp-json\/wp\/v2\/media?parent=53219"}],"wp:term":[{"taxonomy":"product_brand","embeddable":true,"href":"https:\/\/ceasuri.md\/ru\/wp-json\/wp\/v2\/product_brand?post=53219"},{"taxonomy":"product_cat","embeddable":true,"href":"https:\/\/ceasuri.md\/ru\/wp-json\/wp\/v2\/product_cat?post=53219"},{"taxonomy":"product_tag","embeddable":true,"href":"https:\/\/ceasuri.md\/ru\/wp-json\/wp\/v2\/product_tag?post=53219"}],"curies":[{"name":"wp","href":"https:\/\/api.w.org\/{rel}","templated":true}]}}