{"id":53217,"date":"2026-04-02T23:58:23","date_gmt":"2026-04-02T20:58:23","guid":{"rendered":"http:\/\/new.ceasuri.md\/shop\/uncategorized\/boccia-necklace-08068-02\/"},"modified":"2026-04-15T20:39:37","modified_gmt":"2026-04-15T17:39:37","slug":"boccia-necklace-08068-02","status":"publish","type":"product","link":"https:\/\/ceasuri.md\/ru\/shop\/accesorii\/accesorii-dama\/coliere\/boccia-necklace-08068-02\/","title":{"rendered":"BOCCIA NECKLACE 08068-02"},"content":{"rendered":"<p>O combina\u021bie uimitoare de contraste \u0219i design care v\u0103 va \u00eenc\u00e2nta. Nu este singurul lucru cu care se poate l\u0103uda colierul Boccia Titanium, care este format din mai multe p\u0103r\u021bi, combin\u00e2nd finisajul mat \u00een ton cu o\u021belul cu un strat str\u0103lucitor de aur galben.<\/p>\n<p>Colierul este pu\u021bin mai gros \u00een compara\u021bie cu altele, dar tocmai acest lucru \u00eei confer\u0103 farmecul. Poate fi purtat nu numai \u00een via\u021ba de zi cu zi, ci \u0219i \u00een ocazii speciale.<\/p>\n<p>Colierul este fabricat din titan, care este u\u0219or, durabil \u0219i hipoalergenic. Prin urmare, este potrivit chiar \u0219i pentru persoanele cu sensibilitate crescut\u0103 la metale.<\/p>","protected":false},"excerpt":{"rendered":"<p>O combina\u021bie uimitoare de contraste \u0219i design care v\u0103 va \u00eenc\u00e2nta. Nu este singurul lucru cu care se poate l\u0103uda colierul Boccia Titanium, care este format din mai multe p\u0103r\u021bi, combin\u00e2nd finisajul mat \u00een ton cu o\u021belul cu un strat str\u0103lucitor de aur galben. Colierul este pu\u021bin mai gros \u00een compara\u021bie cu altele, dar tocmai [&hellip;]<\/p>\n","protected":false},"featured_media":53218,"comment_status":"closed","ping_status":"open","template":"","meta":{"_acf_changed":false},"product_brand":[],"product_cat":[626,583],"product_tag":[],"class_list":{"0":"post-53217","1":"product","2":"type-product","3":"status-publish","4":"has-post-thumbnail","6":"product_cat-boccia","7":"product_cat-coliere","8":"pa_brand-boccia","9":"pa_corpus-45-cm","10":"pa_korpus-bicolor","11":"pa_material-titan","12":"pa_strana-germania","14":"first","15":"instock","16":"purchasable","17":"product-type-simple"},"acf":[],"_links":{"self":[{"href":"https:\/\/ceasuri.md\/ru\/wp-json\/wp\/v2\/product\/53217","targetHints":{"allow":["GET"]}}],"collection":[{"href":"https:\/\/ceasuri.md\/ru\/wp-json\/wp\/v2\/product"}],"about":[{"href":"https:\/\/ceasuri.md\/ru\/wp-json\/wp\/v2\/types\/product"}],"replies":[{"embeddable":true,"href":"https:\/\/ceasuri.md\/ru\/wp-json\/wp\/v2\/comments?post=53217"}],"wp:featuredmedia":[{"embeddable":true,"href":"https:\/\/ceasuri.md\/ru\/wp-json\/wp\/v2\/media\/53218"}],"wp:attachment":[{"href":"https:\/\/ceasuri.md\/ru\/wp-json\/wp\/v2\/media?parent=53217"}],"wp:term":[{"taxonomy":"product_brand","embeddable":true,"href":"https:\/\/ceasuri.md\/ru\/wp-json\/wp\/v2\/product_brand?post=53217"},{"taxonomy":"product_cat","embeddable":true,"href":"https:\/\/ceasuri.md\/ru\/wp-json\/wp\/v2\/product_cat?post=53217"},{"taxonomy":"product_tag","embeddable":true,"href":"https:\/\/ceasuri.md\/ru\/wp-json\/wp\/v2\/product_tag?post=53217"}],"curies":[{"name":"wp","href":"https:\/\/api.w.org\/{rel}","templated":true}]}}