{"id":53215,"date":"2026-04-02T23:58:23","date_gmt":"2026-04-02T20:58:23","guid":{"rendered":"http:\/\/new.ceasuri.md\/shop\/uncategorized\/boccia-bracelet-03052-03\/"},"modified":"2026-04-20T01:32:41","modified_gmt":"2026-04-19T22:32:41","slug":"boccia-bracelet-03052-03","status":"publish","type":"product","link":"https:\/\/ceasuri.md\/ru\/shop\/accesorii\/accesorii-dama\/bratari\/boccia-bracelet-03052-03\/","title":{"rendered":"BOCCIA BRACELET 03052-03"},"content":{"rendered":"<p>Subtilitate \u0219i elegan\u021b\u0103 \u00eentr-o combina\u021bie spectaculoas\u0103. A\u0219a poate fi descris\u0103 br\u0103\u021bara din colec\u021bia Boccia Titanium, care, f\u0103r\u0103 \u00eendoial\u0103, v\u0103 va pl\u0103cea din prima clip\u0103.<\/p>\n<p>Principalele sale avantaje sunt forma neobi\u0219nuit\u0103 \u0219i designul rafinat, care combin\u0103 aurirea mat\u0103 \u0219i lucioas\u0103.<\/p>\n<p>Br\u0103\u021bara este fabricat\u0103 din titan, un material u\u0219or, durabil \u0219i hipoalergenic. Prin urmare, este potrivit\u0103 chiar \u0219i persoanelor cu sensibilitate crescut\u0103 la metale.<\/p>","protected":false},"excerpt":{"rendered":"<p>Subtilitate \u0219i elegan\u021b\u0103 \u00eentr-o combina\u021bie spectaculoas\u0103. A\u0219a poate fi descris\u0103 br\u0103\u021bara din colec\u021bia Boccia Titanium, care, f\u0103r\u0103 \u00eendoial\u0103, v\u0103 va pl\u0103cea din prima clip\u0103. Principalele sale avantaje sunt forma neobi\u0219nuit\u0103 \u0219i designul rafinat, care combin\u0103 aurirea mat\u0103 \u0219i lucioas\u0103. Br\u0103\u021bara este fabricat\u0103 din titan, un material u\u0219or, durabil \u0219i hipoalergenic. Prin urmare, este potrivit\u0103 chiar [&hellip;]<\/p>\n","protected":false},"featured_media":53216,"comment_status":"closed","ping_status":"open","template":"","meta":{"_acf_changed":false},"product_brand":[],"product_cat":[626,577],"product_tag":[],"class_list":{"0":"post-53215","1":"product","2":"type-product","3":"status-publish","4":"has-post-thumbnail","6":"product_cat-boccia","7":"product_cat-bratari","8":"pa_brand-boccia","9":"pa_corpus-20-cm","10":"pa_korpus-auriu","11":"pa_material-titan","12":"pa_strana-germania","14":"first","15":"instock","16":"purchasable","17":"product-type-simple"},"acf":[],"_links":{"self":[{"href":"https:\/\/ceasuri.md\/ru\/wp-json\/wp\/v2\/product\/53215","targetHints":{"allow":["GET"]}}],"collection":[{"href":"https:\/\/ceasuri.md\/ru\/wp-json\/wp\/v2\/product"}],"about":[{"href":"https:\/\/ceasuri.md\/ru\/wp-json\/wp\/v2\/types\/product"}],"replies":[{"embeddable":true,"href":"https:\/\/ceasuri.md\/ru\/wp-json\/wp\/v2\/comments?post=53215"}],"wp:featuredmedia":[{"embeddable":true,"href":"https:\/\/ceasuri.md\/ru\/wp-json\/wp\/v2\/media\/53216"}],"wp:attachment":[{"href":"https:\/\/ceasuri.md\/ru\/wp-json\/wp\/v2\/media?parent=53215"}],"wp:term":[{"taxonomy":"product_brand","embeddable":true,"href":"https:\/\/ceasuri.md\/ru\/wp-json\/wp\/v2\/product_brand?post=53215"},{"taxonomy":"product_cat","embeddable":true,"href":"https:\/\/ceasuri.md\/ru\/wp-json\/wp\/v2\/product_cat?post=53215"},{"taxonomy":"product_tag","embeddable":true,"href":"https:\/\/ceasuri.md\/ru\/wp-json\/wp\/v2\/product_tag?post=53215"}],"curies":[{"name":"wp","href":"https:\/\/api.w.org\/{rel}","templated":true}]}}