{"id":53213,"date":"2026-04-02T23:58:23","date_gmt":"2026-04-02T20:58:23","guid":{"rendered":"http:\/\/new.ceasuri.md\/shop\/uncategorized\/boccia-necklace-08068-03\/"},"modified":"2026-04-20T01:32:55","modified_gmt":"2026-04-19T22:32:55","slug":"boccia-necklace-08068-03","status":"publish","type":"product","link":"https:\/\/ceasuri.md\/ru\/shop\/accesorii\/accesorii-dama\/coliere\/boccia-necklace-08068-03\/","title":{"rendered":"BOCCIA NECKLACE 08068-03"},"content":{"rendered":"<p>O juxtapunere uimitoare de contraste \u0219i un design pe care \u00eel ve\u021bi iubi.<\/p>\n<p>Acesta nu este singurul lucru cu care se m\u00e2ndre\u0219te colierul Boccia Titanium, care este compus din mai multe piese ce amestec\u0103 un finisaj mat \u0219i o placare lucioas\u0103 cu aur galben.<\/p>\n<p>Colierul este un pic mai robust \u00een compara\u021bie cu altele, dar asta este ceea ce \u00eei d\u0103 o not\u0103 simpatic\u0103. Farmecul s\u0103u poate fi folosit nu numai \u00een timpul vie\u021bii de zi cu zi, ci \u0219i pentru ocazii speciale.<\/p>\n<p>Colierul este fabricat din titan, care este u\u0219or, puternic \u0219i, de asemenea, hipoalergenic. Prin urmare, este potrivit \u0219i pentru persoanele cu sensibilitate crescut\u0103 la metale.<\/p>","protected":false},"excerpt":{"rendered":"<p>O juxtapunere uimitoare de contraste \u0219i un design pe care \u00eel ve\u021bi iubi. Acesta nu este singurul lucru cu care se m\u00e2ndre\u0219te colierul Boccia Titanium, care este compus din mai multe piese ce amestec\u0103 un finisaj mat \u0219i o placare lucioas\u0103 cu aur galben. Colierul este un pic mai robust \u00een compara\u021bie cu altele, dar [&hellip;]<\/p>\n","protected":false},"featured_media":53214,"comment_status":"closed","ping_status":"open","template":"","meta":{"_acf_changed":false},"product_brand":[],"product_cat":[626,583],"product_tag":[],"class_list":{"0":"post-53213","1":"product","2":"type-product","3":"status-publish","4":"has-post-thumbnail","6":"product_cat-boccia","7":"product_cat-coliere","8":"pa_brand-boccia","9":"pa_corpus-45-cm","10":"pa_korpus-auriu","11":"pa_material-titan","12":"pa_strana-germania","14":"first","15":"instock","16":"purchasable","17":"product-type-simple"},"acf":[],"_links":{"self":[{"href":"https:\/\/ceasuri.md\/ru\/wp-json\/wp\/v2\/product\/53213","targetHints":{"allow":["GET"]}}],"collection":[{"href":"https:\/\/ceasuri.md\/ru\/wp-json\/wp\/v2\/product"}],"about":[{"href":"https:\/\/ceasuri.md\/ru\/wp-json\/wp\/v2\/types\/product"}],"replies":[{"embeddable":true,"href":"https:\/\/ceasuri.md\/ru\/wp-json\/wp\/v2\/comments?post=53213"}],"wp:featuredmedia":[{"embeddable":true,"href":"https:\/\/ceasuri.md\/ru\/wp-json\/wp\/v2\/media\/53214"}],"wp:attachment":[{"href":"https:\/\/ceasuri.md\/ru\/wp-json\/wp\/v2\/media?parent=53213"}],"wp:term":[{"taxonomy":"product_brand","embeddable":true,"href":"https:\/\/ceasuri.md\/ru\/wp-json\/wp\/v2\/product_brand?post=53213"},{"taxonomy":"product_cat","embeddable":true,"href":"https:\/\/ceasuri.md\/ru\/wp-json\/wp\/v2\/product_cat?post=53213"},{"taxonomy":"product_tag","embeddable":true,"href":"https:\/\/ceasuri.md\/ru\/wp-json\/wp\/v2\/product_tag?post=53213"}],"curies":[{"name":"wp","href":"https:\/\/api.w.org\/{rel}","templated":true}]}}