{"id":53201,"date":"2024-06-28T10:07:04","date_gmt":"2024-06-28T07:07:04","guid":{"rendered":"http:\/\/new.ceasuri.md\/shop\/uncategorized\/boccia-bracelet-03007-01\/"},"modified":"2026-05-01T18:34:49","modified_gmt":"2026-05-01T15:34:49","slug":"boccia-bracelet-03007-01","status":"publish","type":"product","link":"https:\/\/ceasuri.md\/ru\/shop\/accesorii\/accesorii-dama\/bratari\/boccia-bracelet-03007-01\/","title":{"rendered":"BOCCIA BRACELET 03007-01"},"content":{"rendered":"<p>Br\u0103\u021bara elegant\u0103 din colec\u021bia Boccia Titanium impresioneaz\u0103 \u00eenc\u0103 de la prima vedere prin designul s\u0103u atemporal \u0219i finisajul modern.<\/p>\n<p>Verigile separate, combin\u00e2nd suprafe\u021be lucioase \u0219i mate, formeaz\u0103 un \u00eentreg armonios, \u00een ciuda contrastului.<\/p>\n<p>Br\u0103\u021bara este fabricat\u0103 din titan de \u00eenalt\u0103 calitate, fiind astfel pl\u0103cut de u\u0219oar\u0103, rezistent\u0103 \u0219i hipoalergenic\u0103 \u00een acela\u0219i timp. Propriet\u0103\u021bile sale vor fi apreciate \u00een special de persoanele cu sensibilitate crescut\u0103 la metale.<\/p>","protected":false},"excerpt":{"rendered":"<p>Br\u0103\u021bara elegant\u0103 din colec\u021bia Boccia Titanium impresioneaz\u0103 \u00eenc\u0103 de la prima vedere prin designul s\u0103u atemporal \u0219i finisajul modern. Verigile separate, combin\u00e2nd suprafe\u021be lucioase \u0219i mate, formeaz\u0103 un \u00eentreg armonios, \u00een ciuda contrastului. Br\u0103\u021bara este fabricat\u0103 din titan de \u00eenalt\u0103 calitate, fiind astfel pl\u0103cut de u\u0219oar\u0103, rezistent\u0103 \u0219i hipoalergenic\u0103 \u00een acela\u0219i timp. Propriet\u0103\u021bile sale vor [&hellip;]<\/p>\n","protected":false},"featured_media":53202,"comment_status":"closed","ping_status":"open","template":"","meta":{"_acf_changed":false},"product_brand":[],"product_cat":[626,577],"product_tag":[],"class_list":{"0":"post-53201","1":"product","2":"type-product","3":"status-publish","4":"has-post-thumbnail","6":"product_cat-boccia","7":"product_cat-bratari","8":"pa_brand-boccia","9":"pa_corpus-20-cm","10":"pa_korpus-argintiu","11":"pa_material-titan","12":"pa_strana-germania","14":"first","15":"instock","16":"purchasable","17":"product-type-simple"},"acf":[],"_links":{"self":[{"href":"https:\/\/ceasuri.md\/ru\/wp-json\/wp\/v2\/product\/53201","targetHints":{"allow":["GET"]}}],"collection":[{"href":"https:\/\/ceasuri.md\/ru\/wp-json\/wp\/v2\/product"}],"about":[{"href":"https:\/\/ceasuri.md\/ru\/wp-json\/wp\/v2\/types\/product"}],"replies":[{"embeddable":true,"href":"https:\/\/ceasuri.md\/ru\/wp-json\/wp\/v2\/comments?post=53201"}],"wp:featuredmedia":[{"embeddable":true,"href":"https:\/\/ceasuri.md\/ru\/wp-json\/wp\/v2\/media\/53202"}],"wp:attachment":[{"href":"https:\/\/ceasuri.md\/ru\/wp-json\/wp\/v2\/media?parent=53201"}],"wp:term":[{"taxonomy":"product_brand","embeddable":true,"href":"https:\/\/ceasuri.md\/ru\/wp-json\/wp\/v2\/product_brand?post=53201"},{"taxonomy":"product_cat","embeddable":true,"href":"https:\/\/ceasuri.md\/ru\/wp-json\/wp\/v2\/product_cat?post=53201"},{"taxonomy":"product_tag","embeddable":true,"href":"https:\/\/ceasuri.md\/ru\/wp-json\/wp\/v2\/product_tag?post=53201"}],"curies":[{"name":"wp","href":"https:\/\/api.w.org\/{rel}","templated":true}]}}