{"id":53195,"date":"2026-04-02T23:57:55","date_gmt":"2026-04-02T20:57:55","guid":{"rendered":"http:\/\/new.ceasuri.md\/shop\/uncategorized\/boccia-necklace-08003-01\/"},"modified":"2026-04-15T20:39:31","modified_gmt":"2026-04-15T17:39:31","slug":"boccia-necklace-08003-01","status":"publish","type":"product","link":"https:\/\/ceasuri.md\/ru\/shop\/accesorii\/accesorii-dama\/coliere\/boccia-necklace-08003-01\/","title":{"rendered":"BOCCIA NECKLACE 08003-01"},"content":{"rendered":"<p>O bijuterie frumoas\u0103 poate lua forme nenum\u0103rate, iar una dintre ele este colierul din colec\u021bia Boccia Titanium, care eman\u0103 farmec \u00een toate sensurile.<\/p>\n<p>Designul s\u0103u este format din piese mai groase \u0219i asamblate \u00een mod diferit, care combin\u0103 titanul at\u00e2t \u00een finisaj lucios, c\u00e2t \u0219i mat. Aspectul simplu, dar atr\u0103g\u0103tor \u00eel face absolut perfect pentru majoritatea ocaziilor.<\/p>\n<p>Colierul este fabricat din titan, un material u\u0219or, durabil \u0219i hipoalergenic. Prin urmare, este potrivit chiar \u0219i pentru persoanele cu sensibilitate crescut\u0103 la metale.<\/p>","protected":false},"excerpt":{"rendered":"<p>O bijuterie frumoas\u0103 poate lua forme nenum\u0103rate, iar una dintre ele este colierul din colec\u021bia Boccia Titanium, care eman\u0103 farmec \u00een toate sensurile. Designul s\u0103u este format din piese mai groase \u0219i asamblate \u00een mod diferit, care combin\u0103 titanul at\u00e2t \u00een finisaj lucios, c\u00e2t \u0219i mat. Aspectul simplu, dar atr\u0103g\u0103tor \u00eel face absolut perfect pentru [&hellip;]<\/p>\n","protected":false},"featured_media":53196,"comment_status":"closed","ping_status":"open","template":"","meta":{"_acf_changed":false},"product_brand":[],"product_cat":[626,583],"product_tag":[],"class_list":{"0":"post-53195","1":"product","2":"type-product","3":"status-publish","4":"has-post-thumbnail","6":"product_cat-boccia","7":"product_cat-coliere","8":"pa_brand-boccia","9":"pa_corpus-45-cm","10":"pa_korpus-argintiu","11":"pa_material-titan","12":"pa_strana-germania","14":"first","15":"instock","16":"purchasable","17":"product-type-simple"},"acf":[],"_links":{"self":[{"href":"https:\/\/ceasuri.md\/ru\/wp-json\/wp\/v2\/product\/53195","targetHints":{"allow":["GET"]}}],"collection":[{"href":"https:\/\/ceasuri.md\/ru\/wp-json\/wp\/v2\/product"}],"about":[{"href":"https:\/\/ceasuri.md\/ru\/wp-json\/wp\/v2\/types\/product"}],"replies":[{"embeddable":true,"href":"https:\/\/ceasuri.md\/ru\/wp-json\/wp\/v2\/comments?post=53195"}],"wp:featuredmedia":[{"embeddable":true,"href":"https:\/\/ceasuri.md\/ru\/wp-json\/wp\/v2\/media\/53196"}],"wp:attachment":[{"href":"https:\/\/ceasuri.md\/ru\/wp-json\/wp\/v2\/media?parent=53195"}],"wp:term":[{"taxonomy":"product_brand","embeddable":true,"href":"https:\/\/ceasuri.md\/ru\/wp-json\/wp\/v2\/product_brand?post=53195"},{"taxonomy":"product_cat","embeddable":true,"href":"https:\/\/ceasuri.md\/ru\/wp-json\/wp\/v2\/product_cat?post=53195"},{"taxonomy":"product_tag","embeddable":true,"href":"https:\/\/ceasuri.md\/ru\/wp-json\/wp\/v2\/product_tag?post=53195"}],"curies":[{"name":"wp","href":"https:\/\/api.w.org\/{rel}","templated":true}]}}