{"id":53192,"date":"2026-04-02T23:57:55","date_gmt":"2026-04-02T20:57:55","guid":{"rendered":"http:\/\/new.ceasuri.md\/shop\/uncategorized\/boccia-bracelet-03033-02\/"},"modified":"2026-04-07T04:44:23","modified_gmt":"2026-04-07T01:44:23","slug":"boccia-bracelet-03033-02","status":"publish","type":"product","link":"https:\/\/ceasuri.md\/ru\/shop\/accesorii\/accesorii-dama\/bratari\/boccia-bracelet-03033-02\/","title":{"rendered":"BOCCIA BRACELET 03033-02"},"content":{"rendered":"<p>Neobi\u0219nuit \u0219i ie\u0219it din comun \u00een toate sensurile. A\u0219a poate fi descris\u0103 br\u0103\u021bara din colec\u021bia Boccia Titanium, \u00een care se utilizeaz\u0103 titan cu finisaj mat \u0219i lucios, precum \u0219i cu acoperire par\u021bial aurit\u0103.<\/p>\n<p>Originalitatea designului const\u0103 \u00een combina\u021bia dintre detaliile alungite \u0219i cele fin decupate. Datorit\u0103 stilului s\u0103u, va decora frumos \u00eencheietura m\u00e2inii \u0219i va deveni accesoriul perfect \u00een orice moment.<\/p>\n<p>Br\u0103\u021bara este fabricat\u0103 din titan, care este u\u0219or, durabil \u0219i hipoalergenic. Prin urmare, este potrivit chiar \u0219i pentru persoanele cu sensibilitate crescut\u0103 la metale.<\/p>","protected":false},"excerpt":{"rendered":"<p>Neobi\u0219nuit \u0219i ie\u0219it din comun \u00een toate sensurile. A\u0219a poate fi descris\u0103 br\u0103\u021bara din colec\u021bia Boccia Titanium, \u00een care se utilizeaz\u0103 titan cu finisaj mat \u0219i lucios, precum \u0219i cu acoperire par\u021bial aurit\u0103. Originalitatea designului const\u0103 \u00een combina\u021bia dintre detaliile alungite \u0219i cele fin decupate. Datorit\u0103 stilului s\u0103u, va decora frumos \u00eencheietura m\u00e2inii \u0219i va [&hellip;]<\/p>\n","protected":false},"featured_media":53193,"comment_status":"closed","ping_status":"open","template":"","meta":{"_acf_changed":false},"product_brand":[],"product_cat":[626,577],"product_tag":[],"class_list":{"0":"post-53192","1":"product","2":"type-product","3":"status-publish","4":"has-post-thumbnail","6":"product_cat-boccia","7":"product_cat-bratari","8":"pa_brand-boccia","9":"pa_corpus-20-cm","10":"pa_korpus-bicolor","11":"pa_material-titan","12":"pa_strana-germania","14":"first","15":"instock","16":"purchasable","17":"product-type-simple"},"acf":[],"_links":{"self":[{"href":"https:\/\/ceasuri.md\/ru\/wp-json\/wp\/v2\/product\/53192","targetHints":{"allow":["GET"]}}],"collection":[{"href":"https:\/\/ceasuri.md\/ru\/wp-json\/wp\/v2\/product"}],"about":[{"href":"https:\/\/ceasuri.md\/ru\/wp-json\/wp\/v2\/types\/product"}],"replies":[{"embeddable":true,"href":"https:\/\/ceasuri.md\/ru\/wp-json\/wp\/v2\/comments?post=53192"}],"wp:featuredmedia":[{"embeddable":true,"href":"https:\/\/ceasuri.md\/ru\/wp-json\/wp\/v2\/media\/53193"}],"wp:attachment":[{"href":"https:\/\/ceasuri.md\/ru\/wp-json\/wp\/v2\/media?parent=53192"}],"wp:term":[{"taxonomy":"product_brand","embeddable":true,"href":"https:\/\/ceasuri.md\/ru\/wp-json\/wp\/v2\/product_brand?post=53192"},{"taxonomy":"product_cat","embeddable":true,"href":"https:\/\/ceasuri.md\/ru\/wp-json\/wp\/v2\/product_cat?post=53192"},{"taxonomy":"product_tag","embeddable":true,"href":"https:\/\/ceasuri.md\/ru\/wp-json\/wp\/v2\/product_tag?post=53192"}],"curies":[{"name":"wp","href":"https:\/\/api.w.org\/{rel}","templated":true}]}}