{"id":53189,"date":"2024-06-28T10:07:03","date_gmt":"2024-06-28T07:07:03","guid":{"rendered":"http:\/\/new.ceasuri.md\/shop\/uncategorized\/boccia-bracelet-03033-01\/"},"modified":"2026-05-01T18:34:39","modified_gmt":"2026-05-01T15:34:39","slug":"boccia-bracelet-03033-01","status":"publish","type":"product","link":"https:\/\/ceasuri.md\/ru\/shop\/accesorii\/accesorii-dama\/bratari\/boccia-bracelet-03033-01\/","title":{"rendered":"BOCCIA BRACELET 03033-01"},"content":{"rendered":"<p>Neobi\u0219nuit \u0219i ie\u0219it din comun \u00een toate sensurile. A\u0219a poate fi descris\u0103 br\u0103\u021bara din colec\u021bia Boccia Titanium, \u00een care titanul este utilizat at\u00e2t \u00een finisaj mat, c\u00e2t \u0219i \u00een finisaj lucios.<\/p>\n<p>Originalitatea designului const\u0103 \u00een combina\u021bia dintre detaliile alungite \u0219i cele fin decupate. Datorit\u0103 stilului s\u0103u, va decora frumos \u00eencheietura m\u00e2inii \u0219i va deveni accesoriul perfect \u00een orice moment.<\/p>\n<p>Br\u0103\u021bara este fabricat\u0103 din titan, care este u\u0219or, durabil \u0219i hipoalergenic. Prin urmare, este potrivit chiar \u0219i pentru persoanele cu sensibilitate crescut\u0103 la metale.<\/p>","protected":false},"excerpt":{"rendered":"<p>Neobi\u0219nuit \u0219i ie\u0219it din comun \u00een toate sensurile. A\u0219a poate fi descris\u0103 br\u0103\u021bara din colec\u021bia Boccia Titanium, \u00een care titanul este utilizat at\u00e2t \u00een finisaj mat, c\u00e2t \u0219i \u00een finisaj lucios. Originalitatea designului const\u0103 \u00een combina\u021bia dintre detaliile alungite \u0219i cele fin decupate. Datorit\u0103 stilului s\u0103u, va decora frumos \u00eencheietura m\u00e2inii \u0219i va deveni accesoriul [&hellip;]<\/p>\n","protected":false},"featured_media":53190,"comment_status":"closed","ping_status":"open","template":"","meta":{"_acf_changed":false},"product_brand":[],"product_cat":[626,577],"product_tag":[],"class_list":{"0":"post-53189","1":"product","2":"type-product","3":"status-publish","4":"has-post-thumbnail","6":"product_cat-boccia","7":"product_cat-bratari","8":"pa_brand-boccia","9":"pa_corpus-20-cm","10":"pa_korpus-argintiu","11":"pa_material-titan","12":"pa_strana-germania","14":"first","15":"instock","16":"purchasable","17":"product-type-simple"},"acf":[],"_links":{"self":[{"href":"https:\/\/ceasuri.md\/ru\/wp-json\/wp\/v2\/product\/53189","targetHints":{"allow":["GET"]}}],"collection":[{"href":"https:\/\/ceasuri.md\/ru\/wp-json\/wp\/v2\/product"}],"about":[{"href":"https:\/\/ceasuri.md\/ru\/wp-json\/wp\/v2\/types\/product"}],"replies":[{"embeddable":true,"href":"https:\/\/ceasuri.md\/ru\/wp-json\/wp\/v2\/comments?post=53189"}],"wp:featuredmedia":[{"embeddable":true,"href":"https:\/\/ceasuri.md\/ru\/wp-json\/wp\/v2\/media\/53190"}],"wp:attachment":[{"href":"https:\/\/ceasuri.md\/ru\/wp-json\/wp\/v2\/media?parent=53189"}],"wp:term":[{"taxonomy":"product_brand","embeddable":true,"href":"https:\/\/ceasuri.md\/ru\/wp-json\/wp\/v2\/product_brand?post=53189"},{"taxonomy":"product_cat","embeddable":true,"href":"https:\/\/ceasuri.md\/ru\/wp-json\/wp\/v2\/product_cat?post=53189"},{"taxonomy":"product_tag","embeddable":true,"href":"https:\/\/ceasuri.md\/ru\/wp-json\/wp\/v2\/product_tag?post=53189"}],"curies":[{"name":"wp","href":"https:\/\/api.w.org\/{rel}","templated":true}]}}