{"id":53186,"date":"2026-04-02T23:57:55","date_gmt":"2026-04-02T20:57:55","guid":{"rendered":"http:\/\/new.ceasuri.md\/shop\/uncategorized\/boccia-necklace-08039-02\/"},"modified":"2026-04-15T20:39:29","modified_gmt":"2026-04-15T17:39:29","slug":"boccia-necklace-08039-02","status":"publish","type":"product","link":"https:\/\/ceasuri.md\/ru\/shop\/accesorii\/accesorii-dama\/coliere\/boccia-necklace-08039-02\/","title":{"rendered":"BOCCIA NECKLACE 08039-02"},"content":{"rendered":"<p>Elegan\u021b\u0103 pur\u0103, minimalism \u0219i accent pe designul original. Colierul din colec\u021bia Boccia Titanium se m\u00e2ndre\u0219te cu aceste calit\u0103\u021bi.<\/p>\n<p>F\u0103r\u0103 \u00eendoial\u0103, colierul din titan, frumos realizat, a fost g\u00e2ndit p\u00e2n\u0103 \u00een cele mai mici detalii. Acesta impresioneaz\u0103 nu numai prin finisajul s\u0103u care combin\u0103 aurul mat \u0219i aurul galben, ci \u0219i prin forma unic\u0103 a verigilor individuale. Designul s\u0103u \u00eel face potrivit pentru orice ocazie.<\/p>\n<p>Colierul este fabricat din titan, care este u\u0219or, durabil \u0219i hipoalergenic. Prin urmare, este potrivit chiar \u0219i pentru persoanele cu sensibilitate crescut\u0103 la metale.<\/p>","protected":false},"excerpt":{"rendered":"<p>Elegan\u021b\u0103 pur\u0103, minimalism \u0219i accent pe designul original. Colierul din colec\u021bia Boccia Titanium se m\u00e2ndre\u0219te cu aceste calit\u0103\u021bi. F\u0103r\u0103 \u00eendoial\u0103, colierul din titan, frumos realizat, a fost g\u00e2ndit p\u00e2n\u0103 \u00een cele mai mici detalii. Acesta impresioneaz\u0103 nu numai prin finisajul s\u0103u care combin\u0103 aurul mat \u0219i aurul galben, ci \u0219i prin forma unic\u0103 a verigilor [&hellip;]<\/p>\n","protected":false},"featured_media":53187,"comment_status":"closed","ping_status":"open","template":"","meta":{"_acf_changed":false},"product_brand":[],"product_cat":[626,583],"product_tag":[],"class_list":{"0":"post-53186","1":"product","2":"type-product","3":"status-publish","4":"has-post-thumbnail","6":"product_cat-boccia","7":"product_cat-coliere","8":"pa_brand-boccia","9":"pa_corpus-43cm","10":"pa_korpus-bicolor","11":"pa_material-titan","12":"pa_strana-germania","14":"first","15":"instock","16":"purchasable","17":"product-type-simple"},"acf":[],"_links":{"self":[{"href":"https:\/\/ceasuri.md\/ru\/wp-json\/wp\/v2\/product\/53186","targetHints":{"allow":["GET"]}}],"collection":[{"href":"https:\/\/ceasuri.md\/ru\/wp-json\/wp\/v2\/product"}],"about":[{"href":"https:\/\/ceasuri.md\/ru\/wp-json\/wp\/v2\/types\/product"}],"replies":[{"embeddable":true,"href":"https:\/\/ceasuri.md\/ru\/wp-json\/wp\/v2\/comments?post=53186"}],"wp:featuredmedia":[{"embeddable":true,"href":"https:\/\/ceasuri.md\/ru\/wp-json\/wp\/v2\/media\/53187"}],"wp:attachment":[{"href":"https:\/\/ceasuri.md\/ru\/wp-json\/wp\/v2\/media?parent=53186"}],"wp:term":[{"taxonomy":"product_brand","embeddable":true,"href":"https:\/\/ceasuri.md\/ru\/wp-json\/wp\/v2\/product_brand?post=53186"},{"taxonomy":"product_cat","embeddable":true,"href":"https:\/\/ceasuri.md\/ru\/wp-json\/wp\/v2\/product_cat?post=53186"},{"taxonomy":"product_tag","embeddable":true,"href":"https:\/\/ceasuri.md\/ru\/wp-json\/wp\/v2\/product_tag?post=53186"}],"curies":[{"name":"wp","href":"https:\/\/api.w.org\/{rel}","templated":true}]}}