{"id":53181,"date":"2024-06-28T10:07:02","date_gmt":"2024-06-28T07:07:02","guid":{"rendered":"http:\/\/new.ceasuri.md\/shop\/uncategorized\/boccia-bangle-0396-02\/"},"modified":"2026-05-01T18:34:32","modified_gmt":"2026-05-01T15:34:32","slug":"boccia-bangle-0396-02","status":"publish","type":"product","link":"https:\/\/ceasuri.md\/ru\/shop\/accesorii\/accesorii-dama\/bratari\/boccia-bangle-0396-02\/","title":{"rendered":"BOCCIA BANGLE 0396-02"},"content":{"rendered":"<p>Pl\u0103cut de extravagant \u0219i original \u00een designul s\u0103u. Tocmai acest lucru face ca br\u0103\u021bara din colec\u021bia Boccia Titanium s\u0103 fie at\u00e2t de str\u0103lucitoare, cu un aspect atipic, care joac\u0103 un rol principal, dar care v\u0103 decoreaz\u0103 \u00een mod spectaculos \u00eencheietura m\u00e2inii.<\/p>\n<p>Pe de alt\u0103 parte, \u00een ceea ce prive\u0219te materialul, acesta se distinge prin combina\u021bia de culoare a o\u021belului cu placarea cu aur roz, at\u00e2t \u00een finisajul lucios, c\u00e2t \u0219i \u00een cel mat.<\/p>\n<p>Br\u0103\u021bara este fabricat\u0103 din titan, care este u\u0219or, durabil \u0219i hipoalergenic. Prin urmare, este potrivit\u0103 chiar \u0219i pentru persoanele cu sensibilitate crescut\u0103 la metale.<\/p>","protected":false},"excerpt":{"rendered":"<p>Pl\u0103cut de extravagant \u0219i original \u00een designul s\u0103u. Tocmai acest lucru face ca br\u0103\u021bara din colec\u021bia Boccia Titanium s\u0103 fie at\u00e2t de str\u0103lucitoare, cu un aspect atipic, care joac\u0103 un rol principal, dar care v\u0103 decoreaz\u0103 \u00een mod spectaculos \u00eencheietura m\u00e2inii. Pe de alt\u0103 parte, \u00een ceea ce prive\u0219te materialul, acesta se distinge prin combina\u021bia [&hellip;]<\/p>\n","protected":false},"featured_media":53182,"comment_status":"closed","ping_status":"open","template":"","meta":{"_acf_changed":false},"product_brand":[],"product_cat":[626,577],"product_tag":[],"class_list":{"0":"post-53181","1":"product","2":"type-product","3":"status-publish","4":"has-post-thumbnail","6":"product_cat-boccia","7":"product_cat-bratari","8":"pa_brand-boccia","9":"pa_corpus-18-cm","10":"pa_korpus-argintiu","11":"pa_korpus-roz-gold","12":"pa_material-titan","13":"pa_strana-germania","15":"first","16":"instock","17":"purchasable","18":"product-type-simple"},"acf":[],"_links":{"self":[{"href":"https:\/\/ceasuri.md\/ru\/wp-json\/wp\/v2\/product\/53181","targetHints":{"allow":["GET"]}}],"collection":[{"href":"https:\/\/ceasuri.md\/ru\/wp-json\/wp\/v2\/product"}],"about":[{"href":"https:\/\/ceasuri.md\/ru\/wp-json\/wp\/v2\/types\/product"}],"replies":[{"embeddable":true,"href":"https:\/\/ceasuri.md\/ru\/wp-json\/wp\/v2\/comments?post=53181"}],"wp:featuredmedia":[{"embeddable":true,"href":"https:\/\/ceasuri.md\/ru\/wp-json\/wp\/v2\/media\/53182"}],"wp:attachment":[{"href":"https:\/\/ceasuri.md\/ru\/wp-json\/wp\/v2\/media?parent=53181"}],"wp:term":[{"taxonomy":"product_brand","embeddable":true,"href":"https:\/\/ceasuri.md\/ru\/wp-json\/wp\/v2\/product_brand?post=53181"},{"taxonomy":"product_cat","embeddable":true,"href":"https:\/\/ceasuri.md\/ru\/wp-json\/wp\/v2\/product_cat?post=53181"},{"taxonomy":"product_tag","embeddable":true,"href":"https:\/\/ceasuri.md\/ru\/wp-json\/wp\/v2\/product_tag?post=53181"}],"curies":[{"name":"wp","href":"https:\/\/api.w.org\/{rel}","templated":true}]}}