{"id":53175,"date":"2026-04-02T23:57:55","date_gmt":"2026-04-02T20:57:55","guid":{"rendered":"http:\/\/new.ceasuri.md\/shop\/uncategorized\/boccia-bangle-0396-03\/"},"modified":"2026-04-07T04:44:20","modified_gmt":"2026-04-07T01:44:20","slug":"boccia-bangle-0396-03","status":"publish","type":"product","link":"https:\/\/ceasuri.md\/ru\/shop\/accesorii\/accesorii-dama\/bratari\/boccia-bangle-0396-03\/","title":{"rendered":"BOCCIA BANGLE 0396-03"},"content":{"rendered":"<p>Pl\u0103cut de extravagant \u0219i original \u00een designul s\u0103u. Tocmai acest lucru face ca br\u0103\u021bara din colec\u021bia Boccia Titanium s\u0103 fie at\u00e2t de str\u0103lucitoare, aspectul s\u0103u atipic juc\u00e2nd un rol principal, dar \u00een acela\u0219i timp \u00eempodobind cu adev\u0103rat \u00eencheietura m\u00e2inii.<\/p>\n<p>Pe de alt\u0103 parte, \u00een ceea ce prive\u0219te materialele, se remarc\u0103 prin combina\u021bia de culoare a o\u021belului cu acoperire din aur galben, at\u00e2t \u00een finisaj lucios, c\u00e2t \u0219i mat.<\/p>\n<p>Br\u0103\u021bara este fabricat\u0103 din titan, care este u\u0219or, durabil \u0219i hipoalergenic. Prin urmare, este potrivit\u0103 chiar \u0219i pentru persoanele cu sensibilitate crescut\u0103 la metale.<\/p>","protected":false},"excerpt":{"rendered":"<p>Pl\u0103cut de extravagant \u0219i original \u00een designul s\u0103u. Tocmai acest lucru face ca br\u0103\u021bara din colec\u021bia Boccia Titanium s\u0103 fie at\u00e2t de str\u0103lucitoare, aspectul s\u0103u atipic juc\u00e2nd un rol principal, dar \u00een acela\u0219i timp \u00eempodobind cu adev\u0103rat \u00eencheietura m\u00e2inii. Pe de alt\u0103 parte, \u00een ceea ce prive\u0219te materialele, se remarc\u0103 prin combina\u021bia de culoare a [&hellip;]<\/p>\n","protected":false},"featured_media":53176,"comment_status":"closed","ping_status":"open","template":"","meta":{"_acf_changed":false},"product_brand":[],"product_cat":[626,577],"product_tag":[],"class_list":{"0":"post-53175","1":"product","2":"type-product","3":"status-publish","4":"has-post-thumbnail","6":"product_cat-boccia","7":"product_cat-bratari","8":"pa_brand-boccia","9":"pa_corpus-18-cm","10":"pa_korpus-bicolor","11":"pa_material-titan","12":"pa_strana-germania","14":"first","15":"instock","16":"purchasable","17":"product-type-simple"},"acf":[],"yoast_head":"<!-- This site is optimized with the Yoast SEO plugin v27.3 - https:\/\/yoast.com\/product\/yoast-seo-wordpress\/ -->\n<title>BOCCIA BANGLE 0396-03 - Cronograf<\/title>\n<meta name=\"robots\" content=\"index, follow, max-snippet:-1, max-image-preview:large, max-video-preview:-1\" \/>\n<link rel=\"canonical\" href=\"https:\/\/ceasuri.md\/ru\/shop\/accesorii\/accesorii-dama\/bratari\/boccia-bangle-0396-03\/\" \/>\n<meta property=\"og:locale\" content=\"ru_RU\" \/>\n<meta property=\"og:type\" content=\"article\" \/>\n<meta property=\"og:title\" content=\"BOCCIA BANGLE 0396-03 - Cronograf\" \/>\n<meta property=\"og:description\" content=\"Pl\u0103cut de extravagant \u0219i original \u00een designul s\u0103u. Tocmai acest lucru face ca br\u0103\u021bara din colec\u021bia Boccia Titanium s\u0103 fie at\u00e2t de str\u0103lucitoare, aspectul s\u0103u atipic juc\u00e2nd un rol principal, dar \u00een acela\u0219i timp \u00eempodobind cu adev\u0103rat \u00eencheietura m\u00e2inii. Pe de alt\u0103 parte, \u00een ceea ce prive\u0219te materialele, se remarc\u0103 prin combina\u021bia de culoare a [&hellip;]\" \/>\n<meta property=\"og:url\" content=\"https:\/\/ceasuri.md\/ru\/shop\/accesorii\/accesorii-dama\/bratari\/boccia-bangle-0396-03\/\" \/>\n<meta property=\"og:site_name\" content=\"Cronograf\" \/>\n<meta property=\"article:modified_time\" content=\"2026-04-07T01:44:20+00:00\" \/>\n<meta property=\"og:image\" content=\"https:\/\/ceasuri.md\/wp-content\/uploads\/0396-03.webp\" \/>\n\t<meta property=\"og:image:width\" content=\"600\" \/>\n\t<meta property=\"og:image:height\" content=\"800\" \/>\n\t<meta property=\"og:image:type\" content=\"image\/webp\" \/>\n<meta name=\"twitter:card\" content=\"summary_large_image\" \/>\n<meta name=\"twitter:label1\" content=\"\u041f\u0440\u0438\u043c\u0435\u0440\u043d\u043e\u0435 \u0432\u0440\u0435\u043c\u044f \u0434\u043b\u044f \u0447\u0442\u0435\u043d\u0438\u044f\" \/>\n\t<meta name=\"twitter:data1\" content=\"1 \u043c\u0438\u043d\u0443\u0442\u0430\" \/>\n<script type=\"application\/ld+json\" class=\"yoast-schema-graph\">{\"@context\":\"https:\\\/\\\/schema.org\",\"@graph\":[{\"@type\":\"WebPage\",\"@id\":\"https:\\\/\\\/ceasuri.md\\\/shop\\\/accesorii\\\/accesorii-dama\\\/bratari\\\/boccia-bangle-0396-03\\\/\",\"url\":\"https:\\\/\\\/ceasuri.md\\\/shop\\\/accesorii\\\/accesorii-dama\\\/bratari\\\/boccia-bangle-0396-03\\\/\",\"name\":\"BOCCIA BANGLE 0396-03 - Cronograf\",\"isPartOf\":{\"@id\":\"https:\\\/\\\/ceasuri.md\\\/ru\\\/#website\"},\"primaryImageOfPage\":{\"@id\":\"https:\\\/\\\/ceasuri.md\\\/shop\\\/accesorii\\\/accesorii-dama\\\/bratari\\\/boccia-bangle-0396-03\\\/#primaryimage\"},\"image\":{\"@id\":\"https:\\\/\\\/ceasuri.md\\\/shop\\\/accesorii\\\/accesorii-dama\\\/bratari\\\/boccia-bangle-0396-03\\\/#primaryimage\"},\"thumbnailUrl\":\"https:\\\/\\\/ceasuri.md\\\/wp-content\\\/uploads\\\/0396-03.webp\",\"datePublished\":\"2026-04-02T20:57:55+00:00\",\"dateModified\":\"2026-04-07T01:44:20+00:00\",\"breadcrumb\":{\"@id\":\"https:\\\/\\\/ceasuri.md\\\/shop\\\/accesorii\\\/accesorii-dama\\\/bratari\\\/boccia-bangle-0396-03\\\/#breadcrumb\"},\"inLanguage\":\"ru-RU\",\"potentialAction\":[{\"@type\":\"ReadAction\",\"target\":[\"https:\\\/\\\/ceasuri.md\\\/shop\\\/accesorii\\\/accesorii-dama\\\/bratari\\\/boccia-bangle-0396-03\\\/\"]}]},{\"@type\":\"ImageObject\",\"inLanguage\":\"ru-RU\",\"@id\":\"https:\\\/\\\/ceasuri.md\\\/shop\\\/accesorii\\\/accesorii-dama\\\/bratari\\\/boccia-bangle-0396-03\\\/#primaryimage\",\"url\":\"https:\\\/\\\/ceasuri.md\\\/wp-content\\\/uploads\\\/0396-03.webp\",\"contentUrl\":\"https:\\\/\\\/ceasuri.md\\\/wp-content\\\/uploads\\\/0396-03.webp\",\"width\":600,\"height\":800},{\"@type\":\"BreadcrumbList\",\"@id\":\"https:\\\/\\\/ceasuri.md\\\/shop\\\/accesorii\\\/accesorii-dama\\\/bratari\\\/boccia-bangle-0396-03\\\/#breadcrumb\",\"itemListElement\":[{\"@type\":\"ListItem\",\"position\":1,\"name\":\"Home\",\"item\":\"https:\\\/\\\/ceasuri.md\\\/\"},{\"@type\":\"ListItem\",\"position\":2,\"name\":\"Magazin\",\"item\":\"https:\\\/\\\/ceasuri.md\\\/shop\\\/\"},{\"@type\":\"ListItem\",\"position\":3,\"name\":\"Ceas BOCCIA BANGLE 0396-03\"}]},{\"@type\":\"WebSite\",\"@id\":\"https:\\\/\\\/ceasuri.md\\\/ru\\\/#website\",\"url\":\"https:\\\/\\\/ceasuri.md\\\/ru\\\/\",\"name\":\"Cronograf\",\"description\":\"\",\"publisher\":{\"@id\":\"https:\\\/\\\/ceasuri.md\\\/ru\\\/#organization\"},\"potentialAction\":[{\"@type\":\"SearchAction\",\"target\":{\"@type\":\"EntryPoint\",\"urlTemplate\":\"https:\\\/\\\/ceasuri.md\\\/ru\\\/?s={search_term_string}\"},\"query-input\":{\"@type\":\"PropertyValueSpecification\",\"valueRequired\":true,\"valueName\":\"search_term_string\"}}],\"inLanguage\":\"ru-RU\"},{\"@type\":\"Organization\",\"@id\":\"https:\\\/\\\/ceasuri.md\\\/ru\\\/#organization\",\"name\":\"Cronograf\",\"url\":\"https:\\\/\\\/ceasuri.md\\\/ru\\\/\",\"logo\":{\"@type\":\"ImageObject\",\"inLanguage\":\"ru-RU\",\"@id\":\"https:\\\/\\\/ceasuri.md\\\/ru\\\/#\\\/schema\\\/logo\\\/image\\\/\",\"url\":\"https:\\\/\\\/ceasuri.md\\\/wp-content\\\/uploads\\\/2025\\\/12\\\/Logo.svg\",\"contentUrl\":\"https:\\\/\\\/ceasuri.md\\\/wp-content\\\/uploads\\\/2025\\\/12\\\/Logo.svg\",\"width\":3338,\"height\":811,\"caption\":\"Cronograf\"},\"image\":{\"@id\":\"https:\\\/\\\/ceasuri.md\\\/ru\\\/#\\\/schema\\\/logo\\\/image\\\/\"}}]}<\/script>\n<!-- \/ Yoast SEO plugin. -->","yoast_head_json":{"title":"BOCCIA BANGLE 0396-03 - Cronograf","robots":{"index":"index","follow":"follow","max-snippet":"max-snippet:-1","max-image-preview":"max-image-preview:large","max-video-preview":"max-video-preview:-1"},"canonical":"https:\/\/ceasuri.md\/ru\/shop\/accesorii\/accesorii-dama\/bratari\/boccia-bangle-0396-03\/","og_locale":"ru_RU","og_type":"article","og_title":"BOCCIA BANGLE 0396-03 - Cronograf","og_description":"Pl\u0103cut de extravagant \u0219i original \u00een designul s\u0103u. Tocmai acest lucru face ca br\u0103\u021bara din colec\u021bia Boccia Titanium s\u0103 fie at\u00e2t de str\u0103lucitoare, aspectul s\u0103u atipic juc\u00e2nd un rol principal, dar \u00een acela\u0219i timp \u00eempodobind cu adev\u0103rat \u00eencheietura m\u00e2inii. Pe de alt\u0103 parte, \u00een ceea ce prive\u0219te materialele, se remarc\u0103 prin combina\u021bia de culoare a [&hellip;]","og_url":"https:\/\/ceasuri.md\/ru\/shop\/accesorii\/accesorii-dama\/bratari\/boccia-bangle-0396-03\/","og_site_name":"Cronograf","article_modified_time":"2026-04-07T01:44:20+00:00","og_image":[{"width":600,"height":800,"url":"https:\/\/ceasuri.md\/wp-content\/uploads\/0396-03.webp","type":"image\/webp"}],"twitter_card":"summary_large_image","twitter_misc":{"\u041f\u0440\u0438\u043c\u0435\u0440\u043d\u043e\u0435 \u0432\u0440\u0435\u043c\u044f \u0434\u043b\u044f \u0447\u0442\u0435\u043d\u0438\u044f":"1 \u043c\u0438\u043d\u0443\u0442\u0430"},"schema":{"@context":"https:\/\/schema.org","@graph":[{"@type":"WebPage","@id":"https:\/\/ceasuri.md\/shop\/accesorii\/accesorii-dama\/bratari\/boccia-bangle-0396-03\/","url":"https:\/\/ceasuri.md\/shop\/accesorii\/accesorii-dama\/bratari\/boccia-bangle-0396-03\/","name":"BOCCIA BANGLE 0396-03 - Cronograf","isPartOf":{"@id":"https:\/\/ceasuri.md\/ru\/#website"},"primaryImageOfPage":{"@id":"https:\/\/ceasuri.md\/shop\/accesorii\/accesorii-dama\/bratari\/boccia-bangle-0396-03\/#primaryimage"},"image":{"@id":"https:\/\/ceasuri.md\/shop\/accesorii\/accesorii-dama\/bratari\/boccia-bangle-0396-03\/#primaryimage"},"thumbnailUrl":"https:\/\/ceasuri.md\/wp-content\/uploads\/0396-03.webp","datePublished":"2026-04-02T20:57:55+00:00","dateModified":"2026-04-07T01:44:20+00:00","breadcrumb":{"@id":"https:\/\/ceasuri.md\/shop\/accesorii\/accesorii-dama\/bratari\/boccia-bangle-0396-03\/#breadcrumb"},"inLanguage":"ru-RU","potentialAction":[{"@type":"ReadAction","target":["https:\/\/ceasuri.md\/shop\/accesorii\/accesorii-dama\/bratari\/boccia-bangle-0396-03\/"]}]},{"@type":"ImageObject","inLanguage":"ru-RU","@id":"https:\/\/ceasuri.md\/shop\/accesorii\/accesorii-dama\/bratari\/boccia-bangle-0396-03\/#primaryimage","url":"https:\/\/ceasuri.md\/wp-content\/uploads\/0396-03.webp","contentUrl":"https:\/\/ceasuri.md\/wp-content\/uploads\/0396-03.webp","width":600,"height":800},{"@type":"BreadcrumbList","@id":"https:\/\/ceasuri.md\/shop\/accesorii\/accesorii-dama\/bratari\/boccia-bangle-0396-03\/#breadcrumb","itemListElement":[{"@type":"ListItem","position":1,"name":"Home","item":"https:\/\/ceasuri.md\/"},{"@type":"ListItem","position":2,"name":"Magazin","item":"https:\/\/ceasuri.md\/shop\/"},{"@type":"ListItem","position":3,"name":"Ceas BOCCIA BANGLE 0396-03"}]},{"@type":"WebSite","@id":"https:\/\/ceasuri.md\/ru\/#website","url":"https:\/\/ceasuri.md\/ru\/","name":"Cronograf","description":"","publisher":{"@id":"https:\/\/ceasuri.md\/ru\/#organization"},"potentialAction":[{"@type":"SearchAction","target":{"@type":"EntryPoint","urlTemplate":"https:\/\/ceasuri.md\/ru\/?s={search_term_string}"},"query-input":{"@type":"PropertyValueSpecification","valueRequired":true,"valueName":"search_term_string"}}],"inLanguage":"ru-RU"},{"@type":"Organization","@id":"https:\/\/ceasuri.md\/ru\/#organization","name":"Cronograf","url":"https:\/\/ceasuri.md\/ru\/","logo":{"@type":"ImageObject","inLanguage":"ru-RU","@id":"https:\/\/ceasuri.md\/ru\/#\/schema\/logo\/image\/","url":"https:\/\/ceasuri.md\/wp-content\/uploads\/2025\/12\/Logo.svg","contentUrl":"https:\/\/ceasuri.md\/wp-content\/uploads\/2025\/12\/Logo.svg","width":3338,"height":811,"caption":"Cronograf"},"image":{"@id":"https:\/\/ceasuri.md\/ru\/#\/schema\/logo\/image\/"}}]}},"_links":{"self":[{"href":"https:\/\/ceasuri.md\/ru\/wp-json\/wp\/v2\/product\/53175","targetHints":{"allow":["GET"]}}],"collection":[{"href":"https:\/\/ceasuri.md\/ru\/wp-json\/wp\/v2\/product"}],"about":[{"href":"https:\/\/ceasuri.md\/ru\/wp-json\/wp\/v2\/types\/product"}],"replies":[{"embeddable":true,"href":"https:\/\/ceasuri.md\/ru\/wp-json\/wp\/v2\/comments?post=53175"}],"wp:featuredmedia":[{"embeddable":true,"href":"https:\/\/ceasuri.md\/ru\/wp-json\/wp\/v2\/media\/53176"}],"wp:attachment":[{"href":"https:\/\/ceasuri.md\/ru\/wp-json\/wp\/v2\/media?parent=53175"}],"wp:term":[{"taxonomy":"product_brand","embeddable":true,"href":"https:\/\/ceasuri.md\/ru\/wp-json\/wp\/v2\/product_brand?post=53175"},{"taxonomy":"product_cat","embeddable":true,"href":"https:\/\/ceasuri.md\/ru\/wp-json\/wp\/v2\/product_cat?post=53175"},{"taxonomy":"product_tag","embeddable":true,"href":"https:\/\/ceasuri.md\/ru\/wp-json\/wp\/v2\/product_tag?post=53175"}],"curies":[{"name":"wp","href":"https:\/\/api.w.org\/{rel}","templated":true}]}}